{"id":4346,"date":"2024-05-02T20:13:16","date_gmt":"2024-05-02T19:13:16","guid":{"rendered":"https:\/\/farmaciasavenidaderoma.com\/?post_type=product&#038;p=4346"},"modified":"2024-05-02T20:13:16","modified_gmt":"2024-05-02T19:13:16","slug":"herbatint","status":"publish","type":"product","link":"https:\/\/farmaciasavenidaderoma.com\/?product=herbatint","title":{"rendered":"Herbatint"},"content":{"rendered":"<p>A marca Herbatint apresenta uma gama de Cosm\u00e9tica natural para Colorar o seu cabelo com o super ingredientes naturais, e est\u00e1 dispon\u00edvel na sua loja de produtos naturais Lifenatura.<\/p>\n<p>A marca Herbatint \u00e9 inspirada pela natureza, criada para real\u00e7ar a beleza, cuidando do cabelo. \u00c9 a colora\u00e7\u00e3o permanente em gel sem amon\u00edaco e que cont\u00e9m 8 extratos vegetais biol\u00f3gicos e que cobre 100% dos cabelos grisalhos para proporcionar um resultado natural e intenso, rico em reflexos.<\/p>\n<p>A marca apresenta cores e tons para oferecer a cada mulher a cor que exprime melhor a sua personalidade. D\u00ea brilho e um visual natural ao seu cabelo nutrindo-o sem o sobrecarregar.<\/p>\n<p>&nbsp;<\/p>\n","protected":false},"excerpt":{"rendered":"<p>A marca Herbatint apresenta uma gama de Cosm\u00e9tica natural para Colorar o seu cabelo com o super ingredientes naturais, e est\u00e1 dispon\u00edvel na sua loja&hellip;<\/p>\n","protected":false},"featured_media":4347,"template":"","meta":{"_eb_attr":""},"product_cat":[33],"product_tag":[72],"class_list":{"0":"post-4346","1":"product","2":"type-product","3":"status-publish","4":"has-post-thumbnail","6":"product_cat-campanhas","7":"product_tag-cabelo","9":"first","10":"instock","11":"sale","12":"shipping-taxable","13":"purchasable","14":"product-type-simple","15":"customify-col"},"aioseo_notices":[],"_links":{"self":[{"href":"https:\/\/farmaciasavenidaderoma.com\/index.php?rest_route=\/wp\/v2\/product\/4346","targetHints":{"allow":["GET"]}}],"collection":[{"href":"https:\/\/farmaciasavenidaderoma.com\/index.php?rest_route=\/wp\/v2\/product"}],"about":[{"href":"https:\/\/farmaciasavenidaderoma.com\/index.php?rest_route=\/wp\/v2\/types\/product"}],"wp:featuredmedia":[{"embeddable":true,"href":"https:\/\/farmaciasavenidaderoma.com\/index.php?rest_route=\/wp\/v2\/media\/4347"}],"wp:attachment":[{"href":"https:\/\/farmaciasavenidaderoma.com\/index.php?rest_route=%2Fwp%2Fv2%2Fmedia&parent=4346"}],"wp:term":[{"taxonomy":"product_cat","embeddable":true,"href":"https:\/\/farmaciasavenidaderoma.com\/index.php?rest_route=%2Fwp%2Fv2%2Fproduct_cat&post=4346"},{"taxonomy":"product_tag","embeddable":true,"href":"https:\/\/farmaciasavenidaderoma.com\/index.php?rest_route=%2Fwp%2Fv2%2Fproduct_tag&post=4346"}],"curies":[{"name":"wp","href":"https:\/\/api.w.org\/{rel}","templated":true}]}}