{"id":4103,"date":"2024-04-23T16:37:40","date_gmt":"2024-04-23T15:37:40","guid":{"rendered":"https:\/\/farmaciasavenidaderoma.com\/?post_type=product&#038;p=4103"},"modified":"2024-04-23T16:37:40","modified_gmt":"2024-04-23T15:37:40","slug":"isdin-lambdapil-antiqueda-60-capsulas","status":"publish","type":"product","link":"https:\/\/farmaciasavenidaderoma.com\/?product=isdin-lambdapil-antiqueda-60-capsulas","title":{"rendered":"Isdin Lambdapil Antiqueda 60 C\u00e1psulas"},"content":{"rendered":"<p><b><i>Lambdapil Antica\u00edda C\u00e1psulas,\u00a0<\/i><\/b>\u00e9 um suplemento alimentar para a queda do cabelo e recuperar a vitalidade o mais depressa poss\u00edvel.<\/p>\n<p>\u2022 Mant\u00e9m o cabelo saud\u00e1vel gra\u00e7as \u00e0 L-cistina, Taurina, Sil\u00edcio, Zinco e Biotina;<br \/>\n\u2022 Evita a regress\u00e3o dos fol\u00edculos pilosos e contribui para a redu\u00e7\u00e3o da secre\u00e7\u00e3o seb\u00e1cea gra\u00e7as \u00e0 Serenoa repens;<br \/>\n\u2022 Contribui para a s\u00edntese de prote\u00ednas como a queratina, fundamental para o crescimento do cabelo, e protege as c\u00e9lulas dos radicais livres gra\u00e7as ao seu conte\u00fado em Zinco;<br \/>\n\u2022 Ajuda na manuten\u00e7\u00e3o e conserva\u00e7\u00e3o natural do cabelo, gra\u00e7as \u00e0 Biotina;<\/p>\n<p><b><i>Modo de Utiliza\u00e7\u00e3o:\u00a0<\/i><\/b>Tomar 2 c\u00e1psulas por dia, ao pequeno-almo\u00e7o, durante um per\u00edodo m\u00ednimo de 3 meses.<\/p>\n","protected":false},"excerpt":{"rendered":"<p>Lambdapil Antica\u00edda C\u00e1psulas,\u00a0\u00e9 um suplemento alimentar para a queda do cabelo e recuperar a vitalidade o mais depressa poss\u00edvel. \u2022 Mant\u00e9m o cabelo saud\u00e1vel gra\u00e7as&hellip;<\/p>\n","protected":false},"featured_media":4104,"template":"","meta":{"_eb_attr":""},"product_cat":[15,33,25],"product_tag":[72],"class_list":{"0":"post-4103","1":"product","2":"type-product","3":"status-publish","4":"has-post-thumbnail","6":"product_cat-geral","7":"product_cat-campanhas","8":"product_cat-suplementos","9":"product_tag-cabelo","11":"first","12":"instock","13":"sale","14":"shipping-taxable","15":"purchasable","16":"product-type-simple","17":"customify-col"},"aioseo_notices":[],"_links":{"self":[{"href":"https:\/\/farmaciasavenidaderoma.com\/index.php?rest_route=\/wp\/v2\/product\/4103","targetHints":{"allow":["GET"]}}],"collection":[{"href":"https:\/\/farmaciasavenidaderoma.com\/index.php?rest_route=\/wp\/v2\/product"}],"about":[{"href":"https:\/\/farmaciasavenidaderoma.com\/index.php?rest_route=\/wp\/v2\/types\/product"}],"wp:featuredmedia":[{"embeddable":true,"href":"https:\/\/farmaciasavenidaderoma.com\/index.php?rest_route=\/wp\/v2\/media\/4104"}],"wp:attachment":[{"href":"https:\/\/farmaciasavenidaderoma.com\/index.php?rest_route=%2Fwp%2Fv2%2Fmedia&parent=4103"}],"wp:term":[{"taxonomy":"product_cat","embeddable":true,"href":"https:\/\/farmaciasavenidaderoma.com\/index.php?rest_route=%2Fwp%2Fv2%2Fproduct_cat&post=4103"},{"taxonomy":"product_tag","embeddable":true,"href":"https:\/\/farmaciasavenidaderoma.com\/index.php?rest_route=%2Fwp%2Fv2%2Fproduct_tag&post=4103"}],"curies":[{"name":"wp","href":"https:\/\/api.w.org\/{rel}","templated":true}]}}