{"id":4098,"date":"2024-04-23T16:37:39","date_gmt":"2024-04-23T15:37:39","guid":{"rendered":"https:\/\/farmaciasavenidaderoma.com\/?post_type=product&#038;p=4098"},"modified":"2024-04-23T16:37:39","modified_gmt":"2024-04-23T15:37:39","slug":"isdin-lambdapil-locao-capilar-antiqueda-20-unidades","status":"publish","type":"product","link":"https:\/\/farmaciasavenidaderoma.com\/?product=isdin-lambdapil-locao-capilar-antiqueda-20-unidades","title":{"rendered":"Isdin Lambdapil Lo\u00e7\u00e3o Capilar Antiqueda 20 unidades"},"content":{"rendered":"<p>Tratamento da alop\u00e9cia androg\u00e9nica e difusa, masculina e feminina.<\/p>\n<p>Primeira f\u00f3rmula patenteada com 3 pr\u00edncipios ativos que atuam criando um microambiente protetor do fol\u00edculo piloso.<\/p>\n<p>Promove o crescimento de novos cabelos, favorece a fase anag\u00e9nica e atrasa a apoptose celular gra\u00e7as \u00e0 melatonina, um poderoso antioxidante que neutraliza os radicais livres.<\/p>\n<p>Ativa o fol\u00edculo piloso, melhorando o aporte de nutrientes gra\u00e7as ao Gingko biloba.<\/p>\n<p>Nutre e fortalece. Melhora a estrutura e aumenta a espessura do cabelo gra\u00e7as ao seu conte\u00fado em Biotina.<\/p>\n","protected":false},"excerpt":{"rendered":"<p>Tratamento da alop\u00e9cia androg\u00e9nica e difusa, masculina e feminina. Primeira f\u00f3rmula patenteada com 3 pr\u00edncipios ativos que atuam criando um microambiente protetor do fol\u00edculo piloso.&hellip;<\/p>\n","protected":false},"featured_media":4099,"template":"","meta":{"_eb_attr":""},"product_cat":[15,33],"product_tag":[72],"class_list":{"0":"post-4098","1":"product","2":"type-product","3":"status-publish","4":"has-post-thumbnail","6":"product_cat-geral","7":"product_cat-campanhas","8":"product_tag-cabelo","10":"first","11":"instock","12":"sale","13":"shipping-taxable","14":"purchasable","15":"product-type-simple","16":"customify-col"},"aioseo_notices":[],"_links":{"self":[{"href":"https:\/\/farmaciasavenidaderoma.com\/index.php?rest_route=\/wp\/v2\/product\/4098","targetHints":{"allow":["GET"]}}],"collection":[{"href":"https:\/\/farmaciasavenidaderoma.com\/index.php?rest_route=\/wp\/v2\/product"}],"about":[{"href":"https:\/\/farmaciasavenidaderoma.com\/index.php?rest_route=\/wp\/v2\/types\/product"}],"wp:featuredmedia":[{"embeddable":true,"href":"https:\/\/farmaciasavenidaderoma.com\/index.php?rest_route=\/wp\/v2\/media\/4099"}],"wp:attachment":[{"href":"https:\/\/farmaciasavenidaderoma.com\/index.php?rest_route=%2Fwp%2Fv2%2Fmedia&parent=4098"}],"wp:term":[{"taxonomy":"product_cat","embeddable":true,"href":"https:\/\/farmaciasavenidaderoma.com\/index.php?rest_route=%2Fwp%2Fv2%2Fproduct_cat&post=4098"},{"taxonomy":"product_tag","embeddable":true,"href":"https:\/\/farmaciasavenidaderoma.com\/index.php?rest_route=%2Fwp%2Fv2%2Fproduct_tag&post=4098"}],"curies":[{"name":"wp","href":"https:\/\/api.w.org\/{rel}","templated":true}]}}