{"id":4094,"date":"2024-04-23T16:37:39","date_gmt":"2024-04-23T15:37:39","guid":{"rendered":"https:\/\/farmaciasavenidaderoma.com\/?post_type=product&#038;p=4094"},"modified":"2024-04-23T16:37:39","modified_gmt":"2024-04-23T15:37:39","slug":"isdin-lambdapil-5-alfa-plus-60-capsulas","status":"publish","type":"product","link":"https:\/\/farmaciasavenidaderoma.com\/?product=isdin-lambdapil-5-alfa-plus-60-capsulas","title":{"rendered":"Isdin Lambdapil 5 Alfa Plus 60 C\u00e1psulas"},"content":{"rendered":"<div class=\"py-4 border-bottom\" data-v-b10c057c=\"\">\n<div class=\"px-4\" data-v-b10c057c=\"\">\n<div id=\"collapse-0\" class=\"collapse show\" data-v-b10c057c=\"\">\n<div class=\"fs-14 text-gray-700 font-alt mt-4\" data-v-b10c057c=\"\">\n<p><strong>Lambdapil 5 Alfa Plus 60 C\u00e1psulas.<\/strong>\u00a0\u00a0Suplemento alimentar espec\u00edfico para cabelos. A sua formula\u00e7\u00e3o inclui, entre outros,<em>\u00a0Serenoa repens, Cucurbita pepo e Pygeum africanum<\/em>. S\u00e3o extratos vegetais que conseguem inibir a enzima 5 alfa redutase, respons\u00e1vel pela queda de cabelo.Formula\u00e7\u00e3o principal:<\/p>\n<ul>\n<li>\u00a0L-cistina: faz parte da queratina, por isso ajuda a formar os tecidos capilares.<\/li>\n<\/ul>\n<ul>\n<li>\u00a0Vitamina B6: ajuda a regular a atividade dos horm\u00f4nios.<\/li>\n<\/ul>\n<ul>\n<li>\u00a0 Biotina: ajuda a prevenir a queda de cabelo.<\/li>\n<\/ul>\n<ul>\n<li>\u00a0 Zinco: efeito antioxidante para proteger as c\u00e9lulas e ajuda a manter a formula\u00e7\u00e3o de DNA e prote\u00ednas.<\/li>\n<\/ul>\n<\/div>\n<\/div>\n<\/div>\n<\/div>\n<div class=\"py-4 border-bottom\" data-v-b10c057c=\"\">\n<div class=\"px-4\" data-v-b10c057c=\"\">\n<div class=\"font-weight-bolder shadow-none text-gray-850 fs-18 text-capitalize d-flex justify-content-between align-items-center not-collapsed\" role=\"button\" data-v-b10c057c=\"\" aria-expanded=\"true\" aria-controls=\"collapse-1\"><span data-v-b10c057c=\"\"><i class=\"icon-ldf-success text-primary\" data-v-b10c057c=\"\"><\/i>\u00a0Como Utilizar<\/span><i class=\"icon icon-arrow-right text-gray-400\" data-v-b10c057c=\"\"><\/i><\/div>\n<div id=\"collapse-1\" class=\"collapse show\" data-v-b10c057c=\"\">\n<div class=\"fs-14 text-gray-700 font-alt mt-4\" data-v-b10c057c=\"\">\n<p>Tomar uma c\u00e1psula por dia durante o pequeno-almo\u00e7o.<\/p>\n<p>Tratamento de no m\u00ednimo 3 meses. Consumir com bastante l\u00edquido.<\/p>\n<\/div>\n<\/div>\n<\/div>\n<\/div>\n","protected":false},"excerpt":{"rendered":"<p>Lambdapil 5 Alfa Plus 60 C\u00e1psulas.\u00a0\u00a0Suplemento alimentar espec\u00edfico para cabelos. A sua formula\u00e7\u00e3o inclui, entre outros,\u00a0Serenoa repens, Cucurbita pepo e Pygeum africanum. S\u00e3o extratos vegetais&hellip;<\/p>\n","protected":false},"featured_media":4095,"template":"","meta":{"_eb_attr":""},"product_cat":[15,33,25],"product_tag":[72],"class_list":{"0":"post-4094","1":"product","2":"type-product","3":"status-publish","4":"has-post-thumbnail","6":"product_cat-geral","7":"product_cat-campanhas","8":"product_cat-suplementos","9":"product_tag-cabelo","11":"first","12":"instock","13":"sale","14":"shipping-taxable","15":"purchasable","16":"product-type-simple","17":"customify-col"},"aioseo_notices":[],"_links":{"self":[{"href":"https:\/\/farmaciasavenidaderoma.com\/index.php?rest_route=\/wp\/v2\/product\/4094","targetHints":{"allow":["GET"]}}],"collection":[{"href":"https:\/\/farmaciasavenidaderoma.com\/index.php?rest_route=\/wp\/v2\/product"}],"about":[{"href":"https:\/\/farmaciasavenidaderoma.com\/index.php?rest_route=\/wp\/v2\/types\/product"}],"wp:featuredmedia":[{"embeddable":true,"href":"https:\/\/farmaciasavenidaderoma.com\/index.php?rest_route=\/wp\/v2\/media\/4095"}],"wp:attachment":[{"href":"https:\/\/farmaciasavenidaderoma.com\/index.php?rest_route=%2Fwp%2Fv2%2Fmedia&parent=4094"}],"wp:term":[{"taxonomy":"product_cat","embeddable":true,"href":"https:\/\/farmaciasavenidaderoma.com\/index.php?rest_route=%2Fwp%2Fv2%2Fproduct_cat&post=4094"},{"taxonomy":"product_tag","embeddable":true,"href":"https:\/\/farmaciasavenidaderoma.com\/index.php?rest_route=%2Fwp%2Fv2%2Fproduct_tag&post=4094"}],"curies":[{"name":"wp","href":"https:\/\/api.w.org\/{rel}","templated":true}]}}