{"id":4000,"date":"2024-04-17T16:49:29","date_gmt":"2024-04-17T15:49:29","guid":{"rendered":"https:\/\/farmaciasavenidaderoma.com\/?post_type=product&#038;p=4000"},"modified":"2024-04-22T17:39:36","modified_gmt":"2024-04-22T16:39:36","slug":"dercos-aminexil-clinical-mulher-ampolas","status":"publish","type":"product","link":"https:\/\/farmaciasavenidaderoma.com\/?product=dercos-aminexil-clinical-mulher-ampolas","title":{"rendered":"Dercos Aminexil Clinical Mulher Ampolas"},"content":{"rendered":"<p>Associa\u00e7\u00e3o exclusiva de Aminexil,mol\u00e9cula antiqueda de refer\u00eancia com efic\u00e1cia clinicamente comprovada, com 5 ativos, numa f\u00f3rmula para uma a\u00e7\u00e3o completa.<\/p>\n<p>Favorece a fixa\u00e7\u00e3o da ra\u00edz e uma fibra forte e resistente at\u00e9 \u00e0s pontas.<\/p>\n<p>Reduz os microdesequil\u00edbrios do couro cabeludo e refor\u00e7a a sua capacidade de resist\u00eancia.<\/p>\n<p>Toler\u00e2ncia \u00f3tima. Hipoalerg\u00e9nico. Testado em couro cabeludo sens\u00edvel.<\/p>\n<p><u>Tratamento intensivo:\u00a0<\/u>1 monodose por dia durante 6 semanas. Pode ser aplicado sobre o cabelo seco ou molhado.<\/p>\n<p><u>Tratamento de manuten\u00e7\u00e3o:<\/u>\u00a03 monodoses por semana.<\/p>\n","protected":false},"excerpt":{"rendered":"<p>Associa\u00e7\u00e3o exclusiva de Aminexil,mol\u00e9cula antiqueda de refer\u00eancia com efic\u00e1cia clinicamente comprovada, com 5 ativos, numa f\u00f3rmula para uma a\u00e7\u00e3o completa. Favorece a fixa\u00e7\u00e3o da ra\u00edz&hellip;<\/p>\n","protected":false},"featured_media":4001,"template":"","meta":{"_eb_attr":""},"product_cat":[15,33],"product_tag":[72],"class_list":{"0":"post-4000","1":"product","2":"type-product","3":"status-publish","4":"has-post-thumbnail","6":"product_cat-geral","7":"product_cat-campanhas","8":"product_tag-cabelo","10":"first","11":"instock","12":"sale","13":"shipping-taxable","14":"purchasable","15":"product-type-simple","16":"customify-col"},"aioseo_notices":[],"_links":{"self":[{"href":"https:\/\/farmaciasavenidaderoma.com\/index.php?rest_route=\/wp\/v2\/product\/4000","targetHints":{"allow":["GET"]}}],"collection":[{"href":"https:\/\/farmaciasavenidaderoma.com\/index.php?rest_route=\/wp\/v2\/product"}],"about":[{"href":"https:\/\/farmaciasavenidaderoma.com\/index.php?rest_route=\/wp\/v2\/types\/product"}],"wp:featuredmedia":[{"embeddable":true,"href":"https:\/\/farmaciasavenidaderoma.com\/index.php?rest_route=\/wp\/v2\/media\/4001"}],"wp:attachment":[{"href":"https:\/\/farmaciasavenidaderoma.com\/index.php?rest_route=%2Fwp%2Fv2%2Fmedia&parent=4000"}],"wp:term":[{"taxonomy":"product_cat","embeddable":true,"href":"https:\/\/farmaciasavenidaderoma.com\/index.php?rest_route=%2Fwp%2Fv2%2Fproduct_cat&post=4000"},{"taxonomy":"product_tag","embeddable":true,"href":"https:\/\/farmaciasavenidaderoma.com\/index.php?rest_route=%2Fwp%2Fv2%2Fproduct_tag&post=4000"}],"curies":[{"name":"wp","href":"https:\/\/api.w.org\/{rel}","templated":true}]}}