{"id":3887,"date":"2024-04-17T16:53:01","date_gmt":"2024-04-17T15:53:01","guid":{"rendered":"https:\/\/farmaciasavenidaderoma.com\/?post_type=product&#038;p=3887"},"modified":"2024-04-22T17:25:40","modified_gmt":"2024-04-22T16:25:40","slug":"aveeno-creme-corpo-hidratante-300ml","status":"publish","type":"product","link":"https:\/\/farmaciasavenidaderoma.com\/?product=aveeno-creme-corpo-hidratante-300ml","title":{"rendered":"Aveeno Creme Corpo Hidratante 300ml"},"content":{"rendered":"<p>Creme de corpo com a\u00e7\u00e3o hidratante e calmante. De r\u00e1pida absor\u00e7\u00e3o e textura n\u00e3o colante, contribui para o equil\u00edbrio cut\u00e2neo regulando a microflora e o pH da pele, ao mesmo tempo que hidrata em profundidade e reestabelece o filme hidrolip\u00eddico. Ainda, a aveia coloidal contribui para uma a\u00e7\u00e3o calmante, prevenindo irrita\u00e7\u00f5es e vermelhid\u00e3o.<\/p>\n<p>Indicado desde o nascimento, para a pele seca e sens\u00edvel.<\/p>\n<p>Aplique\u00a0<strong>Aveeno Creme Corpo Hidratante\u00a0<\/strong>na pele limpa e seca, massajando de forma suave at\u00e9 absor\u00e7\u00e3o completa. Repita as vezes necess\u00e1rias.<\/p>\n","protected":false},"excerpt":{"rendered":"<p>Creme de corpo com a\u00e7\u00e3o hidratante e calmante. De r\u00e1pida absor\u00e7\u00e3o e textura n\u00e3o colante, contribui para o equil\u00edbrio cut\u00e2neo regulando a microflora e o&hellip;<\/p>\n","protected":false},"featured_media":3888,"template":"","meta":{"_eb_attr":""},"product_cat":[15,33,24],"product_tag":[71],"class_list":{"0":"post-3887","1":"product","2":"type-product","3":"status-publish","4":"has-post-thumbnail","6":"product_cat-geral","7":"product_cat-campanhas","8":"product_cat-derma","9":"product_tag-corpo","11":"first","12":"instock","13":"sale","14":"shipping-taxable","15":"purchasable","16":"product-type-simple","17":"customify-col"},"aioseo_notices":[],"_links":{"self":[{"href":"https:\/\/farmaciasavenidaderoma.com\/index.php?rest_route=\/wp\/v2\/product\/3887","targetHints":{"allow":["GET"]}}],"collection":[{"href":"https:\/\/farmaciasavenidaderoma.com\/index.php?rest_route=\/wp\/v2\/product"}],"about":[{"href":"https:\/\/farmaciasavenidaderoma.com\/index.php?rest_route=\/wp\/v2\/types\/product"}],"wp:featuredmedia":[{"embeddable":true,"href":"https:\/\/farmaciasavenidaderoma.com\/index.php?rest_route=\/wp\/v2\/media\/3888"}],"wp:attachment":[{"href":"https:\/\/farmaciasavenidaderoma.com\/index.php?rest_route=%2Fwp%2Fv2%2Fmedia&parent=3887"}],"wp:term":[{"taxonomy":"product_cat","embeddable":true,"href":"https:\/\/farmaciasavenidaderoma.com\/index.php?rest_route=%2Fwp%2Fv2%2Fproduct_cat&post=3887"},{"taxonomy":"product_tag","embeddable":true,"href":"https:\/\/farmaciasavenidaderoma.com\/index.php?rest_route=%2Fwp%2Fv2%2Fproduct_tag&post=3887"}],"curies":[{"name":"wp","href":"https:\/\/api.w.org\/{rel}","templated":true}]}}