{"id":3596,"date":"2024-04-23T16:56:44","date_gmt":"2024-04-23T15:56:44","guid":{"rendered":"https:\/\/farmaciasavenidaderoma.com\/?post_type=product&#038;p=3596"},"modified":"2024-04-24T10:09:27","modified_gmt":"2024-04-24T09:09:27","slug":"advancis-bacilpro-total-20-caps","status":"publish","type":"product","link":"https:\/\/farmaciasavenidaderoma.com\/?product=advancis-bacilpro-total-20-caps","title":{"rendered":"Advancis Bacilpro Total 20 caps"},"content":{"rendered":"<div class=\"py-4 border-bottom\" data-v-b10c057c=\"\">\n<div class=\"px-4\" data-v-b10c057c=\"\">\n<div id=\"collapse-0\" class=\"collapse show\" data-v-b10c057c=\"\">\n<div class=\"fs-14 text-gray-700 font-alt mt-4\" data-v-b10c057c=\"\">\n<p><strong>Advancis Bacilpro Total\u00a0<\/strong>\u00e9 um suplemento alimentar em c\u00e1psulas, com estirpes de microorganismos criteriosamente selecionados.<\/p>\n<ul>\n<li>A sua f\u00f3rmula foi ainda refor\u00e7ada com as vitaminas B1, B2 e B6. A vitamina B6 contribui para o normal funcionamento do sistema imunit\u00e1rio e a vitamina B2 contribui para a manuten\u00e7\u00e3o de mucosas normais.<\/li>\n<li>Recomendado em situa\u00e7\u00f5es de altera\u00e7\u00e3o da flora intestinal.<\/li>\n<li>Possui boa resist\u00eancia \u00e0 passagem por todo o trato gastrointestinal e elevada capacidade de ades\u00e3o \u00e0 mucosa intestinal, o que garante a sua presen\u00e7a em quantidade adequada no local de a\u00e7\u00e3o.<\/li>\n<\/ul>\n<\/div>\n<\/div>\n<\/div>\n<\/div>\n<div class=\"py-4 border-bottom\" data-v-b10c057c=\"\">\n<div class=\"px-4\" data-v-b10c057c=\"\">\n<div class=\"font-weight-bolder shadow-none text-gray-850 fs-18 text-capitalize d-flex justify-content-between align-items-center not-collapsed\" role=\"button\" data-v-b10c057c=\"\" aria-expanded=\"true\" aria-controls=\"collapse-1\"><span data-v-b10c057c=\"\"><i class=\"icon-ldf-success text-primary\" data-v-b10c057c=\"\"><\/i>\u00a0Como Utilizar<\/span><i class=\"icon icon-arrow-right text-gray-400\" data-v-b10c057c=\"\"><\/i><\/div>\n<div id=\"collapse-1\" class=\"collapse show\" data-v-b10c057c=\"\">\n<div class=\"fs-14 text-gray-700 font-alt mt-4\" data-v-b10c057c=\"\">\n<p>Adultos e crian\u00e7as a partir dos 3 anos de idade: tomar 1 c\u00e1psula 2 vezes por dia. Em caso de maior necessidade: tomar 1 c\u00e1psula 3 vezes por dia.<\/p>\n<\/div>\n<\/div>\n<\/div>\n<\/div>\n","protected":false},"excerpt":{"rendered":"<p>Advancis Bacilpro Total\u00a0\u00e9 um suplemento alimentar em c\u00e1psulas, com estirpes de microorganismos criteriosamente selecionados. A sua f\u00f3rmula foi ainda refor\u00e7ada com as vitaminas B1, B2&hellip;<\/p>\n","protected":false},"featured_media":3597,"template":"","meta":{"_eb_attr":""},"product_cat":[15,33,25],"product_tag":[86],"class_list":{"0":"post-3596","1":"product","2":"type-product","3":"status-publish","4":"has-post-thumbnail","6":"product_cat-geral","7":"product_cat-campanhas","8":"product_cat-suplementos","9":"product_tag-sistema-digestivo","11":"first","12":"instock","13":"sale","14":"shipping-taxable","15":"purchasable","16":"product-type-simple","17":"customify-col"},"aioseo_notices":[],"_links":{"self":[{"href":"https:\/\/farmaciasavenidaderoma.com\/index.php?rest_route=\/wp\/v2\/product\/3596","targetHints":{"allow":["GET"]}}],"collection":[{"href":"https:\/\/farmaciasavenidaderoma.com\/index.php?rest_route=\/wp\/v2\/product"}],"about":[{"href":"https:\/\/farmaciasavenidaderoma.com\/index.php?rest_route=\/wp\/v2\/types\/product"}],"wp:featuredmedia":[{"embeddable":true,"href":"https:\/\/farmaciasavenidaderoma.com\/index.php?rest_route=\/wp\/v2\/media\/3597"}],"wp:attachment":[{"href":"https:\/\/farmaciasavenidaderoma.com\/index.php?rest_route=%2Fwp%2Fv2%2Fmedia&parent=3596"}],"wp:term":[{"taxonomy":"product_cat","embeddable":true,"href":"https:\/\/farmaciasavenidaderoma.com\/index.php?rest_route=%2Fwp%2Fv2%2Fproduct_cat&post=3596"},{"taxonomy":"product_tag","embeddable":true,"href":"https:\/\/farmaciasavenidaderoma.com\/index.php?rest_route=%2Fwp%2Fv2%2Fproduct_tag&post=3596"}],"curies":[{"name":"wp","href":"https:\/\/api.w.org\/{rel}","templated":true}]}}