{"id":3594,"date":"2024-04-23T16:56:44","date_gmt":"2024-04-23T15:56:44","guid":{"rendered":"https:\/\/farmaciasavenidaderoma.com\/?post_type=product&#038;p=3594"},"modified":"2024-04-24T10:10:46","modified_gmt":"2024-04-24T09:10:46","slug":"advancis-bacilpro-mood-30-caps","status":"publish","type":"product","link":"https:\/\/farmaciasavenidaderoma.com\/?product=advancis-bacilpro-mood-30-caps","title":{"rendered":"Advancis Bacilpro Mood 30 caps"},"content":{"rendered":"<div class=\"py-4 border-bottom\" data-v-b10c057c=\"\">\n<div class=\"px-4\" data-v-b10c057c=\"\">\n<div id=\"collapse-0\" class=\"collapse show\" data-v-b10c057c=\"\">\n<div class=\"fs-14 text-gray-700 font-alt mt-4\" data-v-b10c057c=\"\">\n<p><strong>Advancis\u00ae BacilPro Mood<\/strong>\u00a0\u00e9 um suplemento alimentar em c\u00e1psulas, que cont\u00e9m na sua composi\u00e7\u00e3o S-adenosil-L-metonina (SAMe), refor\u00e7ado com vitamina B6 e a estirpe\u00a0<em>Lactobacillus plantarum.<\/em><\/p>\n<p><strong>Advancis\u00ae BacilPro Mood<\/strong>\u00a0\u00e9 um suplemento alimentar. N\u00e3o deve ser utilizado como substituto de um regime alimentar variado e equilibrado e de um modo de vida saud\u00e1vel. A Vitamina B6 contribui para um normal funcionamento do sistema nervoso e para uma normal fun\u00e7\u00e3o psicol\u00f3gica, e ainda para a redu\u00e7\u00e3o do cansa\u00e7o e da fadiga. A vitamina B6 contribui para o normal funcionamento do sistema imunit\u00e1rio. Uma dose di\u00e1ria de Advancis\u00ae BacilPro Mood fornece a quantidade significativa da dose di\u00e1ria recomendada para se produzirem os efeitos ben\u00e9ficos alegados para as Vitaminas B6.<\/p>\n<\/div>\n<\/div>\n<\/div>\n<\/div>\n<div class=\"py-4 border-bottom\" data-v-b10c057c=\"\">\n<div class=\"px-4\" data-v-b10c057c=\"\">\n<div class=\"font-weight-bolder shadow-none text-gray-850 fs-18 text-capitalize d-flex justify-content-between align-items-center not-collapsed\" role=\"button\" data-v-b10c057c=\"\" aria-expanded=\"true\" aria-controls=\"collapse-1\"><span data-v-b10c057c=\"\"><i class=\"icon-ldf-success text-primary\" data-v-b10c057c=\"\"><\/i>\u00a0Como Utilizar<\/span><i class=\"icon icon-arrow-right text-gray-400\" data-v-b10c057c=\"\"><\/i><\/div>\n<div id=\"collapse-1\" class=\"collapse show\" data-v-b10c057c=\"\">\n<div class=\"fs-14 text-gray-700 font-alt mt-4\" data-v-b10c057c=\"\">\n<p>Tomar 1 c\u00e1psula por dia.<\/p>\n<\/div>\n<\/div>\n<\/div>\n<\/div>\n","protected":false},"excerpt":{"rendered":"<p>Advancis\u00ae BacilPro Mood\u00a0\u00e9 um suplemento alimentar em c\u00e1psulas, que cont\u00e9m na sua composi\u00e7\u00e3o S-adenosil-L-metonina (SAMe), refor\u00e7ado com vitamina B6 e a estirpe\u00a0Lactobacillus plantarum. Advancis\u00ae BacilPro&hellip;<\/p>\n","protected":false},"featured_media":3595,"template":"","meta":{"_eb_attr":""},"product_cat":[15,33,25],"product_tag":[86],"class_list":{"0":"post-3594","1":"product","2":"type-product","3":"status-publish","4":"has-post-thumbnail","6":"product_cat-geral","7":"product_cat-campanhas","8":"product_cat-suplementos","9":"product_tag-sistema-digestivo","11":"first","12":"instock","13":"sale","14":"shipping-taxable","15":"purchasable","16":"product-type-simple","17":"customify-col"},"aioseo_notices":[],"_links":{"self":[{"href":"https:\/\/farmaciasavenidaderoma.com\/index.php?rest_route=\/wp\/v2\/product\/3594","targetHints":{"allow":["GET"]}}],"collection":[{"href":"https:\/\/farmaciasavenidaderoma.com\/index.php?rest_route=\/wp\/v2\/product"}],"about":[{"href":"https:\/\/farmaciasavenidaderoma.com\/index.php?rest_route=\/wp\/v2\/types\/product"}],"wp:featuredmedia":[{"embeddable":true,"href":"https:\/\/farmaciasavenidaderoma.com\/index.php?rest_route=\/wp\/v2\/media\/3595"}],"wp:attachment":[{"href":"https:\/\/farmaciasavenidaderoma.com\/index.php?rest_route=%2Fwp%2Fv2%2Fmedia&parent=3594"}],"wp:term":[{"taxonomy":"product_cat","embeddable":true,"href":"https:\/\/farmaciasavenidaderoma.com\/index.php?rest_route=%2Fwp%2Fv2%2Fproduct_cat&post=3594"},{"taxonomy":"product_tag","embeddable":true,"href":"https:\/\/farmaciasavenidaderoma.com\/index.php?rest_route=%2Fwp%2Fv2%2Fproduct_tag&post=3594"}],"curies":[{"name":"wp","href":"https:\/\/api.w.org\/{rel}","templated":true}]}}