{"id":3581,"date":"2024-04-23T16:56:45","date_gmt":"2024-04-23T15:56:45","guid":{"rendered":"https:\/\/farmaciasavenidaderoma.com\/?post_type=product&#038;p=3581"},"modified":"2024-04-24T10:08:45","modified_gmt":"2024-04-24T09:08:45","slug":"advancis-agellai-lift-plus-po-300g","status":"publish","type":"product","link":"https:\/\/farmaciasavenidaderoma.com\/?product=advancis-agellai-lift-plus-po-300g","title":{"rendered":"Advancis Agellai Lift Plus P\u00f3 300g"},"content":{"rendered":"<div class=\"py-4 border-bottom\" data-v-b10c057c=\"\">\n<div class=\"px-4\" data-v-b10c057c=\"\">\n<div id=\"collapse-0\" class=\"collapse show\" data-v-b10c057c=\"\">\n<div class=\"fs-14 text-gray-700 font-alt mt-4\" data-v-b10c057c=\"\">\n<p><strong>Advancis\u00ae\u00a0Agellai Lift Plus\u00a0<\/strong>\u00e9 um suplemento alimentar que cont\u00e9m na sua composi\u00e7\u00e3o Colag\u00e9nio, \u00c1cido Hialur\u00f3nico, Vitamina C, Vitamina D, Glucosamina, MSM e Maca.<\/p>\n<p><strong>COLAG\u00c9NIO\u00a0<\/strong>O colag\u00e9nio \u00e9 uma prote\u00edna que fornece\u00a0<strong>suporte estrutural aos tecidos como a pele,<\/strong>\u00a0os tend\u00f5es, ossos e cartilagem. \u00c0 medida que envelhecemos, o colag\u00e9nio torna-se fragmentado e a sua produ\u00e7\u00e3o diminui.<\/p>\n<p><strong>GLUCOSAMINA E CONDROITINA\u00a0<\/strong>A Glucosamina e Condroitina s\u00e3o componentes estruturais da cartilagem, tecido que amortece as articula\u00e7\u00f5es,s e ambos s\u00e3o produzidos naturalmente pelo nosso organismo. Ao longo do tempo, a sua produ\u00e7\u00e3o vai diminuindo.<\/p>\n<p><strong>VITAMINA C\u00a0<\/strong>A vitamina C tem propriedades\u00a0<strong>antioxidantes<\/strong>\u00a0e contribui para a normal\u00a0<strong>forma\u00e7\u00e3o de colag\u00e9nio<\/strong>\u00a0para funcionamento normal dos\u00a0<strong>ossos e das cartilagens<\/strong>.<\/p>\n<p><strong>MAGN\u00c9SIO\u00a0<\/strong>\u00c9 um mineral muito associado ao funcionamento muscular, mas que tamb\u00e9m ajuda na produ\u00e7\u00e3o de energia e na redu\u00e7\u00e3o do cansa\u00e7o e da fadiga.<\/p>\n<\/div>\n<\/div>\n<\/div>\n<\/div>\n<div class=\"py-4 border-bottom\" data-v-b10c057c=\"\">\n<div class=\"px-4\" data-v-b10c057c=\"\">\n<div class=\"font-weight-bolder shadow-none text-gray-850 fs-18 text-capitalize d-flex justify-content-between align-items-center not-collapsed\" role=\"button\" data-v-b10c057c=\"\" aria-expanded=\"true\" aria-controls=\"collapse-1\"><span data-v-b10c057c=\"\"><i class=\"icon-ldf-success text-primary\" data-v-b10c057c=\"\"><\/i>\u00a0Como Utilizar<\/span><i class=\"icon icon-arrow-right text-gray-400\" data-v-b10c057c=\"\"><\/i><\/div>\n<div id=\"collapse-1\" class=\"collapse show\" data-v-b10c057c=\"\">\n<div class=\"fs-14 text-gray-700 font-alt mt-4\" data-v-b10c057c=\"\">\n<p>Tomar 15 g por dia (aproximadamente 1 colher doseadora) dissolvidos em 150 ml de \u00e1gua. Pode optar por dissolver o p\u00f3 em iogurte ou sumos de fruta.<\/p>\n<\/div>\n<\/div>\n<\/div>\n<\/div>\n","protected":false},"excerpt":{"rendered":"<p>Advancis\u00ae\u00a0Agellai Lift Plus\u00a0\u00e9 um suplemento alimentar que cont\u00e9m na sua composi\u00e7\u00e3o Colag\u00e9nio, \u00c1cido Hialur\u00f3nico, Vitamina C, Vitamina D, Glucosamina, MSM e Maca. COLAG\u00c9NIO\u00a0O colag\u00e9nio \u00e9&hellip;<\/p>\n","protected":false},"featured_media":3582,"template":"","meta":{"_eb_attr":""},"product_cat":[15,33,25],"product_tag":[72],"class_list":{"0":"post-3581","1":"product","2":"type-product","3":"status-publish","4":"has-post-thumbnail","6":"product_cat-geral","7":"product_cat-campanhas","8":"product_cat-suplementos","9":"product_tag-cabelo","11":"first","12":"instock","13":"sale","14":"shipping-taxable","15":"purchasable","16":"product-type-simple","17":"customify-col"},"aioseo_notices":[],"_links":{"self":[{"href":"https:\/\/farmaciasavenidaderoma.com\/index.php?rest_route=\/wp\/v2\/product\/3581","targetHints":{"allow":["GET"]}}],"collection":[{"href":"https:\/\/farmaciasavenidaderoma.com\/index.php?rest_route=\/wp\/v2\/product"}],"about":[{"href":"https:\/\/farmaciasavenidaderoma.com\/index.php?rest_route=\/wp\/v2\/types\/product"}],"wp:featuredmedia":[{"embeddable":true,"href":"https:\/\/farmaciasavenidaderoma.com\/index.php?rest_route=\/wp\/v2\/media\/3582"}],"wp:attachment":[{"href":"https:\/\/farmaciasavenidaderoma.com\/index.php?rest_route=%2Fwp%2Fv2%2Fmedia&parent=3581"}],"wp:term":[{"taxonomy":"product_cat","embeddable":true,"href":"https:\/\/farmaciasavenidaderoma.com\/index.php?rest_route=%2Fwp%2Fv2%2Fproduct_cat&post=3581"},{"taxonomy":"product_tag","embeddable":true,"href":"https:\/\/farmaciasavenidaderoma.com\/index.php?rest_route=%2Fwp%2Fv2%2Fproduct_tag&post=3581"}],"curies":[{"name":"wp","href":"https:\/\/api.w.org\/{rel}","templated":true}]}}