{"id":3571,"date":"2024-04-23T16:56:46","date_gmt":"2024-04-23T15:56:46","guid":{"rendered":"https:\/\/farmaciasavenidaderoma.com\/?post_type=product&#038;p=3571"},"modified":"2024-04-23T18:18:54","modified_gmt":"2024-04-23T17:18:54","slug":"advancis-jointrix-plus-60-comp","status":"publish","type":"product","link":"https:\/\/farmaciasavenidaderoma.com\/?product=advancis-jointrix-plus-60-comp","title":{"rendered":"Advancis Jointrix Plus 60 comp"},"content":{"rendered":"<div class=\"py-4 border-bottom\" data-v-b10c057c=\"\">\n<div class=\"px-4\" data-v-b10c057c=\"\">\n<div id=\"collapse-0\" class=\"collapse show\" data-v-b10c057c=\"\">\n<div class=\"fs-14 text-gray-700 font-alt mt-4\" data-v-b10c057c=\"\">\n<p>Suplemento alimentar que cont\u00e9m um complexo de glucosamina e condroitina de absor\u00e7\u00e3o r\u00e1pida, Metil-Sulfonil-Metano (MSM), colag\u00e9nio e \u00e1cido hialur\u00f3nico, subst\u00e2ncias fisiologicamente presentes no organismo humano que promovem o equil\u00edbrio das cartilagens. Cont\u00e9m ainda sil\u00edcio, quercetina e alto teor de vitamina C e mangan\u00eas.\u00a0A Vitamina C contribui para a forma\u00e7\u00e3o de colag\u00e9nio e para o funcionamento normal dos ossos e das cartilagens, e mangan\u00eas que contribui para a manuten\u00e7\u00e3o de ossos normais.Indicado em situa\u00e7\u00f5es de osteoartrose (desgaste mec\u00e2nico da articula\u00e7\u00e3o) com ou sem dor e preven\u00e7\u00e3o em grupo de risco (hist\u00f3rico familiar de osteoartrose, obesidade e desportistas com micro traumatismos de repeti\u00e7\u00e3o).<\/p>\n<\/div>\n<\/div>\n<\/div>\n<\/div>\n<div class=\"py-4 border-bottom\" data-v-b10c057c=\"\">\n<div class=\"px-4\" data-v-b10c057c=\"\">\n<div class=\"font-weight-bolder shadow-none text-gray-850 fs-18 text-capitalize d-flex justify-content-between align-items-center not-collapsed\" role=\"button\" data-v-b10c057c=\"\" aria-expanded=\"true\" aria-controls=\"collapse-1\"><span data-v-b10c057c=\"\"><i class=\"icon-ldf-success text-primary\" data-v-b10c057c=\"\"><\/i>\u00a0Como Utilizar<\/span><i class=\"icon icon-arrow-right text-gray-400\" data-v-b10c057c=\"\"><\/i><\/div>\n<div id=\"collapse-1\" class=\"collapse show\" data-v-b10c057c=\"\">\n<div class=\"fs-14 text-gray-700 font-alt mt-4\" data-v-b10c057c=\"\">\n<p>Tomar 1 comprimido por dia, ao pequeno-almo\u00e7o. Se necess\u00e1rio pode aumentar a dose para 2 comprimidos por dia.<\/p>\n<\/div>\n<\/div>\n<\/div>\n<\/div>\n<div class=\"py-4 border-bottom\" data-v-b10c057c=\"\">\n<div class=\"px-4\" data-v-b10c057c=\"\">\n<div class=\"font-weight-bolder shadow-none text-gray-850 fs-18 text-capitalize d-flex justify-content-between align-items-center not-collapsed\" role=\"button\" data-v-b10c057c=\"\" aria-expanded=\"true\" aria-controls=\"collapse-2\"><span data-v-b10c057c=\"\"><i class=\"icon-ldf-success text-primary\" data-v-b10c057c=\"\"><\/i>\u00a0Informa\u00e7\u00e3o Adicional<\/span><i class=\"icon icon-arrow-right text-gray-400\" data-v-b10c057c=\"\"><\/i><\/div>\n<div id=\"collapse-2\" class=\"collapse show\" data-v-b10c057c=\"\">\n<div class=\"fs-14 text-gray-700 font-alt mt-4\" data-v-b10c057c=\"\">\n<p>Glucosamina e condroitina de absor\u00e7\u00e3o r\u00e1pida, Metil-Sulfonil-Metano (MSM), colag\u00e9nio e \u00e1cido hialur\u00f3nico<\/p>\n<\/div>\n<\/div>\n<\/div>\n<\/div>\n","protected":false},"excerpt":{"rendered":"<p>Suplemento alimentar que cont\u00e9m um complexo de glucosamina e condroitina de absor\u00e7\u00e3o r\u00e1pida, Metil-Sulfonil-Metano (MSM), colag\u00e9nio e \u00e1cido hialur\u00f3nico, subst\u00e2ncias fisiologicamente presentes no organismo humano&hellip;<\/p>\n","protected":false},"featured_media":3572,"template":"","meta":{"_eb_attr":""},"product_cat":[15,33,25],"product_tag":[88],"class_list":{"0":"post-3571","1":"product","2":"type-product","3":"status-publish","4":"has-post-thumbnail","6":"product_cat-geral","7":"product_cat-campanhas","8":"product_cat-suplementos","9":"product_tag-ossos-e-articulacoes","11":"first","12":"instock","13":"sale","14":"shipping-taxable","15":"purchasable","16":"product-type-simple","17":"customify-col"},"aioseo_notices":[],"_links":{"self":[{"href":"https:\/\/farmaciasavenidaderoma.com\/index.php?rest_route=\/wp\/v2\/product\/3571","targetHints":{"allow":["GET"]}}],"collection":[{"href":"https:\/\/farmaciasavenidaderoma.com\/index.php?rest_route=\/wp\/v2\/product"}],"about":[{"href":"https:\/\/farmaciasavenidaderoma.com\/index.php?rest_route=\/wp\/v2\/types\/product"}],"wp:featuredmedia":[{"embeddable":true,"href":"https:\/\/farmaciasavenidaderoma.com\/index.php?rest_route=\/wp\/v2\/media\/3572"}],"wp:attachment":[{"href":"https:\/\/farmaciasavenidaderoma.com\/index.php?rest_route=%2Fwp%2Fv2%2Fmedia&parent=3571"}],"wp:term":[{"taxonomy":"product_cat","embeddable":true,"href":"https:\/\/farmaciasavenidaderoma.com\/index.php?rest_route=%2Fwp%2Fv2%2Fproduct_cat&post=3571"},{"taxonomy":"product_tag","embeddable":true,"href":"https:\/\/farmaciasavenidaderoma.com\/index.php?rest_route=%2Fwp%2Fv2%2Fproduct_tag&post=3571"}],"curies":[{"name":"wp","href":"https:\/\/api.w.org\/{rel}","templated":true}]}}