{"id":3557,"date":"2024-04-23T16:57:11","date_gmt":"2024-04-23T15:57:11","guid":{"rendered":"https:\/\/farmaciasavenidaderoma.com\/?post_type=product&#038;p=3557"},"modified":"2024-04-23T18:17:38","modified_gmt":"2024-04-23T17:17:38","slug":"advancis-capilar-resist-locao-fortify-150ml","status":"publish","type":"product","link":"https:\/\/farmaciasavenidaderoma.com\/?product=advancis-capilar-resist-locao-fortify-150ml","title":{"rendered":"Advancis Capilar Resist Lo\u00e7\u00e3o Fortify 150ml"},"content":{"rendered":"<div class=\"py-4 border-bottom\" data-v-b10c057c=\"\">\n<div class=\"px-4\" data-v-b10c057c=\"\">\n<div id=\"collapse-0\" class=\"collapse show\" data-v-b10c057c=\"\">\n<div class=\"fs-14 text-gray-700 font-alt mt-4\" data-v-b10c057c=\"\">\n<p><strong>Advancis Capilar Lo\u00e7\u00e3o Resist 150ml<\/strong><strong>\u00a0<\/strong>\u00e9 especialmente destinada ao cuidado capilar intensivo de cabelos fracos, finos, quebradi\u00e7os e com tend\u00eancia para a queda. A sua f\u00f3rmula desenvolvida com c\u00e9lulas estaminais de laranja, hidrolisado de c\u00e9lulas placent\u00e1rias, prote\u00ednas e amino\u00e1cidos e enriquecida com mentol, eucaliptol e c\u00e2nfora cuida e protege intensivamente o cabelo e o couro cabeludo, para manter a vitalidade e o vigor.<\/p>\n<p>Atua ao n\u00edvel da preven\u00e7\u00e3o da queda de cabelo, tanto no que diz respeito \u00e0 queda de cabelo reacional habitualmente sazonal (p\u00f3s-parto, stress e outros fatores ambientais), como em situa\u00e7\u00f5es de queda progressiva de cabelo (fatores gen\u00e9ticos e\/ou hormonais). Promove o crescimento capilar, estimulando a microcircula\u00e7\u00e3o do couro cabeludo. Tem propriedades antienvelhecimento e antioxidantes e ainda purifica, regenera e renova o couro cabeludo.<\/p>\n<\/div>\n<\/div>\n<\/div>\n<\/div>\n<div class=\"py-4 border-bottom\" data-v-b10c057c=\"\">\n<div class=\"px-4\" data-v-b10c057c=\"\">\n<div class=\"font-weight-bolder shadow-none text-gray-850 fs-18 text-capitalize d-flex justify-content-between align-items-center not-collapsed\" role=\"button\" data-v-b10c057c=\"\" aria-expanded=\"true\" aria-controls=\"collapse-1\"><span data-v-b10c057c=\"\"><i class=\"icon-ldf-success text-primary\" data-v-b10c057c=\"\"><\/i>\u00a0Como Utilizar<\/span><i class=\"icon icon-arrow-right text-gray-400\" data-v-b10c057c=\"\"><\/i><\/div>\n<div id=\"collapse-1\" class=\"collapse show\" data-v-b10c057c=\"\">\n<div class=\"fs-14 text-gray-700 font-alt mt-4\" data-v-b10c057c=\"\">\n<p>Cuidado Inicial: Aplicar 12 a 15 pulveriza\u00e7\u00f5es, 1 vez por dia, durante um per\u00edodo m\u00ednimo de 20 dias. Pode ser aplicado no cabelo seco ou h\u00famido.<\/p>\n<p>Cuidado de manuten\u00e7\u00e3o: Aplicar 12 a 15 pulveriza\u00e7\u00f5es, 1 vez a cada tr\u00eas dias, durante um per\u00edodo m\u00ednimo de 2 meses.<\/p>\n<\/div>\n<\/div>\n<\/div>\n<\/div>\n","protected":false},"excerpt":{"rendered":"<p>Advancis Capilar Lo\u00e7\u00e3o Resist 150ml\u00a0\u00e9 especialmente destinada ao cuidado capilar intensivo de cabelos fracos, finos, quebradi\u00e7os e com tend\u00eancia para a queda. A sua f\u00f3rmula&hellip;<\/p>\n","protected":false},"featured_media":3558,"template":"","meta":{"_eb_attr":""},"product_cat":[15,33,24],"product_tag":[72],"class_list":{"0":"post-3557","1":"product","2":"type-product","3":"status-publish","4":"has-post-thumbnail","6":"product_cat-geral","7":"product_cat-campanhas","8":"product_cat-derma","9":"product_tag-cabelo","11":"first","12":"instock","13":"sale","14":"shipping-taxable","15":"purchasable","16":"product-type-simple","17":"customify-col"},"aioseo_notices":[],"_links":{"self":[{"href":"https:\/\/farmaciasavenidaderoma.com\/index.php?rest_route=\/wp\/v2\/product\/3557","targetHints":{"allow":["GET"]}}],"collection":[{"href":"https:\/\/farmaciasavenidaderoma.com\/index.php?rest_route=\/wp\/v2\/product"}],"about":[{"href":"https:\/\/farmaciasavenidaderoma.com\/index.php?rest_route=\/wp\/v2\/types\/product"}],"wp:featuredmedia":[{"embeddable":true,"href":"https:\/\/farmaciasavenidaderoma.com\/index.php?rest_route=\/wp\/v2\/media\/3558"}],"wp:attachment":[{"href":"https:\/\/farmaciasavenidaderoma.com\/index.php?rest_route=%2Fwp%2Fv2%2Fmedia&parent=3557"}],"wp:term":[{"taxonomy":"product_cat","embeddable":true,"href":"https:\/\/farmaciasavenidaderoma.com\/index.php?rest_route=%2Fwp%2Fv2%2Fproduct_cat&post=3557"},{"taxonomy":"product_tag","embeddable":true,"href":"https:\/\/farmaciasavenidaderoma.com\/index.php?rest_route=%2Fwp%2Fv2%2Fproduct_tag&post=3557"}],"curies":[{"name":"wp","href":"https:\/\/api.w.org\/{rel}","templated":true}]}}