{"id":3537,"date":"2024-04-23T16:57:12","date_gmt":"2024-04-23T15:57:12","guid":{"rendered":"https:\/\/farmaciasavenidaderoma.com\/?post_type=product&#038;p=3537"},"modified":"2024-04-23T18:16:52","modified_gmt":"2024-04-23T17:16:52","slug":"advancis-easylax-20comp","status":"publish","type":"product","link":"https:\/\/farmaciasavenidaderoma.com\/?product=advancis-easylax-20comp","title":{"rendered":"Advancis Easylax 20comp"},"content":{"rendered":"<div class=\"py-4 border-bottom\" data-v-b10c057c=\"\">\n<div class=\"px-4\" data-v-b10c057c=\"\">\n<div id=\"collapse-0\" class=\"collapse show\" data-v-b10c057c=\"\">\n<div class=\"fs-14 text-gray-700 font-alt mt-4\" data-v-b10c057c=\"\">\n<p>Suplemento alimentar de origem natural. Os seus constituintes t\u00eam propriedades laxativas que promovem um tr\u00e2nsito intestinal regular. Cont\u00e9m extratos de plantas, fibras, frutos e organismos probi\u00f3ticos que contribuem para repor e equilibrar a flora intestinal. Indicado em situa\u00e7\u00f5es ocasionais de pris\u00e3o de ventre ocasional e barriga inchada.<\/p>\n<\/div>\n<\/div>\n<\/div>\n<\/div>\n<div class=\"py-4 border-bottom\" data-v-b10c057c=\"\">\n<div class=\"px-4\" data-v-b10c057c=\"\">\n<div class=\"font-weight-bolder shadow-none text-gray-850 fs-18 text-capitalize d-flex justify-content-between align-items-center not-collapsed\" role=\"button\" data-v-b10c057c=\"\" aria-expanded=\"true\" aria-controls=\"collapse-1\"><span data-v-b10c057c=\"\"><i class=\"icon-ldf-success text-primary\" data-v-b10c057c=\"\"><\/i>\u00a0Como Utilizar<\/span><i class=\"icon icon-arrow-right text-gray-400\" data-v-b10c057c=\"\"><\/i><\/div>\n<div id=\"collapse-1\" class=\"collapse show\" data-v-b10c057c=\"\">\n<div class=\"fs-14 text-gray-700 font-alt mt-4\" data-v-b10c057c=\"\">\n<p>Tomar 1 comprimido por dia ao deitar com um copo de \u00e1gua.<\/p>\n<p>Se necess\u00e1rio poder\u00e1 aumentar a dose para 2 comprimidos.<\/p>\n<p>Recomenda-se o refor\u00e7o da ingest\u00e3o de l\u00edquidos, num m\u00ednimo de 1,5 l\/dia.<\/p>\n<\/div>\n<\/div>\n<\/div>\n<\/div>\n","protected":false},"excerpt":{"rendered":"<p>Suplemento alimentar de origem natural. Os seus constituintes t\u00eam propriedades laxativas que promovem um tr\u00e2nsito intestinal regular. Cont\u00e9m extratos de plantas, fibras, frutos e organismos&hellip;<\/p>\n","protected":false},"featured_media":3538,"template":"","meta":{"_eb_attr":""},"product_cat":[15,33,25],"product_tag":[86],"class_list":{"0":"post-3537","1":"product","2":"type-product","3":"status-publish","4":"has-post-thumbnail","6":"product_cat-geral","7":"product_cat-campanhas","8":"product_cat-suplementos","9":"product_tag-sistema-digestivo","11":"first","12":"instock","13":"sale","14":"shipping-taxable","15":"purchasable","16":"product-type-simple","17":"customify-col"},"aioseo_notices":[],"_links":{"self":[{"href":"https:\/\/farmaciasavenidaderoma.com\/index.php?rest_route=\/wp\/v2\/product\/3537","targetHints":{"allow":["GET"]}}],"collection":[{"href":"https:\/\/farmaciasavenidaderoma.com\/index.php?rest_route=\/wp\/v2\/product"}],"about":[{"href":"https:\/\/farmaciasavenidaderoma.com\/index.php?rest_route=\/wp\/v2\/types\/product"}],"wp:featuredmedia":[{"embeddable":true,"href":"https:\/\/farmaciasavenidaderoma.com\/index.php?rest_route=\/wp\/v2\/media\/3538"}],"wp:attachment":[{"href":"https:\/\/farmaciasavenidaderoma.com\/index.php?rest_route=%2Fwp%2Fv2%2Fmedia&parent=3537"}],"wp:term":[{"taxonomy":"product_cat","embeddable":true,"href":"https:\/\/farmaciasavenidaderoma.com\/index.php?rest_route=%2Fwp%2Fv2%2Fproduct_cat&post=3537"},{"taxonomy":"product_tag","embeddable":true,"href":"https:\/\/farmaciasavenidaderoma.com\/index.php?rest_route=%2Fwp%2Fv2%2Fproduct_tag&post=3537"}],"curies":[{"name":"wp","href":"https:\/\/api.w.org\/{rel}","templated":true}]}}