{"id":3527,"date":"2024-04-23T16:57:13","date_gmt":"2024-04-23T15:57:13","guid":{"rendered":"https:\/\/farmaciasavenidaderoma.com\/?post_type=product&#038;p=3527"},"modified":"2024-04-23T18:06:46","modified_gmt":"2024-04-23T17:06:46","slug":"advancis-digest-plus-conta-gotas-30ml","status":"publish","type":"product","link":"https:\/\/farmaciasavenidaderoma.com\/?product=advancis-digest-plus-conta-gotas-30ml","title":{"rendered":"Advancis Digest Plus Conta Gotas 30ml"},"content":{"rendered":"<div class=\"py-4 border-bottom\" data-v-b10c057c=\"\">\n<div class=\"px-4\" data-v-b10c057c=\"\">\n<div id=\"collapse-0\" class=\"collapse show\" data-v-b10c057c=\"\">\n<div class=\"fs-14 text-gray-700 font-alt mt-4\" data-v-b10c057c=\"\">\n<p>Advancis\u00ae Digest Plus \u00e9 um suplemento alimentar concebido para promover um normal funcionamento do f\u00edgado.<\/p>\n<p>Cont\u00e9m colina, que contribui para a manuten\u00e7\u00e3o da sa\u00fade do f\u00edgado, sendo ainda fundamental para o metabolismo das gorduras.<\/p>\n<p>Advancis\u00ae Digest Plus foi refor\u00e7ado com extratos de plantas como o Cardo mariano, a Hortel\u00e3-pimenta e a Alcachofra, entre outros. Estes extratos s\u00e3o tradicionalmente utilizados pela sua a\u00e7\u00e3o positiva em dist\u00farbios digestivos e em perturba\u00e7\u00f5es do f\u00edgado e da ves\u00edcula biliar.<\/p>\n<p>Advancis\u00ae\u00a0Digest Plus deve ser utilizado em SOS.<\/p>\n<p>Indicado em:\u00a0 perturba\u00e7\u00f5es digestivas, em particular resultantes de mau funcionamento da ves\u00edcula, m\u00e1 disposi\u00e7\u00e3o ap\u00f3s refei\u00e7\u00f5es pesadas, ricas em gorduras; mau funcionamento hep\u00e1tico e ali\u00e1s da ves\u00edcula biliar e espasmos gastrointestinais \/ flatul\u00eancia.<\/p>\n<\/div>\n<\/div>\n<\/div>\n<\/div>\n<div class=\"py-4 border-bottom\" data-v-b10c057c=\"\">\n<div class=\"px-4\" data-v-b10c057c=\"\">\n<div class=\"font-weight-bolder shadow-none text-gray-850 fs-18 text-capitalize d-flex justify-content-between align-items-center not-collapsed\" role=\"button\" data-v-b10c057c=\"\" aria-expanded=\"true\" aria-controls=\"collapse-1\"><span data-v-b10c057c=\"\"><i class=\"icon-ldf-success text-primary\" data-v-b10c057c=\"\"><\/i>\u00a0Como Utilizar<\/span><i class=\"icon icon-arrow-right text-gray-400\" data-v-b10c057c=\"\"><\/i><\/div>\n<div id=\"collapse-1\" class=\"collapse show\" data-v-b10c057c=\"\">\n<div class=\"fs-14 text-gray-700 font-alt mt-4\" data-v-b10c057c=\"\">\n<p>Tomar 22 gotas (1ml) dilu\u00eddas em meio copo de \u00e1gua, 3 a 4 vezes por dia, 30 minutos antes das refei\u00e7\u00f5es. Agitar antes da utiliza\u00e7\u00e3o do produto.<\/p>\n<p>&nbsp;<\/p>\n<\/div>\n<\/div>\n<\/div>\n<\/div>\n<div class=\"py-4 border-bottom\" data-v-b10c057c=\"\">\n<div class=\"px-4\" data-v-b10c057c=\"\">\n<div class=\"font-weight-bolder shadow-none text-gray-850 fs-18 text-capitalize d-flex justify-content-between align-items-center not-collapsed\" role=\"button\" data-v-b10c057c=\"\" aria-expanded=\"true\" aria-controls=\"collapse-2\"><span data-v-b10c057c=\"\"><i class=\"icon-ldf-success text-primary\" data-v-b10c057c=\"\"><\/i>\u00a0Informa\u00e7\u00e3o Adicional<\/span><i class=\"icon icon-arrow-right text-gray-400\" data-v-b10c057c=\"\"><\/i><\/div>\n<div id=\"collapse-2\" class=\"collapse show\" data-v-b10c057c=\"\">\n<div class=\"fs-14 text-gray-700 font-alt mt-4\" data-v-b10c057c=\"\">\n<p>Cardo mariano, a Hortel\u00e3-pimenta e a Alcachofra<\/p>\n<\/div>\n<\/div>\n<\/div>\n<\/div>\n","protected":false},"excerpt":{"rendered":"<p>Advancis\u00ae Digest Plus \u00e9 um suplemento alimentar concebido para promover um normal funcionamento do f\u00edgado. Cont\u00e9m colina, que contribui para a manuten\u00e7\u00e3o da sa\u00fade do&hellip;<\/p>\n","protected":false},"featured_media":3528,"template":"","meta":{"_eb_attr":""},"product_cat":[15,33,25],"product_tag":[86],"class_list":{"0":"post-3527","1":"product","2":"type-product","3":"status-publish","4":"has-post-thumbnail","6":"product_cat-geral","7":"product_cat-campanhas","8":"product_cat-suplementos","9":"product_tag-sistema-digestivo","11":"first","12":"instock","13":"sale","14":"shipping-taxable","15":"purchasable","16":"product-type-simple","17":"customify-col"},"aioseo_notices":[],"_links":{"self":[{"href":"https:\/\/farmaciasavenidaderoma.com\/index.php?rest_route=\/wp\/v2\/product\/3527","targetHints":{"allow":["GET"]}}],"collection":[{"href":"https:\/\/farmaciasavenidaderoma.com\/index.php?rest_route=\/wp\/v2\/product"}],"about":[{"href":"https:\/\/farmaciasavenidaderoma.com\/index.php?rest_route=\/wp\/v2\/types\/product"}],"wp:featuredmedia":[{"embeddable":true,"href":"https:\/\/farmaciasavenidaderoma.com\/index.php?rest_route=\/wp\/v2\/media\/3528"}],"wp:attachment":[{"href":"https:\/\/farmaciasavenidaderoma.com\/index.php?rest_route=%2Fwp%2Fv2%2Fmedia&parent=3527"}],"wp:term":[{"taxonomy":"product_cat","embeddable":true,"href":"https:\/\/farmaciasavenidaderoma.com\/index.php?rest_route=%2Fwp%2Fv2%2Fproduct_cat&post=3527"},{"taxonomy":"product_tag","embeddable":true,"href":"https:\/\/farmaciasavenidaderoma.com\/index.php?rest_route=%2Fwp%2Fv2%2Fproduct_tag&post=3527"}],"curies":[{"name":"wp","href":"https:\/\/api.w.org\/{rel}","templated":true}]}}