{"id":3519,"date":"2024-04-23T16:57:14","date_gmt":"2024-04-23T15:57:14","guid":{"rendered":"https:\/\/farmaciasavenidaderoma.com\/?post_type=product&#038;p=3519"},"modified":"2024-04-23T18:03:17","modified_gmt":"2024-04-23T17:03:17","slug":"advancis-capilar-forte-60-cap","status":"publish","type":"product","link":"https:\/\/farmaciasavenidaderoma.com\/?product=advancis-capilar-forte-60-cap","title":{"rendered":"Advancis Capilar Forte 60 cap"},"content":{"rendered":"<div>\n<p>Advancis<sup>\u00ae<\/sup>\u00a0Capilar Forte \u00e9 um suplemento alimentar constitu\u00eddo por complexo de proantocianidinas e \u00f3leo de g\u00e9rmen de trigo associado a vitaminas do complexo B, E e zinco.<\/p>\n<\/div>\n<div>\n<p class=\"text-uppercase font-bold\">SITUA\u00c7\u00d5ES PROGRESSIVAS<\/p>\n<\/div>\n<div class=\"corner_border_top_left corner_border_bottom_right w_fit_content\">\n<ul class=\"d-flex p-3 gap-4\">\n<li class=\"text-uppercase font-bold w-auto right_dot\">BIOTINA<\/li>\n<li class=\"text-uppercase font-bold w-auto right_dot\">ZINCO<\/li>\n<li class=\"text-uppercase font-bold w-auto right_dot\">VITAMINA E<\/li>\n<\/ul>\n<\/div>\n<div><small>60 c\u00e1psulas<\/p>\n<p>Advancis<sup>\u00ae<\/sup>\u00a0Capilar Forte \u00e9 um suplemento alimentar. N\u00e3o deve ser utilizado como substituto de um regime alimentar variado e equilibrado e de um modo de vida saud\u00e1vel. Uma dose di\u00e1ria de Advancis<sup>\u00ae<\/sup>\u00a0Capilar Forte fornece a quantidade necess\u00e1ria para se produzirem os efeitos ben\u00e9ficos alegados para o Zinco, a biotina e as Vitaminas B6 e E.<\/small><\/div>\n<div><b>Advancis<sup>\u00ae<\/sup>\u00a0Capilar Forte<\/b>\u00a0\u00e9 um suplemento alimentar em c\u00e1psulas, que cont\u00e9m um complexo otimizado com Extrato de Videira, padronizado a 95% de proantocianidinas, \u00d3leo de g\u00e9rmen de trigo e Gama-orizanol.<\/p>\n<p>Cont\u00e9m ainda alto teor em Zinco, Biotina, Vitamina E, B1, B5 e B6. Cont\u00e9m tamb\u00e9m Vitamina E que contribui para a prote\u00e7\u00e3o das c\u00e9lulas contra as oxida\u00e7\u00f5es indesej\u00e1veis e Vitamina B6 que contribui para a s\u00edntese normal da ciste\u00edna.<\/p><\/div>\n<div>\n<div class=\"col-12 d-flex flex-column\">\n<div class=\"d-flex align-items-center gap-2\">\n<div>\n<p>&nbsp;<\/p>\n<\/div>\n<\/div>\n<\/div>\n<\/div>\n","protected":false},"excerpt":{"rendered":"<p>Advancis\u00ae\u00a0Capilar Forte \u00e9 um suplemento alimentar constitu\u00eddo por complexo de proantocianidinas e \u00f3leo de g\u00e9rmen de trigo associado a vitaminas do complexo B, E e&hellip;<\/p>\n","protected":false},"featured_media":3520,"template":"","meta":{"_eb_attr":""},"product_cat":[15,33,25],"product_tag":[72],"class_list":{"0":"post-3519","1":"product","2":"type-product","3":"status-publish","4":"has-post-thumbnail","6":"product_cat-geral","7":"product_cat-campanhas","8":"product_cat-suplementos","9":"product_tag-cabelo","11":"first","12":"instock","13":"sale","14":"shipping-taxable","15":"purchasable","16":"product-type-simple","17":"customify-col"},"aioseo_notices":[],"_links":{"self":[{"href":"https:\/\/farmaciasavenidaderoma.com\/index.php?rest_route=\/wp\/v2\/product\/3519","targetHints":{"allow":["GET"]}}],"collection":[{"href":"https:\/\/farmaciasavenidaderoma.com\/index.php?rest_route=\/wp\/v2\/product"}],"about":[{"href":"https:\/\/farmaciasavenidaderoma.com\/index.php?rest_route=\/wp\/v2\/types\/product"}],"wp:featuredmedia":[{"embeddable":true,"href":"https:\/\/farmaciasavenidaderoma.com\/index.php?rest_route=\/wp\/v2\/media\/3520"}],"wp:attachment":[{"href":"https:\/\/farmaciasavenidaderoma.com\/index.php?rest_route=%2Fwp%2Fv2%2Fmedia&parent=3519"}],"wp:term":[{"taxonomy":"product_cat","embeddable":true,"href":"https:\/\/farmaciasavenidaderoma.com\/index.php?rest_route=%2Fwp%2Fv2%2Fproduct_cat&post=3519"},{"taxonomy":"product_tag","embeddable":true,"href":"https:\/\/farmaciasavenidaderoma.com\/index.php?rest_route=%2Fwp%2Fv2%2Fproduct_tag&post=3519"}],"curies":[{"name":"wp","href":"https:\/\/api.w.org\/{rel}","templated":true}]}}