{"id":3514,"date":"2024-04-23T16:57:38","date_gmt":"2024-04-23T15:57:38","guid":{"rendered":"https:\/\/farmaciasavenidaderoma.com\/?post_type=product&#038;p=3514"},"modified":"2024-04-23T18:01:28","modified_gmt":"2024-04-23T17:01:28","slug":"rene-furterer-astera-fresh-fluido-50ml","status":"publish","type":"product","link":"https:\/\/farmaciasavenidaderoma.com\/?product=rene-furterer-astera-fresh-fluido-50ml","title":{"rendered":"Rene Furterer Astera Fresh Fluido 50ml"},"content":{"rendered":"<p>O PRODUTO IDEAL PARA AS MASSAGENS RELAXANTES DE UM COURO CABELUDO SENS\u00cdVEL<\/p>\n<p>Rica em \u00f3leos essenciais frios de menta e de eucalipto, a f\u00f3rmula bif\u00e1sica do Fluido suavizante ASTERA FRESCH, verdadeira fonte de frescura, proporciona uma sensa\u00e7\u00e3o imediata de suavidade.<\/p>\n<p>O couro cabeludo reencontra conforto e suavidade.<\/p>\n","protected":false},"excerpt":{"rendered":"<p><br data-mce-bogus=\"1\"><\/p>\n","protected":false},"featured_media":3515,"template":"","meta":{"_eb_attr":""},"product_cat":[15,33,24],"product_tag":[72],"class_list":{"0":"post-3514","1":"product","2":"type-product","3":"status-publish","4":"has-post-thumbnail","6":"product_cat-geral","7":"product_cat-campanhas","8":"product_cat-derma","9":"product_tag-cabelo","11":"first","12":"instock","13":"sale","14":"shipping-taxable","15":"purchasable","16":"product-type-simple","17":"customify-col"},"aioseo_notices":[],"_links":{"self":[{"href":"https:\/\/farmaciasavenidaderoma.com\/index.php?rest_route=\/wp\/v2\/product\/3514","targetHints":{"allow":["GET"]}}],"collection":[{"href":"https:\/\/farmaciasavenidaderoma.com\/index.php?rest_route=\/wp\/v2\/product"}],"about":[{"href":"https:\/\/farmaciasavenidaderoma.com\/index.php?rest_route=\/wp\/v2\/types\/product"}],"wp:featuredmedia":[{"embeddable":true,"href":"https:\/\/farmaciasavenidaderoma.com\/index.php?rest_route=\/wp\/v2\/media\/3515"}],"wp:attachment":[{"href":"https:\/\/farmaciasavenidaderoma.com\/index.php?rest_route=%2Fwp%2Fv2%2Fmedia&parent=3514"}],"wp:term":[{"taxonomy":"product_cat","embeddable":true,"href":"https:\/\/farmaciasavenidaderoma.com\/index.php?rest_route=%2Fwp%2Fv2%2Fproduct_cat&post=3514"},{"taxonomy":"product_tag","embeddable":true,"href":"https:\/\/farmaciasavenidaderoma.com\/index.php?rest_route=%2Fwp%2Fv2%2Fproduct_tag&post=3514"}],"curies":[{"name":"wp","href":"https:\/\/api.w.org\/{rel}","templated":true}]}}