{"id":3510,"date":"2024-04-23T16:57:38","date_gmt":"2024-04-23T15:57:38","guid":{"rendered":"https:\/\/farmaciasavenidaderoma.com\/?post_type=product&#038;p=3510"},"modified":"2024-04-23T18:01:18","modified_gmt":"2024-04-23T17:01:18","slug":"rene-furterer-head-spa-exfoliante-purificante-detox-150ml","status":"publish","type":"product","link":"https:\/\/farmaciasavenidaderoma.com\/?product=rene-furterer-head-spa-exfoliante-purificante-detox-150ml","title":{"rendered":"Rene Furterer Head Spa Exfoliante Purificante Detox 150ml"},"content":{"rendered":"<p>Esfoliante purificante com a\u00e7\u00e3o detox, que esfolia suavemente enquanto remove as c\u00e9lulas mortas e desobstrui os poros do couro cabeludo.<\/p>\n","protected":false},"excerpt":{"rendered":"<p>Esfoliante purificante com a\u00e7\u00e3o detox, que esfolia suavemente enquanto remove as c\u00e9lulas mortas e desobstrui os poros do couro cabeludo.<\/p>\n","protected":false},"featured_media":3511,"template":"","meta":{"_eb_attr":""},"product_cat":[15,33,24],"product_tag":[72],"class_list":{"0":"post-3510","1":"product","2":"type-product","3":"status-publish","4":"has-post-thumbnail","6":"product_cat-geral","7":"product_cat-campanhas","8":"product_cat-derma","9":"product_tag-cabelo","11":"first","12":"instock","13":"sale","14":"shipping-taxable","15":"purchasable","16":"product-type-simple","17":"customify-col"},"aioseo_notices":[],"_links":{"self":[{"href":"https:\/\/farmaciasavenidaderoma.com\/index.php?rest_route=\/wp\/v2\/product\/3510","targetHints":{"allow":["GET"]}}],"collection":[{"href":"https:\/\/farmaciasavenidaderoma.com\/index.php?rest_route=\/wp\/v2\/product"}],"about":[{"href":"https:\/\/farmaciasavenidaderoma.com\/index.php?rest_route=\/wp\/v2\/types\/product"}],"wp:featuredmedia":[{"embeddable":true,"href":"https:\/\/farmaciasavenidaderoma.com\/index.php?rest_route=\/wp\/v2\/media\/3511"}],"wp:attachment":[{"href":"https:\/\/farmaciasavenidaderoma.com\/index.php?rest_route=%2Fwp%2Fv2%2Fmedia&parent=3510"}],"wp:term":[{"taxonomy":"product_cat","embeddable":true,"href":"https:\/\/farmaciasavenidaderoma.com\/index.php?rest_route=%2Fwp%2Fv2%2Fproduct_cat&post=3510"},{"taxonomy":"product_tag","embeddable":true,"href":"https:\/\/farmaciasavenidaderoma.com\/index.php?rest_route=%2Fwp%2Fv2%2Fproduct_tag&post=3510"}],"curies":[{"name":"wp","href":"https:\/\/api.w.org\/{rel}","templated":true}]}}