{"id":3494,"date":"2024-04-23T16:57:39","date_gmt":"2024-04-23T15:57:39","guid":{"rendered":"https:\/\/farmaciasavenidaderoma.com\/?post_type=product&#038;p=3494"},"modified":"2024-04-23T18:00:53","modified_gmt":"2024-04-23T17:00:53","slug":"rene-furterer-absolute-keratine-creme-reparador-100ml","status":"publish","type":"product","link":"https:\/\/farmaciasavenidaderoma.com\/?product=rene-furterer-absolute-keratine-creme-reparador-100ml","title":{"rendered":"Rene Furterer Absolute Keratine Creme Reparador 100ml"},"content":{"rendered":"<p>Ren\u00e9 Furterer Absolue K\u00e9ratine Creme Reparador \u00e9 um cuidado reparador untuoso, indicado para cabelos danificados.<\/p>\n<p>A f\u00f3rmula cont\u00e9m: Queratina vegetal, que reconstr\u00f3i a fibra capilar; Biocimentina, com a\u00e7\u00e3o fortificante; \u00f3leo Camelina, que nutre e protege o cabelo.<\/p>\n<p>Os cabelos danificados e fragilizados s\u00e3o reparados, recuperando a sua for\u00e7a.<\/p>\n<p>Confere brilho e suavidade.<\/p>\n<p>Devolve a vitalidade e leveza ao comprimento e \u00e1s pontas.za.<\/p>\n","protected":false},"excerpt":{"rendered":"<p><br data-mce-bogus=\"1\"><\/p>\n","protected":false},"featured_media":3495,"template":"","meta":{"_eb_attr":""},"product_cat":[15,33,24],"product_tag":[72],"class_list":{"0":"post-3494","1":"product","2":"type-product","3":"status-publish","4":"has-post-thumbnail","6":"product_cat-geral","7":"product_cat-campanhas","8":"product_cat-derma","9":"product_tag-cabelo","11":"first","12":"instock","13":"sale","14":"shipping-taxable","15":"purchasable","16":"product-type-simple","17":"customify-col"},"aioseo_notices":[],"_links":{"self":[{"href":"https:\/\/farmaciasavenidaderoma.com\/index.php?rest_route=\/wp\/v2\/product\/3494","targetHints":{"allow":["GET"]}}],"collection":[{"href":"https:\/\/farmaciasavenidaderoma.com\/index.php?rest_route=\/wp\/v2\/product"}],"about":[{"href":"https:\/\/farmaciasavenidaderoma.com\/index.php?rest_route=\/wp\/v2\/types\/product"}],"wp:featuredmedia":[{"embeddable":true,"href":"https:\/\/farmaciasavenidaderoma.com\/index.php?rest_route=\/wp\/v2\/media\/3495"}],"wp:attachment":[{"href":"https:\/\/farmaciasavenidaderoma.com\/index.php?rest_route=%2Fwp%2Fv2%2Fmedia&parent=3494"}],"wp:term":[{"taxonomy":"product_cat","embeddable":true,"href":"https:\/\/farmaciasavenidaderoma.com\/index.php?rest_route=%2Fwp%2Fv2%2Fproduct_cat&post=3494"},{"taxonomy":"product_tag","embeddable":true,"href":"https:\/\/farmaciasavenidaderoma.com\/index.php?rest_route=%2Fwp%2Fv2%2Fproduct_tag&post=3494"}],"curies":[{"name":"wp","href":"https:\/\/api.w.org\/{rel}","templated":true}]}}