{"id":3489,"date":"2024-04-23T16:57:40","date_gmt":"2024-04-23T15:57:40","guid":{"rendered":"https:\/\/farmaciasavenidaderoma.com\/?post_type=product&#038;p=3489"},"modified":"2024-04-23T17:58:35","modified_gmt":"2024-04-23T16:58:35","slug":"rene-furterer-absolue-keratine-mascara-cabelo-fino-200ml","status":"publish","type":"product","link":"https:\/\/farmaciasavenidaderoma.com\/?product=rene-furterer-absolue-keratine-mascara-cabelo-fino-200ml","title":{"rendered":"Rene Furterer Absolue Keratine M\u00e1scara Cabelo Fino 200ml"},"content":{"rendered":"<p>M\u00e1scara para reparar os cabelos quebradi\u00e7os, \u00e1speros e ba\u00e7os. Indicado para cabelos normais a finos.<\/p>\n<p>Absolue Keratina M\u00e1scara Repara\u00e7\u00e3o Extrema Cabelos Finos tem queratina vegetal para penetrar no cora\u00e7\u00e3o da fibra capilar e reconstruir.<\/p>\n<p>A biocimentadina refor\u00e7a o cabelo e fecha as escamas.<\/p>\n<p>O \u00f3leo de camelina \u00e9 rico em \u00f3mega 3, oferece nutri\u00e7\u00e3o e prote\u00e7\u00e3o.<\/p>\n<p>Modo de utliza\u00e7\u00e3o:<br \/>\nAp\u00f3s lavagem, aplique um noz do produto sobre todo o cabelo escorrido. Para cabelo danificado: Deixe atuar 3 a 5 minutos. Para cabelo ultradanificado e seco: Deixe atuar 5 a 10 minutos. Desembara\u00e7e e enxague abundantemente. Utilize 4 a 6 semanas. Evite o contacto com os olhos.<\/p>\n","protected":false},"excerpt":{"rendered":"<p>M\u00e1scara para reparar os cabelos quebradi\u00e7os, \u00e1speros e ba\u00e7os. Indicado para cabelos normais a finos. Absolue Keratina M\u00e1scara Repara\u00e7\u00e3o Extrema Cabelos Finos tem queratina vegetal&hellip;<\/p>\n","protected":false},"featured_media":3490,"template":"","meta":{"_eb_attr":""},"product_cat":[15,33,24],"product_tag":[72],"class_list":{"0":"post-3489","1":"product","2":"type-product","3":"status-publish","4":"has-post-thumbnail","6":"product_cat-geral","7":"product_cat-campanhas","8":"product_cat-derma","9":"product_tag-cabelo","11":"first","12":"instock","13":"sale","14":"shipping-taxable","15":"purchasable","16":"product-type-simple","17":"customify-col"},"aioseo_notices":[],"_links":{"self":[{"href":"https:\/\/farmaciasavenidaderoma.com\/index.php?rest_route=\/wp\/v2\/product\/3489","targetHints":{"allow":["GET"]}}],"collection":[{"href":"https:\/\/farmaciasavenidaderoma.com\/index.php?rest_route=\/wp\/v2\/product"}],"about":[{"href":"https:\/\/farmaciasavenidaderoma.com\/index.php?rest_route=\/wp\/v2\/types\/product"}],"wp:featuredmedia":[{"embeddable":true,"href":"https:\/\/farmaciasavenidaderoma.com\/index.php?rest_route=\/wp\/v2\/media\/3490"}],"wp:attachment":[{"href":"https:\/\/farmaciasavenidaderoma.com\/index.php?rest_route=%2Fwp%2Fv2%2Fmedia&parent=3489"}],"wp:term":[{"taxonomy":"product_cat","embeddable":true,"href":"https:\/\/farmaciasavenidaderoma.com\/index.php?rest_route=%2Fwp%2Fv2%2Fproduct_cat&post=3489"},{"taxonomy":"product_tag","embeddable":true,"href":"https:\/\/farmaciasavenidaderoma.com\/index.php?rest_route=%2Fwp%2Fv2%2Fproduct_tag&post=3489"}],"curies":[{"name":"wp","href":"https:\/\/api.w.org\/{rel}","templated":true}]}}