{"id":3477,"date":"2024-04-23T16:57:41","date_gmt":"2024-04-23T15:57:41","guid":{"rendered":"https:\/\/farmaciasavenidaderoma.com\/?post_type=product&#038;p=3477"},"modified":"2024-04-23T17:57:36","modified_gmt":"2024-04-23T16:57:36","slug":"rene-furterer-complexo-5-50ml","status":"publish","type":"product","link":"https:\/\/farmaciasavenidaderoma.com\/?product=rene-furterer-complexo-5-50ml","title":{"rendered":"Rene Furterer Complexo 5 &#8211; 50ml"},"content":{"rendered":"<p>O SEGREDO DE BELEZA FORTIFICANTE.<\/p>\n<p>O concentrado vegetal regenerador COMPLEXE 5 \u00e9 o cuidado essencial para a sa\u00fade do couro cabeludo e para a beleza dos cabelos. Verdadeiro elixir da beleza capilar, tonifica o couro cabeludo e fortifica o cabelo desde a raiz, multiplicando por 10 a penetra\u00e7\u00e3o dos ingredientes activos aplicados posteriormente, aumentando a sua efic\u00e1cia.<\/p>\n<p>Desperta todos os seus sentidos: a subtil cor amarela-dourada, a textura preciosa carregada de \u00f3leos essenciais e\u00a0o perfume relaxante e suavizante.<\/p>\n<p>1. Aplicar o produto, risca por risca, antes da lavagem e em todo o couro cabeludo, com a ajuda da c\u00e2nula e massajar.<\/p>\n<p>2. Deixar actuar 5 a 10 minutos. Pode eventualmente surgir uma sensa\u00e7\u00e3o de aquecimento que se deve\u00a0\u00e0 activa\u00e7\u00e3o da microcircula\u00e7\u00e3o.<\/p>\n<p>3. Enxaguar e proceder \u00e0 lavagem com o champ\u00f4 adaptado ao couro cabeludo.<\/p>\n<p>Frequ\u00eancia de utiliza\u00e7\u00e3o: 1 a 2 vezes por semana.<\/p>\n","protected":false},"excerpt":{"rendered":"<p>O SEGREDO DE BELEZA FORTIFICANTE. O concentrado vegetal regenerador COMPLEXE 5 \u00e9 o cuidado essencial para a sa\u00fade do couro cabeludo e para a beleza&hellip;<\/p>\n","protected":false},"featured_media":3478,"template":"","meta":{"_eb_attr":""},"product_cat":[15,33,24],"product_tag":[72],"class_list":{"0":"post-3477","1":"product","2":"type-product","3":"status-publish","4":"has-post-thumbnail","6":"product_cat-geral","7":"product_cat-campanhas","8":"product_cat-derma","9":"product_tag-cabelo","11":"first","12":"instock","13":"sale","14":"shipping-taxable","15":"purchasable","16":"product-type-simple","17":"customify-col"},"aioseo_notices":[],"_links":{"self":[{"href":"https:\/\/farmaciasavenidaderoma.com\/index.php?rest_route=\/wp\/v2\/product\/3477","targetHints":{"allow":["GET"]}}],"collection":[{"href":"https:\/\/farmaciasavenidaderoma.com\/index.php?rest_route=\/wp\/v2\/product"}],"about":[{"href":"https:\/\/farmaciasavenidaderoma.com\/index.php?rest_route=\/wp\/v2\/types\/product"}],"wp:featuredmedia":[{"embeddable":true,"href":"https:\/\/farmaciasavenidaderoma.com\/index.php?rest_route=\/wp\/v2\/media\/3478"}],"wp:attachment":[{"href":"https:\/\/farmaciasavenidaderoma.com\/index.php?rest_route=%2Fwp%2Fv2%2Fmedia&parent=3477"}],"wp:term":[{"taxonomy":"product_cat","embeddable":true,"href":"https:\/\/farmaciasavenidaderoma.com\/index.php?rest_route=%2Fwp%2Fv2%2Fproduct_cat&post=3477"},{"taxonomy":"product_tag","embeddable":true,"href":"https:\/\/farmaciasavenidaderoma.com\/index.php?rest_route=%2Fwp%2Fv2%2Fproduct_tag&post=3477"}],"curies":[{"name":"wp","href":"https:\/\/api.w.org\/{rel}","templated":true}]}}