{"id":3475,"date":"2024-04-23T16:57:58","date_gmt":"2024-04-23T15:57:58","guid":{"rendered":"https:\/\/farmaciasavenidaderoma.com\/?post_type=product&#038;p=3475"},"modified":"2024-04-23T17:56:47","modified_gmt":"2024-04-23T16:56:47","slug":"rene-furterer-karite-nutritive-champo-150ml","status":"publish","type":"product","link":"https:\/\/farmaciasavenidaderoma.com\/?product=rene-furterer-karite-nutritive-champo-150ml","title":{"rendered":"Rene Furterer Karite Nutritive Champ\u00f4 150ml"},"content":{"rendered":"<p>Rene Furterer Nutri Karit\u00e9 Intense Nutrition Shampoo 150 ml.\u00a0\u00e9 um champ\u00f4\u00a0que nutre intensamente os cabelos secos e danificados.<\/p>\n<p>Sua f\u00f3rmula cont\u00e9m karit\u00e9 \u00e9tica, que \u00e9 um recurso natural m\u00edtica com 12% de \u00f3leos nutritivos.<\/p>\n<p>Sua base de lavagem \u00e9 macia e tem uma textura rica e agrad\u00e1vel.<\/p>\n<p>Aplicar sobre o couro cabeludo e emulsionar.<\/p>\n<p>Lavar com \u00e1gua e proceder a uma segunda aplica\u00e7\u00e3o.<\/p>\n<p>Deixa-se atuar durante 2 minutos, e enxagua-se com \u00e1gua<strong>.<\/strong><\/p>\n","protected":false},"excerpt":{"rendered":"<p>Rene Furterer Nutri Karit\u00e9 Intense Nutrition Shampoo 150 ml.\u00a0\u00e9 um champ\u00f4\u00a0que nutre intensamente os cabelos secos e danificados. Sua f\u00f3rmula cont\u00e9m karit\u00e9 \u00e9tica, que \u00e9&hellip;<\/p>\n","protected":false},"featured_media":3476,"template":"","meta":{"_eb_attr":""},"product_cat":[15,33,24],"product_tag":[72],"class_list":{"0":"post-3475","1":"product","2":"type-product","3":"status-publish","4":"has-post-thumbnail","6":"product_cat-geral","7":"product_cat-campanhas","8":"product_cat-derma","9":"product_tag-cabelo","11":"first","12":"instock","13":"sale","14":"shipping-taxable","15":"purchasable","16":"product-type-simple","17":"customify-col"},"aioseo_notices":[],"_links":{"self":[{"href":"https:\/\/farmaciasavenidaderoma.com\/index.php?rest_route=\/wp\/v2\/product\/3475","targetHints":{"allow":["GET"]}}],"collection":[{"href":"https:\/\/farmaciasavenidaderoma.com\/index.php?rest_route=\/wp\/v2\/product"}],"about":[{"href":"https:\/\/farmaciasavenidaderoma.com\/index.php?rest_route=\/wp\/v2\/types\/product"}],"wp:featuredmedia":[{"embeddable":true,"href":"https:\/\/farmaciasavenidaderoma.com\/index.php?rest_route=\/wp\/v2\/media\/3476"}],"wp:attachment":[{"href":"https:\/\/farmaciasavenidaderoma.com\/index.php?rest_route=%2Fwp%2Fv2%2Fmedia&parent=3475"}],"wp:term":[{"taxonomy":"product_cat","embeddable":true,"href":"https:\/\/farmaciasavenidaderoma.com\/index.php?rest_route=%2Fwp%2Fv2%2Fproduct_cat&post=3475"},{"taxonomy":"product_tag","embeddable":true,"href":"https:\/\/farmaciasavenidaderoma.com\/index.php?rest_route=%2Fwp%2Fv2%2Fproduct_tag&post=3475"}],"curies":[{"name":"wp","href":"https:\/\/api.w.org\/{rel}","templated":true}]}}