{"id":3470,"date":"2024-04-23T16:57:58","date_gmt":"2024-04-23T15:57:58","guid":{"rendered":"https:\/\/farmaciasavenidaderoma.com\/?post_type=product&#038;p=3470"},"modified":"2024-04-23T17:57:01","modified_gmt":"2024-04-23T16:57:01","slug":"rene-furterer-volumea-balsamo-150ml","status":"publish","type":"product","link":"https:\/\/farmaciasavenidaderoma.com\/?product=rene-furterer-volumea-balsamo-150ml","title":{"rendered":"Rene Furterer Volumea B\u00e1lsamo 150ml"},"content":{"rendered":"<p>O B\u00c1LSAMO\u00a0AVOLUMADOR DOS\u00a0CABELOS FINOS E SEM VOLUME<\/p>\n<p>Verdadeira proeza gal\u00e9nica, a textura ligeira e evanescente do B\u00e1lsamo avolumador VOLUMEA funde-se com o cabelo para o desembara\u00e7ar de imediato e devolver volume e espessura aos cabelos finos.<\/p>\n<p>1. Aplicar o equivalente a uma noz de produto no cabelo bem escorrido, dos comprimentos \u00e0s pontas, para fechar bem as escamas.<\/p>\n<p>2. Sem tempo de pose.<\/p>\n<p>3. Enxaguar abundantemente.<\/p>\n<div>4. Para aumentar o volume do brushing, comece por voltar a cabe\u00e7a para baixo. A seguir, fixe o volume com a ajuda de secador depois de ter aplicado o Cuidado avolumador VOLUMEA ou a Espuma avolumadora VOLUMEA.<\/div>\n<div><\/div>\n<div>Uso frequente<\/div>\n","protected":false},"excerpt":{"rendered":"<p>O B\u00c1LSAMO\u00a0AVOLUMADOR DOS\u00a0CABELOS FINOS E SEM VOLUME Verdadeira proeza gal\u00e9nica, a textura ligeira e evanescente do B\u00e1lsamo avolumador VOLUMEA funde-se com o cabelo para o&hellip;<\/p>\n","protected":false},"featured_media":3471,"template":"","meta":{"_eb_attr":""},"product_cat":[15,33,24],"product_tag":[72],"class_list":{"0":"post-3470","1":"product","2":"type-product","3":"status-publish","4":"has-post-thumbnail","6":"product_cat-geral","7":"product_cat-campanhas","8":"product_cat-derma","9":"product_tag-cabelo","11":"first","12":"instock","13":"sale","14":"shipping-taxable","15":"purchasable","16":"product-type-simple","17":"customify-col"},"aioseo_notices":[],"_links":{"self":[{"href":"https:\/\/farmaciasavenidaderoma.com\/index.php?rest_route=\/wp\/v2\/product\/3470","targetHints":{"allow":["GET"]}}],"collection":[{"href":"https:\/\/farmaciasavenidaderoma.com\/index.php?rest_route=\/wp\/v2\/product"}],"about":[{"href":"https:\/\/farmaciasavenidaderoma.com\/index.php?rest_route=\/wp\/v2\/types\/product"}],"wp:featuredmedia":[{"embeddable":true,"href":"https:\/\/farmaciasavenidaderoma.com\/index.php?rest_route=\/wp\/v2\/media\/3471"}],"wp:attachment":[{"href":"https:\/\/farmaciasavenidaderoma.com\/index.php?rest_route=%2Fwp%2Fv2%2Fmedia&parent=3470"}],"wp:term":[{"taxonomy":"product_cat","embeddable":true,"href":"https:\/\/farmaciasavenidaderoma.com\/index.php?rest_route=%2Fwp%2Fv2%2Fproduct_cat&post=3470"},{"taxonomy":"product_tag","embeddable":true,"href":"https:\/\/farmaciasavenidaderoma.com\/index.php?rest_route=%2Fwp%2Fv2%2Fproduct_tag&post=3470"}],"curies":[{"name":"wp","href":"https:\/\/api.w.org\/{rel}","templated":true}]}}