{"id":3468,"date":"2024-04-23T16:57:58","date_gmt":"2024-04-23T15:57:58","guid":{"rendered":"https:\/\/farmaciasavenidaderoma.com\/?post_type=product&#038;p=3468"},"modified":"2024-04-23T17:56:33","modified_gmt":"2024-04-23T16:56:33","slug":"rene-furterer-karite-nutri-200ml","status":"publish","type":"product","link":"https:\/\/farmaciasavenidaderoma.com\/?product=rene-furterer-karite-nutri-200ml","title":{"rendered":"Rene Furterer Karite Nutri 200ml"},"content":{"rendered":"<p>UM CUIDADO CAPILAR EXCECIONAL NUTRITIVO E REGENERANTE\u00a0DE RIQUEZA INIGUAL\u00c1VEL.<\/p>\n<p>KARIT\u00c9 NUTRI m\u00e1scara, gra\u00e7as \u00e0\u00a0alta\u00a0concentra\u00e7\u00e3o de\u00a0\u00f3leo e manteiga de karit\u00e9, apresenta-se como\u00a0uma fonte excecional de nutri\u00e7\u00e3o para o cabelo muito seco.<\/p>\n<p>As\u00a0preciosas\u00a0pectinas de marmelo, que protegem\u00a0o cabelo, a\u00a0sua textura incrivelmente rica e cremosa e a sua fragr\u00e2ncia sensorial, proporcionam\u00a0uma\u00a0profunda atua\u00e7\u00e3o que\u00a0regenera\u00a0e nutre\u00a0o cabelo muito seco sem pesar. Instantaneamente desembara\u00e7ado, o cabelo fica\u00a0incrivelmente\u00a0suave, macio e f\u00e1cil de pentear.<\/p>\n<p>1. Aplicar o equivalente a uma noz de produto no cabelo bem escorrido, alisando madeixa a madeixa, da metade do comprimento at\u00e9 \u00e0s pontas, para fechar as escamas.<\/p>\n<p>2. Deixar actuar 2 a 5 minutos.<\/p>\n<p>3. Desembara\u00e7ar e enxaguar abundantemente.<\/p>\n<p>Frequ\u00eancia de utiliza\u00e7\u00e3o: 1 a 2 vezes por semana.<\/p>\n","protected":false},"excerpt":{"rendered":"<p>UM CUIDADO CAPILAR EXCECIONAL NUTRITIVO E REGENERANTE\u00a0DE RIQUEZA INIGUAL\u00c1VEL. KARIT\u00c9 NUTRI m\u00e1scara, gra\u00e7as \u00e0\u00a0alta\u00a0concentra\u00e7\u00e3o de\u00a0\u00f3leo e manteiga de karit\u00e9, apresenta-se como\u00a0uma fonte excecional de nutri\u00e7\u00e3o&hellip;<\/p>\n","protected":false},"featured_media":3469,"template":"","meta":{"_eb_attr":""},"product_cat":[15,33,24],"product_tag":[72],"class_list":{"0":"post-3468","1":"product","2":"type-product","3":"status-publish","4":"has-post-thumbnail","6":"product_cat-geral","7":"product_cat-campanhas","8":"product_cat-derma","9":"product_tag-cabelo","11":"first","12":"instock","13":"sale","14":"shipping-taxable","15":"purchasable","16":"product-type-simple","17":"customify-col"},"aioseo_notices":[],"_links":{"self":[{"href":"https:\/\/farmaciasavenidaderoma.com\/index.php?rest_route=\/wp\/v2\/product\/3468","targetHints":{"allow":["GET"]}}],"collection":[{"href":"https:\/\/farmaciasavenidaderoma.com\/index.php?rest_route=\/wp\/v2\/product"}],"about":[{"href":"https:\/\/farmaciasavenidaderoma.com\/index.php?rest_route=\/wp\/v2\/types\/product"}],"wp:featuredmedia":[{"embeddable":true,"href":"https:\/\/farmaciasavenidaderoma.com\/index.php?rest_route=\/wp\/v2\/media\/3469"}],"wp:attachment":[{"href":"https:\/\/farmaciasavenidaderoma.com\/index.php?rest_route=%2Fwp%2Fv2%2Fmedia&parent=3468"}],"wp:term":[{"taxonomy":"product_cat","embeddable":true,"href":"https:\/\/farmaciasavenidaderoma.com\/index.php?rest_route=%2Fwp%2Fv2%2Fproduct_cat&post=3468"},{"taxonomy":"product_tag","embeddable":true,"href":"https:\/\/farmaciasavenidaderoma.com\/index.php?rest_route=%2Fwp%2Fv2%2Fproduct_tag&post=3468"}],"curies":[{"name":"wp","href":"https:\/\/api.w.org\/{rel}","templated":true}]}}