{"id":3465,"date":"2024-04-23T16:57:59","date_gmt":"2024-04-23T15:57:59","guid":{"rendered":"https:\/\/farmaciasavenidaderoma.com\/?post_type=product&#038;p=3465"},"modified":"2024-04-23T17:54:40","modified_gmt":"2024-04-23T16:54:40","slug":"rene-furterer-okara-silver-balsamo-150ml","status":"publish","type":"product","link":"https:\/\/farmaciasavenidaderoma.com\/?product=rene-furterer-okara-silver-balsamo-150ml","title":{"rendered":"Rene Furterer Okara Silver B\u00e1lsamo 150ml"},"content":{"rendered":"<p><strong>Um condicionador que hidrata os cabelos brancos, grisalhos ou louros platinados e real\u00e7a os tons frios.<\/strong><\/p>\n<p>Este condicionador antiamarelecimento hidrata a fibra capilar e neutraliza os tons amarelos indesejados nos cabelos brancos, grisalhos ou louros platinados. Ajuda a reparar os cabelos enfraquecidos. A sua textura de gel fundente revela uma fragr\u00e2ncia sofisticada e floral. Perfeitamente desembara\u00e7ado, o cabelo recupera instantaneamente a suavidade e a elasticidade. Os cabelos brancos e grisalhos irradiam uma cor pura e cativante. o cabelo louro platinado \u00e9 real\u00e7ado com reflexos brilhantes e frescos.<\/p>\n<p>Vantagem<\/p>\n<p>pH \u00e1cido que ajuda a suavizar as cut\u00edculas capilares e aumenta o brilho do cabelo.<\/p>\n<p>Benef\u00edcios<\/p>\n<p>\u2022 DESEMBARA\u00c7A, HIDRATA E NEUTRALIZA TONS AMARELOS: o cabelo recupera a suavidade e a elasticidade. a sua luminosidade \u00e9 real\u00e7ada.<br \/>\n\u2022 AJUDA A REPARA\u00c7\u00c3O DO CABELO ENFRAQUECIDO: gra\u00e7as \u00e0 a\u00e7\u00e3o do extrato natural de Okara.<br \/>\n\u2022 TEXTURA EM GEL DELICIOSAMENTE FUNDENTE: a textura de gel fundente do condicionador revela uma sofisticada fragr\u00e2ncia floral.<\/p>\n<p>1 a 2 vezes por semana; ap\u00f3s a lavagem, aplicar uma pequena quantidade de produto no cabelo ap\u00f3s retirar o excesso de \u00e1gua com toalha e deixar atuar durante 2 a 3 minutos, desembara\u00e7ar e enxaguar em seguida.<\/p>\n","protected":false},"excerpt":{"rendered":"<p>Um condicionador que hidrata os cabelos brancos, grisalhos ou louros platinados e real\u00e7a os tons frios. Este condicionador antiamarelecimento hidrata a fibra capilar e neutraliza&hellip;<\/p>\n","protected":false},"featured_media":3466,"template":"","meta":{"_eb_attr":""},"product_cat":[15,33,24],"product_tag":[72],"class_list":{"0":"post-3465","1":"product","2":"type-product","3":"status-publish","4":"has-post-thumbnail","6":"product_cat-geral","7":"product_cat-campanhas","8":"product_cat-derma","9":"product_tag-cabelo","11":"first","12":"instock","13":"sale","14":"shipping-taxable","15":"purchasable","16":"product-type-simple","17":"customify-col"},"aioseo_notices":[],"_links":{"self":[{"href":"https:\/\/farmaciasavenidaderoma.com\/index.php?rest_route=\/wp\/v2\/product\/3465","targetHints":{"allow":["GET"]}}],"collection":[{"href":"https:\/\/farmaciasavenidaderoma.com\/index.php?rest_route=\/wp\/v2\/product"}],"about":[{"href":"https:\/\/farmaciasavenidaderoma.com\/index.php?rest_route=\/wp\/v2\/types\/product"}],"wp:featuredmedia":[{"embeddable":true,"href":"https:\/\/farmaciasavenidaderoma.com\/index.php?rest_route=\/wp\/v2\/media\/3466"}],"wp:attachment":[{"href":"https:\/\/farmaciasavenidaderoma.com\/index.php?rest_route=%2Fwp%2Fv2%2Fmedia&parent=3465"}],"wp:term":[{"taxonomy":"product_cat","embeddable":true,"href":"https:\/\/farmaciasavenidaderoma.com\/index.php?rest_route=%2Fwp%2Fv2%2Fproduct_cat&post=3465"},{"taxonomy":"product_tag","embeddable":true,"href":"https:\/\/farmaciasavenidaderoma.com\/index.php?rest_route=%2Fwp%2Fv2%2Fproduct_tag&post=3465"}],"curies":[{"name":"wp","href":"https:\/\/api.w.org\/{rel}","templated":true}]}}