{"id":3459,"date":"2024-04-23T16:57:59","date_gmt":"2024-04-23T15:57:59","guid":{"rendered":"https:\/\/farmaciasavenidaderoma.com\/?post_type=product&#038;p=3459"},"modified":"2024-04-23T17:55:15","modified_gmt":"2024-04-23T16:55:15","slug":"rene-furterer-okara-blond-balsamo-150ml","status":"publish","type":"product","link":"https:\/\/farmaciasavenidaderoma.com\/?product=rene-furterer-okara-blond-balsamo-150ml","title":{"rendered":"Rene Furterer Okara Blond B\u00e1lsamo 150ml"},"content":{"rendered":"<p><strong>Um condicionador instant\u00e2neo para cabelos louros suaves e luminosos, sem qualquer tempo de pausa.<\/strong><\/p>\n<p>Enriquecido com o ingrediente ativo natural RefletLumi\u00e8reTM, este condicionador desembara\u00e7a e recupera instantaneamente a luminosidade do cabelo louro natural, com madeixas ou descolorado. Rico em amino\u00e1cidos semelhantes aos da queratina, o extrato natural de Okara ajuda a reparar o cabelo. A sua textura fundente revela uma fragr\u00e2ncia sofisticada e floral. Perfeitamente desembara\u00e7ado, o cabelo fica sedoso e suave, com um toque leve.<\/p>\n<p>Vantagem<\/p>\n<p>pH \u00e1cido que ajuda a suavizar as cut\u00edculas capilares e aumenta o brilho do cabelo.<\/p>\n<p>Benef\u00edcios<\/p>\n<p>\u2022 F\u00c1CIL DE DESEMBARA\u00c7AR: instantaneamente desembara\u00e7ado, o cabelo fica sedoso e suave ao toque.<br \/>\n\u2022 REAL\u00c7A OS TONS LOUROS: a luminosidade do cabelo louro natural, com madeixas ou descolorado \u00e9 restaurada.<br \/>\n\u2022 CUIDADO EXPRESSO: sem tempo de pausa, este produto aplica-se ap\u00f3s o champ\u00f4 e \u00e9 enxaguado.<\/p>\n<p>Ap\u00f3s a lavagem com o champ\u00f4, aplicar uma pequena quantidade de produto no cabelo ap\u00f3s retirar o excesso de \u00e1gua com toalha.<\/p>\n<p>N\u00e3o \u00e9 necess\u00e1rio tempo de pausa.<\/p>\n<p>Desembara\u00e7ar e enxaguar bem.<\/p>\n","protected":false},"excerpt":{"rendered":"<p>Um condicionador instant\u00e2neo para cabelos louros suaves e luminosos, sem qualquer tempo de pausa. Enriquecido com o ingrediente ativo natural RefletLumi\u00e8reTM, este condicionador desembara\u00e7a e&hellip;<\/p>\n","protected":false},"featured_media":3460,"template":"","meta":{"_eb_attr":""},"product_cat":[15,33,24],"product_tag":[72],"class_list":{"0":"post-3459","1":"product","2":"type-product","3":"status-publish","4":"has-post-thumbnail","6":"product_cat-geral","7":"product_cat-campanhas","8":"product_cat-derma","9":"product_tag-cabelo","11":"first","12":"instock","13":"sale","14":"shipping-taxable","15":"purchasable","16":"product-type-simple","17":"customify-col"},"aioseo_notices":[],"_links":{"self":[{"href":"https:\/\/farmaciasavenidaderoma.com\/index.php?rest_route=\/wp\/v2\/product\/3459","targetHints":{"allow":["GET"]}}],"collection":[{"href":"https:\/\/farmaciasavenidaderoma.com\/index.php?rest_route=\/wp\/v2\/product"}],"about":[{"href":"https:\/\/farmaciasavenidaderoma.com\/index.php?rest_route=\/wp\/v2\/types\/product"}],"wp:featuredmedia":[{"embeddable":true,"href":"https:\/\/farmaciasavenidaderoma.com\/index.php?rest_route=\/wp\/v2\/media\/3460"}],"wp:attachment":[{"href":"https:\/\/farmaciasavenidaderoma.com\/index.php?rest_route=%2Fwp%2Fv2%2Fmedia&parent=3459"}],"wp:term":[{"taxonomy":"product_cat","embeddable":true,"href":"https:\/\/farmaciasavenidaderoma.com\/index.php?rest_route=%2Fwp%2Fv2%2Fproduct_cat&post=3459"},{"taxonomy":"product_tag","embeddable":true,"href":"https:\/\/farmaciasavenidaderoma.com\/index.php?rest_route=%2Fwp%2Fv2%2Fproduct_tag&post=3459"}],"curies":[{"name":"wp","href":"https:\/\/api.w.org\/{rel}","templated":true}]}}