{"id":3453,"date":"2024-04-23T16:58:00","date_gmt":"2024-04-23T15:58:00","guid":{"rendered":"https:\/\/farmaciasavenidaderoma.com\/?post_type=product&#038;p=3453"},"modified":"2024-04-23T17:54:29","modified_gmt":"2024-04-23T16:54:29","slug":"rene-furterer-okara-blond-spray-150ml","status":"publish","type":"product","link":"https:\/\/farmaciasavenidaderoma.com\/?product=rene-furterer-okara-blond-spray-150ml","title":{"rendered":"Rene Furterer Okara Blond Spray 150ml"},"content":{"rendered":"<p>Com reflexos dourados, este spray clareador real\u00e7a o brilho do cabelo louro natural, com madeixas ou descolorado e desembara\u00e7a instantaneamente.<\/p>\n<p>Rico em RefletLumi\u00e8reTM, um ingrediente ativo natural, ilumina gradualmente os cabelos louros uma tonalidade.<\/p>\n<p>Gra\u00e7as ao extrato natural de Okara, ajuda a reparar e a proteger o cabelo.<\/p>\n<p>Um produto leve, n\u00e3o oleoso e sem enxaguar.<\/p>\n<p>Com reflexos dourados, este spray clareador real\u00e7a o brilho do cabelo louro natural, com madeixas ou descolorado e desembara\u00e7a instantaneamente.<\/p>\n<p>Rico em RefletLumi\u00e8reTM, um ingrediente ativo natural, ilumina gradualmente os cabelos louros uma tonalidade.<\/p>\n<p>Gra\u00e7as ao extrato natural de Okara, ajuda a reparar e a proteger o cabelo.<\/p>\n<p>Um produto leve, n\u00e3o gorduroso, sem enxaguar.<\/p>\n<p>Agitar bem.<\/p>\n<p>Aplicar a uma dist\u00e2ncia de 20 cm do cabelo h\u00famido ou seco.<\/p>\n<p>Desembara\u00e7ar.<\/p>\n<p>N\u00e3o enxaguar.<\/p>\n<p>Aplicar diariamente.<\/p>\n","protected":false},"excerpt":{"rendered":"<p>Com reflexos dourados, este spray clareador real\u00e7a o brilho do cabelo louro natural, com madeixas ou descolorado e desembara\u00e7a instantaneamente. Rico em RefletLumi\u00e8reTM, um ingrediente&hellip;<\/p>\n","protected":false},"featured_media":3454,"template":"","meta":{"_eb_attr":""},"product_cat":[15,33,24],"product_tag":[72],"class_list":{"0":"post-3453","1":"product","2":"type-product","3":"status-publish","4":"has-post-thumbnail","6":"product_cat-geral","7":"product_cat-campanhas","8":"product_cat-derma","9":"product_tag-cabelo","11":"first","12":"instock","13":"sale","14":"shipping-taxable","15":"purchasable","16":"product-type-simple","17":"customify-col"},"aioseo_notices":[],"_links":{"self":[{"href":"https:\/\/farmaciasavenidaderoma.com\/index.php?rest_route=\/wp\/v2\/product\/3453","targetHints":{"allow":["GET"]}}],"collection":[{"href":"https:\/\/farmaciasavenidaderoma.com\/index.php?rest_route=\/wp\/v2\/product"}],"about":[{"href":"https:\/\/farmaciasavenidaderoma.com\/index.php?rest_route=\/wp\/v2\/types\/product"}],"wp:featuredmedia":[{"embeddable":true,"href":"https:\/\/farmaciasavenidaderoma.com\/index.php?rest_route=\/wp\/v2\/media\/3454"}],"wp:attachment":[{"href":"https:\/\/farmaciasavenidaderoma.com\/index.php?rest_route=%2Fwp%2Fv2%2Fmedia&parent=3453"}],"wp:term":[{"taxonomy":"product_cat","embeddable":true,"href":"https:\/\/farmaciasavenidaderoma.com\/index.php?rest_route=%2Fwp%2Fv2%2Fproduct_cat&post=3453"},{"taxonomy":"product_tag","embeddable":true,"href":"https:\/\/farmaciasavenidaderoma.com\/index.php?rest_route=%2Fwp%2Fv2%2Fproduct_tag&post=3453"}],"curies":[{"name":"wp","href":"https:\/\/api.w.org\/{rel}","templated":true}]}}