{"id":3451,"date":"2024-04-23T16:58:00","date_gmt":"2024-04-23T15:58:00","guid":{"rendered":"https:\/\/farmaciasavenidaderoma.com\/?post_type=product&#038;p=3451"},"modified":"2024-04-23T17:53:43","modified_gmt":"2024-04-23T16:53:43","slug":"rene-furterer-color-glow-cuidado-100ml","status":"publish","type":"product","link":"https:\/\/farmaciasavenidaderoma.com\/?product=rene-furterer-color-glow-cuidado-100ml","title":{"rendered":"Rene Furterer Color Glow Cuidado 100ml"},"content":{"rendered":"<p>Ren\u00e9 Furterer Color Glow Cuidado Thermo-protetor 100ml\u00a0\u00e9 um cuidado protetor sem enxaguamento que hidrata, repara e protege os cabelos coloridos ou real\u00e7ados at\u00e9 230\u00b0C para revelar um brilho duradouro por 48 horas.<\/p>\n<p>Benef\u00edcios:<br \/>\n&#8211; Protege os cabelos do calor: exerce a\u00e7\u00e3o termoprotetora de at\u00e9 230\u00b0C*;<br \/>\n&#8211; Facilita o pentear: gra\u00e7as \u00e0 sua tecnologia patenteada de repara\u00e7\u00e3o e antiporosidade, o cabelo \u00e9 alisado e embainhado para um estilo de acabamento perfeito;<br \/>\n&#8211; Revive instantaneamente o brilho: aperta as balan\u00e7as com Vinagre de Acerola para melhor reflex\u00e3o da luz.<\/p>\n<p>Dever\u00e1 ser aplicado nas m\u00e3os, aquecido e s\u00f3 depois aplicado no comprimento e pontas do cabelo.<\/p>\n","protected":false},"excerpt":{"rendered":"<p>Ren\u00e9 Furterer Color Glow Cuidado Thermo-protetor 100ml\u00a0\u00e9 um cuidado protetor sem enxaguamento que hidrata, repara e protege os cabelos coloridos ou real\u00e7ados at\u00e9 230\u00b0C para&hellip;<\/p>\n","protected":false},"featured_media":3452,"template":"","meta":{"_eb_attr":""},"product_cat":[15,33,24],"product_tag":[72],"class_list":{"0":"post-3451","1":"product","2":"type-product","3":"status-publish","4":"has-post-thumbnail","6":"product_cat-geral","7":"product_cat-campanhas","8":"product_cat-derma","9":"product_tag-cabelo","11":"first","12":"instock","13":"sale","14":"shipping-taxable","15":"purchasable","16":"product-type-simple","17":"customify-col"},"aioseo_notices":[],"_links":{"self":[{"href":"https:\/\/farmaciasavenidaderoma.com\/index.php?rest_route=\/wp\/v2\/product\/3451","targetHints":{"allow":["GET"]}}],"collection":[{"href":"https:\/\/farmaciasavenidaderoma.com\/index.php?rest_route=\/wp\/v2\/product"}],"about":[{"href":"https:\/\/farmaciasavenidaderoma.com\/index.php?rest_route=\/wp\/v2\/types\/product"}],"wp:featuredmedia":[{"embeddable":true,"href":"https:\/\/farmaciasavenidaderoma.com\/index.php?rest_route=\/wp\/v2\/media\/3452"}],"wp:attachment":[{"href":"https:\/\/farmaciasavenidaderoma.com\/index.php?rest_route=%2Fwp%2Fv2%2Fmedia&parent=3451"}],"wp:term":[{"taxonomy":"product_cat","embeddable":true,"href":"https:\/\/farmaciasavenidaderoma.com\/index.php?rest_route=%2Fwp%2Fv2%2Fproduct_cat&post=3451"},{"taxonomy":"product_tag","embeddable":true,"href":"https:\/\/farmaciasavenidaderoma.com\/index.php?rest_route=%2Fwp%2Fv2%2Fproduct_tag&post=3451"}],"curies":[{"name":"wp","href":"https:\/\/api.w.org\/{rel}","templated":true}]}}