{"id":3449,"date":"2024-04-23T16:58:00","date_gmt":"2024-04-23T15:58:00","guid":{"rendered":"https:\/\/farmaciasavenidaderoma.com\/?post_type=product&#038;p=3449"},"modified":"2024-04-23T17:54:17","modified_gmt":"2024-04-23T16:54:17","slug":"rene-furterer-karite-hydra-creme-dia-100ml","status":"publish","type":"product","link":"https:\/\/farmaciasavenidaderoma.com\/?product=rene-furterer-karite-hydra-creme-dia-100ml","title":{"rendered":"Rene Furterer Karite Hydra Creme Dia 100ml"},"content":{"rendered":"<p><strong>Um cuidado hidratante com \u00f3leo de Karit\u00e9, para cabelos secos.<\/strong><\/p>\n<p>Este cuidado sem enxaguar com \u00f3leo de Karit\u00e9 hidrata diariamente o cabelo seco e fr\u00e1gil. Este gesto de beleza expresso apresenta uma f\u00f3rmula com uma textura cremosa e n\u00e3o oleosa, para uma hidrata\u00e7\u00e3o \u00f3tima dia ap\u00f3s dia. O cabelo fica suave, flex\u00edvel e brilhante.<\/p>\n<p>Vantagem<\/p>\n<p>Um passo de beleza expresso para cabelos secos. Usado sem enxaguar, este creme n\u00e3o oleoso, derrete, hidrata e real\u00e7a diariamente o cabelo seco e enfraquecido.<\/p>\n<p>Benef\u00edcios<\/p>\n<p>\u2022 HIDRATA DIARIAMENTE: O \u00d3leo de Karit\u00e9 hidrata o cabelo sem pesar, enquanto o Cimentrio preenche os espa\u00e7os e sela as pontas duplas. O cabelo fica deixado suave, flex\u00edvel e brilhante.<br \/>\n\u2022 F\u00c1CIL DE PENTEAR: O cabelo fica instantaneamente bonito. dia ap\u00f3s dia fica flex\u00edvel e leve.<br \/>\n\u2022 TEXTURA FUNDENTE COM TOQUE SECO: a f\u00f3rmula de gel-creme n\u00e3o oleosa funde-se delicadamente no cabelo sem pesar.<\/p>\n<p>Aplicar o equivalente a uma avel\u00e3 de produto no cabelo seco ou escorrido, nos comprimentos e pontas, e proceder ao penteado. N\u00e3o enxaguar. Utilizar sempre que necess\u00e1rio.<\/p>\n","protected":false},"excerpt":{"rendered":"<p>Um cuidado hidratante com \u00f3leo de Karit\u00e9, para cabelos secos. Este cuidado sem enxaguar com \u00f3leo de Karit\u00e9 hidrata diariamente o cabelo seco e fr\u00e1gil.&hellip;<\/p>\n","protected":false},"featured_media":3450,"template":"","meta":{"_eb_attr":""},"product_cat":[15,33,24],"product_tag":[72],"class_list":{"0":"post-3449","1":"product","2":"type-product","3":"status-publish","4":"has-post-thumbnail","6":"product_cat-geral","7":"product_cat-campanhas","8":"product_cat-derma","9":"product_tag-cabelo","11":"first","12":"instock","13":"sale","14":"shipping-taxable","15":"purchasable","16":"product-type-simple","17":"customify-col"},"aioseo_notices":[],"_links":{"self":[{"href":"https:\/\/farmaciasavenidaderoma.com\/index.php?rest_route=\/wp\/v2\/product\/3449","targetHints":{"allow":["GET"]}}],"collection":[{"href":"https:\/\/farmaciasavenidaderoma.com\/index.php?rest_route=\/wp\/v2\/product"}],"about":[{"href":"https:\/\/farmaciasavenidaderoma.com\/index.php?rest_route=\/wp\/v2\/types\/product"}],"wp:featuredmedia":[{"embeddable":true,"href":"https:\/\/farmaciasavenidaderoma.com\/index.php?rest_route=\/wp\/v2\/media\/3450"}],"wp:attachment":[{"href":"https:\/\/farmaciasavenidaderoma.com\/index.php?rest_route=%2Fwp%2Fv2%2Fmedia&parent=3449"}],"wp:term":[{"taxonomy":"product_cat","embeddable":true,"href":"https:\/\/farmaciasavenidaderoma.com\/index.php?rest_route=%2Fwp%2Fv2%2Fproduct_cat&post=3449"},{"taxonomy":"product_tag","embeddable":true,"href":"https:\/\/farmaciasavenidaderoma.com\/index.php?rest_route=%2Fwp%2Fv2%2Fproduct_tag&post=3449"}],"curies":[{"name":"wp","href":"https:\/\/api.w.org\/{rel}","templated":true}]}}