{"id":3440,"date":"2024-04-23T16:58:01","date_gmt":"2024-04-23T15:58:01","guid":{"rendered":"https:\/\/farmaciasavenidaderoma.com\/?post_type=product&#038;p=3440"},"modified":"2024-04-23T17:52:58","modified_gmt":"2024-04-23T16:52:58","slug":"rene-furterer-trio-vitalfan-antiqueda-reacional-3x30caps","status":"publish","type":"product","link":"https:\/\/farmaciasavenidaderoma.com\/?product=rene-furterer-trio-vitalfan-antiqueda-reacional-3x30caps","title":{"rendered":"Rene Furterer Trio Vitalfan Antiqueda Reacional 3x30caps"},"content":{"rendered":"<p><b>Ren\u00e9 Furterer Trio Vitalfan Antiqueda Reacional<\/b><span style=\"font-weight: 400\">\u00a0\u00e9 um suplemento alimentar especificamente formulado para ajudar a combater a queda de cabelo reacional. Este tipo de queda pode ser causada por fatores como o stress, fadiga, mudan\u00e7as sazonais, regimes alimentares restritivos, p\u00f3s-parto, entre outros.\u00a0<\/span><\/p>\n<p><span style=\"font-weight: 400\">O Vitalfan Antiqueda Reacional combina ingredientes ativos de origem vegetal com vitaminas e minerais:\u00a0<\/span><\/p>\n<ul>\n<li style=\"font-weight: 400\"><span style=\"font-weight: 400\">Biotina \u2014 importante para a s\u00edntese de queratina, o principal componente do cabelo;<\/span><\/li>\n<li style=\"font-weight: 400\"><span style=\"font-weight: 400\">Ciste\u00edna \u2014 um amino\u00e1cido importante para a produ\u00e7\u00e3o de queratina;<\/span><\/li>\n<li style=\"font-weight: 400\"><span style=\"font-weight: 400\">Zinco \u2014 contribui para a produ\u00e7\u00e3o adequada de prote\u00ednas;<\/span><\/li>\n<li style=\"font-weight: 400\"><span style=\"font-weight: 400\">Vitamina E e Sel\u00e9nio \u2014 com a\u00e7\u00e3o antioxidante, ajudam a proteger as c\u00e9lulas contra os danos oxidativos.<\/span><\/li>\n<\/ul>\n<p>&nbsp;<\/p>\n<p><b>Aten\u00e7\u00e3o:<\/b><span style=\"font-weight: 400\">\u00a0Os suplementos alimentares s\u00e3o, como o nome indica, complementos \u00e0 alimenta\u00e7\u00e3o. N\u00e3o devem ser utilizados em substitui\u00e7\u00e3o de um regime alimentar variado e de um estilo de vida saud\u00e1vel. N\u00e3o recomendado para mulheres gr\u00e1vidas ou a amamentar, ou tomado em conjunto com tratamentos para a hipertens\u00e3o. Manter fora do alcance das crian\u00e7as.<\/span><\/p>\n<p><span style=\"font-weight: 400\">Pack promocional para 3 meses de tratamento.\u00a0<\/span><\/p>\n<p>&nbsp;<\/p>\n<h3><b>Resultados do Ren\u00e9 Furterer Trio Vitalfan Antiqueda Reacional:\u00a0<\/b><\/h3>\n<ul>\n<li style=\"font-weight: 400\"><span style=\"font-weight: 400\">Contribui para o crescimento saud\u00e1vel do cabelo;<\/span><\/li>\n<li style=\"font-weight: 400\"><span style=\"font-weight: 400\">A\u00e7\u00e3o antioxidante e protetora;<\/span><\/li>\n<li style=\"font-weight: 400\"><span style=\"font-weight: 400\">Contribui para a s\u00edntese adequada de prote\u00ednas.\u00a0<\/span><\/li>\n<\/ul>\n<p><span style=\"font-weight: 400\">\u00a0<\/span><\/p>\n<h3><b>Como tomar o Ren\u00e9 Furterer Trio Vitalfan Antiqueda Reacional:<\/b><\/h3>\n<ol>\n<li style=\"font-weight: 400\"><span style=\"font-weight: 400\">Tome uma c\u00e1psula por dia, \u00e0 refei\u00e7\u00e3o, durante pelo menos 3 meses.\u00a0<\/span><\/li>\n<\/ol>\n","protected":false},"excerpt":{"rendered":"<p>Ren\u00e9 Furterer Trio Vitalfan Antiqueda Reacional\u00a0\u00e9 um suplemento alimentar especificamente formulado para ajudar a combater a queda de cabelo reacional. Este tipo de queda pode&hellip;<\/p>\n","protected":false},"featured_media":3441,"template":"","meta":{"_eb_attr":""},"product_cat":[15,33,24,25],"product_tag":[84,72],"class_list":{"0":"post-3440","1":"product","2":"type-product","3":"status-publish","4":"has-post-thumbnail","6":"product_cat-geral","7":"product_cat-campanhas","8":"product_cat-derma","9":"product_cat-suplementos","10":"product_tag-antiqueda","11":"product_tag-cabelo","13":"first","14":"instock","15":"sale","16":"shipping-taxable","17":"purchasable","18":"product-type-simple","19":"customify-col"},"aioseo_notices":[],"_links":{"self":[{"href":"https:\/\/farmaciasavenidaderoma.com\/index.php?rest_route=\/wp\/v2\/product\/3440","targetHints":{"allow":["GET"]}}],"collection":[{"href":"https:\/\/farmaciasavenidaderoma.com\/index.php?rest_route=\/wp\/v2\/product"}],"about":[{"href":"https:\/\/farmaciasavenidaderoma.com\/index.php?rest_route=\/wp\/v2\/types\/product"}],"wp:featuredmedia":[{"embeddable":true,"href":"https:\/\/farmaciasavenidaderoma.com\/index.php?rest_route=\/wp\/v2\/media\/3441"}],"wp:attachment":[{"href":"https:\/\/farmaciasavenidaderoma.com\/index.php?rest_route=%2Fwp%2Fv2%2Fmedia&parent=3440"}],"wp:term":[{"taxonomy":"product_cat","embeddable":true,"href":"https:\/\/farmaciasavenidaderoma.com\/index.php?rest_route=%2Fwp%2Fv2%2Fproduct_cat&post=3440"},{"taxonomy":"product_tag","embeddable":true,"href":"https:\/\/farmaciasavenidaderoma.com\/index.php?rest_route=%2Fwp%2Fv2%2Fproduct_tag&post=3440"}],"curies":[{"name":"wp","href":"https:\/\/api.w.org\/{rel}","templated":true}]}}