{"id":3436,"date":"2024-04-23T16:58:01","date_gmt":"2024-04-23T15:58:01","guid":{"rendered":"https:\/\/farmaciasavenidaderoma.com\/?post_type=product&#038;p=3436"},"modified":"2024-04-23T17:53:10","modified_gmt":"2024-04-23T16:53:10","slug":"rene-furterer-tonucia-serum-natural-filler-75ml","status":"publish","type":"product","link":"https:\/\/farmaciasavenidaderoma.com\/?product=rene-furterer-tonucia-serum-natural-filler-75ml","title":{"rendered":"Rene Furterer Tonucia S\u00e9rum Natural Filler 75ml"},"content":{"rendered":"<p><strong>S\u00e9rum capilar<\/strong>\u00a0indicado para o cuidado de\u00a0<strong>cabelos finos, fr\u00e1geis e sem vida<\/strong>.<\/p>\n<p>Formulado com<strong>\u00a0\u00e1cido hialur\u00f4nico<\/strong>\u00a0de origem vegetal, deixa a juba forte e com volume.<\/p>\n<p><strong>Rene Furterer Tonucia Natural Filler\u00a0<\/strong>ajuda preservar o couro cabeludo e a fibra capilar.<\/p>\n<p>Combina\u00e7\u00e3o de extratos vegetais naturais: \u00f3leo essencial de laranja, cimentrio e microprote\u00edna de trigo para uma limpeza suave, estimulante, revitalizante, reestruturante e fortificante. Associa erva-cidreira para preservar a juventude do couro cabeludo e forma um escudo antioxidante.<\/p>\n<ul>\n<li>Envolve o cabelo dando-lhe for\u00e7a e vitalidade.<\/li>\n<li>Redensifica e fortalece o cabelo.<\/li>\n<li>Protege contra as agress\u00f5es externas.<\/li>\n<li>Estimula o couro cabeludo e fortalece a raiz do cabelo.<\/li>\n<li>Repara os fios danificados e d\u00e1 for\u00e7a e volume.<\/li>\n<\/ul>\n<p>Textura com acabamento invis\u00edvel e n\u00e3o gordurosa.<br \/>\nIdeal para cabelo fino e fragilizado.<\/p>\n","protected":false},"excerpt":{"rendered":"<p>S\u00e9rum capilar\u00a0indicado para o cuidado de\u00a0cabelos finos, fr\u00e1geis e sem vida. Formulado com\u00a0\u00e1cido hialur\u00f4nico\u00a0de origem vegetal, deixa a juba forte e com volume. Rene Furterer&hellip;<\/p>\n","protected":false},"featured_media":3437,"template":"","meta":{"_eb_attr":""},"product_cat":[15,33,24],"product_tag":[72],"class_list":{"0":"post-3436","1":"product","2":"type-product","3":"status-publish","4":"has-post-thumbnail","6":"product_cat-geral","7":"product_cat-campanhas","8":"product_cat-derma","9":"product_tag-cabelo","11":"first","12":"instock","13":"sale","14":"shipping-taxable","15":"purchasable","16":"product-type-simple","17":"customify-col"},"aioseo_notices":[],"_links":{"self":[{"href":"https:\/\/farmaciasavenidaderoma.com\/index.php?rest_route=\/wp\/v2\/product\/3436","targetHints":{"allow":["GET"]}}],"collection":[{"href":"https:\/\/farmaciasavenidaderoma.com\/index.php?rest_route=\/wp\/v2\/product"}],"about":[{"href":"https:\/\/farmaciasavenidaderoma.com\/index.php?rest_route=\/wp\/v2\/types\/product"}],"wp:featuredmedia":[{"embeddable":true,"href":"https:\/\/farmaciasavenidaderoma.com\/index.php?rest_route=\/wp\/v2\/media\/3437"}],"wp:attachment":[{"href":"https:\/\/farmaciasavenidaderoma.com\/index.php?rest_route=%2Fwp%2Fv2%2Fmedia&parent=3436"}],"wp:term":[{"taxonomy":"product_cat","embeddable":true,"href":"https:\/\/farmaciasavenidaderoma.com\/index.php?rest_route=%2Fwp%2Fv2%2Fproduct_cat&post=3436"},{"taxonomy":"product_tag","embeddable":true,"href":"https:\/\/farmaciasavenidaderoma.com\/index.php?rest_route=%2Fwp%2Fv2%2Fproduct_tag&post=3436"}],"curies":[{"name":"wp","href":"https:\/\/api.w.org\/{rel}","templated":true}]}}