{"id":3434,"date":"2024-04-23T16:58:02","date_gmt":"2024-04-23T15:58:02","guid":{"rendered":"https:\/\/farmaciasavenidaderoma.com\/?post_type=product&#038;p=3434"},"modified":"2024-04-23T17:52:36","modified_gmt":"2024-04-23T16:52:36","slug":"rene-furterer-forticea-locao-energizante-100ml","status":"publish","type":"product","link":"https:\/\/farmaciasavenidaderoma.com\/?product=rene-furterer-forticea-locao-energizante-100ml","title":{"rendered":"Rene Furterer Forticea Lo\u00e7\u00e3o Energizante 100ml"},"content":{"rendered":"<p><strong>NOVO RITUAL T\u00d3NICO MASCULINO PARA REVIGORAR O CABELO DESDE A RAIZ.<\/strong><\/p>\n<p>Muito comum entre os homens, a lo\u00e7\u00e3o FORTICEA energizante \u00e9 um ritual essencial da manh\u00e3, independente de ser na sua casa de banho ou at\u00e9 mesmo no balne\u00e1rio do gin\u00e1sio.<\/p>\n<p>Em apenas poucos segundos, a lo\u00e7\u00e3o oferece vitalidade e uma sensa\u00e7\u00e3o de frescor e pureza ao couro cabeludo que \u00e9 instantaneamente revigorado.<\/p>\n<p>O cabelo est\u00e1 vibrando com energia, fortificado desde a raiz e f\u00e1cil e pentear.<\/p>\n<p>Vaporizar diariamente, no cabelo e couro cabeludo h\u00famido ou seco, sec\u00e7\u00e3o a sec\u00e7\u00e3o, com uma massagem suave em movimentos circulares.<\/p>\n<p>N\u00e3o enxaguar.<\/p>\n","protected":false},"excerpt":{"rendered":"<p>NOVO RITUAL T\u00d3NICO MASCULINO PARA REVIGORAR O CABELO DESDE A RAIZ. Muito comum entre os homens, a lo\u00e7\u00e3o FORTICEA energizante \u00e9 um ritual essencial da&hellip;<\/p>\n","protected":false},"featured_media":3435,"template":"","meta":{"_eb_attr":""},"product_cat":[15,33,24],"product_tag":[72],"class_list":{"0":"post-3434","1":"product","2":"type-product","3":"status-publish","4":"has-post-thumbnail","6":"product_cat-geral","7":"product_cat-campanhas","8":"product_cat-derma","9":"product_tag-cabelo","11":"first","12":"instock","13":"sale","14":"shipping-taxable","15":"purchasable","16":"product-type-simple","17":"customify-col"},"aioseo_notices":[],"_links":{"self":[{"href":"https:\/\/farmaciasavenidaderoma.com\/index.php?rest_route=\/wp\/v2\/product\/3434","targetHints":{"allow":["GET"]}}],"collection":[{"href":"https:\/\/farmaciasavenidaderoma.com\/index.php?rest_route=\/wp\/v2\/product"}],"about":[{"href":"https:\/\/farmaciasavenidaderoma.com\/index.php?rest_route=\/wp\/v2\/types\/product"}],"wp:featuredmedia":[{"embeddable":true,"href":"https:\/\/farmaciasavenidaderoma.com\/index.php?rest_route=\/wp\/v2\/media\/3435"}],"wp:attachment":[{"href":"https:\/\/farmaciasavenidaderoma.com\/index.php?rest_route=%2Fwp%2Fv2%2Fmedia&parent=3434"}],"wp:term":[{"taxonomy":"product_cat","embeddable":true,"href":"https:\/\/farmaciasavenidaderoma.com\/index.php?rest_route=%2Fwp%2Fv2%2Fproduct_cat&post=3434"},{"taxonomy":"product_tag","embeddable":true,"href":"https:\/\/farmaciasavenidaderoma.com\/index.php?rest_route=%2Fwp%2Fv2%2Fproduct_tag&post=3434"}],"curies":[{"name":"wp","href":"https:\/\/api.w.org\/{rel}","templated":true}]}}