{"id":3430,"date":"2024-04-23T16:58:27","date_gmt":"2024-04-23T15:58:27","guid":{"rendered":"https:\/\/farmaciasavenidaderoma.com\/?post_type=product&#038;p=3430"},"modified":"2024-04-23T17:51:45","modified_gmt":"2024-04-23T16:51:45","slug":"rene-furterer-triphasic-reacional-ampolaschampo-100ml","status":"publish","type":"product","link":"https:\/\/farmaciasavenidaderoma.com\/?product=rene-furterer-triphasic-reacional-ampolaschampo-100ml","title":{"rendered":"Rene Furterer Triphasic Reacional Ampolas+Champ\u00f4 100ml"},"content":{"rendered":"<p><strong>Rene Furterer Antiqueda Triphasic Reacional<\/strong>\u00a0\u00e9 util para o cuidado antiqueda reacional (stress, p\u00f3s-parto, regimes alimentares, fadiga ou tratamentos medicamentosos).<\/p>\n<p>Triphasic Reacional \u00e9 o cuidado completo para travar a queda reacional dos cabelos e relan\u00e7ar rapidamente o seu crescimento.<\/p>\n<p>Um complexo de ingredientes ativos que conjuga 3 a\u00e7\u00f5es fundamentais para aumentar visivelmente a massa capilar e devolver o vigor e a vitalidade tais como travar a queda, facilita o crescimento e refor\u00e7ar os cabelos.<\/p>\n<p>Embalagem com 12 ampolas.<\/p>\n<p>Rene Furterer Antiqueda Triphasic Reacional:<\/p>\n<p>&#8211; Utilize 1 vez por semana durante 3 meses.<\/p>\n<p>&#8211; Ap\u00f3s a lavagem, aplique a totalidade de uma ampola risca a risca, sobre o couro cabeludo limpo e h\u00famido.<\/p>\n<p>&#8211; Massaje o couro cabeludo para favorecer a absor\u00e7\u00e3o do produto.<\/p>\n<p>&#8211; N\u00e3o enxague.<\/p>\n","protected":false},"excerpt":{"rendered":"<p>Rene Furterer Antiqueda Triphasic Reacional\u00a0\u00e9 util para o cuidado antiqueda reacional (stress, p\u00f3s-parto, regimes alimentares, fadiga ou tratamentos medicamentosos). Triphasic Reacional \u00e9 o cuidado completo&hellip;<\/p>\n","protected":false},"featured_media":3431,"template":"","meta":{"_eb_attr":""},"product_cat":[15,33,24],"product_tag":[84,72],"class_list":{"0":"post-3430","1":"product","2":"type-product","3":"status-publish","4":"has-post-thumbnail","6":"product_cat-geral","7":"product_cat-campanhas","8":"product_cat-derma","9":"product_tag-antiqueda","10":"product_tag-cabelo","12":"first","13":"instock","14":"sale","15":"shipping-taxable","16":"purchasable","17":"product-type-simple","18":"customify-col"},"aioseo_notices":[],"_links":{"self":[{"href":"https:\/\/farmaciasavenidaderoma.com\/index.php?rest_route=\/wp\/v2\/product\/3430","targetHints":{"allow":["GET"]}}],"collection":[{"href":"https:\/\/farmaciasavenidaderoma.com\/index.php?rest_route=\/wp\/v2\/product"}],"about":[{"href":"https:\/\/farmaciasavenidaderoma.com\/index.php?rest_route=\/wp\/v2\/types\/product"}],"wp:featuredmedia":[{"embeddable":true,"href":"https:\/\/farmaciasavenidaderoma.com\/index.php?rest_route=\/wp\/v2\/media\/3431"}],"wp:attachment":[{"href":"https:\/\/farmaciasavenidaderoma.com\/index.php?rest_route=%2Fwp%2Fv2%2Fmedia&parent=3430"}],"wp:term":[{"taxonomy":"product_cat","embeddable":true,"href":"https:\/\/farmaciasavenidaderoma.com\/index.php?rest_route=%2Fwp%2Fv2%2Fproduct_cat&post=3430"},{"taxonomy":"product_tag","embeddable":true,"href":"https:\/\/farmaciasavenidaderoma.com\/index.php?rest_route=%2Fwp%2Fv2%2Fproduct_tag&post=3430"}],"curies":[{"name":"wp","href":"https:\/\/api.w.org\/{rel}","templated":true}]}}