{"id":3428,"date":"2024-04-23T16:58:27","date_gmt":"2024-04-23T15:58:27","guid":{"rendered":"https:\/\/farmaciasavenidaderoma.com\/?post_type=product&#038;p=3428"},"modified":"2024-04-23T17:52:23","modified_gmt":"2024-04-23T16:52:23","slug":"rene-furterer-triphasic-progressive-ampolas-champo-100ml","status":"publish","type":"product","link":"https:\/\/farmaciasavenidaderoma.com\/?product=rene-furterer-triphasic-progressive-ampolas-champo-100ml","title":{"rendered":"Rene Furterer Triphasic Progressive Ampolas + Champ\u00f4 100ml"},"content":{"rendered":"<p><b>Ren\u00e9 Furterer Triphasic Progressive\u00a0<\/b><strong>Ampolas Antiqueda 8unid.\u00a0<\/strong><span style=\"font-weight: 400\">\u00e9 um cuidado especificamente indicado em situa\u00e7\u00f5es de queda de cabelo progressiva, hormonal ou heredit\u00e1ria. Pode ser utilizado em todos os tipos de cabelo, mesmo os mais sens\u00edveis. Esta f\u00f3rmula retarda a queda de cabelo, preserva a fibra capilar e d\u00e1 espessura ao cabelo.\u00a0<\/span><\/p>\n<p><span style=\"font-weight: 400\">Os resultados s\u00e3o vis\u00edveis logo a partir do primeiro m\u00eas \u2014 a espessura do cabelo aumenta e fica mais preenchido. Pode utiliz\u00e1-lo ap\u00f3s o champ\u00f4 como cuidado intensivo ou como cuidado de longa dura\u00e7\u00e3o. Dermatologicamente testado.\u00a0\u00a0<\/span><\/p>\n<p><span style=\"font-weight: 400\">F\u00f3rmula com 98% de ingredientes de origem natural:\u00a0<\/span><\/p>\n<ul>\n<li style=\"font-weight: 400\"><span style=\"font-weight: 400\">Extrato de Pfaffia (ginseng brasileiro) \u2014 estimula a microcircula\u00e7\u00e3o para os cabelos crescerem de forma forte e saud\u00e1vel. Este ingrediente prov\u00e9m de uma cadeia de distribui\u00e7\u00e3o de agricultura biol\u00f3gica \u00e9tica;<\/span><\/li>\n<li style=\"font-weight: 400\"><span style=\"font-weight: 400\">Biotrinina \u2014 atua nas tr\u00eas fases de vida do cabelo (nascimento, crescimento e maturidade). Estimula o crescimento e retarda a queda.<\/span><\/li>\n<\/ul>\n<p><span style=\"font-weight: 400\">F\u00f3rmula sem parabenos e silicones. Pode ser usada por homens e mulheres. Proporciona um momento de bem-estar, gra\u00e7as \u00e0 presen\u00e7a de \u00f3leos essenciais.\u00a0<\/span><\/p>\n<p><b>Ren\u00e9 Furterer Triphasic Champ\u00f4 Estimulante Antiqueda 100ml<\/b>\u00a0<strong>(OFERTA)<\/strong>\u00a0\u00e9 o complemento ideal para pessoas com queda de cabelo. Limpa suavemente e fortalece a fibra capilar. Al\u00e9m disso, fornece ingredientes nutritivos e produtores de energia essenciais para o crescimento do cabelo.<\/p>\n<p>Este cuidado tem uma particularidade: possui biosferas brancas com \u00f3leos essenciais de laranja, lavanda e alecrim. Estes ingredientes conferem propriedades estimulantes.<\/p>\n<p class=\"productDescription\">F\u00f3rmula com 90% de ingredientes de origem natural:<\/p>\n<ul>\n<li>Extrato de Pfaffia (ginseng brasileiro) \u2014 estimula a microcircula\u00e7\u00e3o para os cabelos crescerem de forma forte e saud\u00e1vel. Este ingrediente prov\u00e9m de uma cadeia de distribui\u00e7\u00e3o de agricultura biol\u00f3gica \u00e9tica;<\/li>\n<li>ATP \u2014 atua como um ativador do crescimento do cabelo.<\/li>\n<\/ul>\n<p>Este cuidado tem uma base lavante suave com textura transparente. N\u00e3o possui silicones e parabenos. Pode ser utilizado por homens e mulheres.<\/p>\n<p>&nbsp;<\/p>\n<h2><b>Resultados<\/b><\/h2>\n<p><b>Ren\u00e9 Furterer Triphasic Progressive Ampolas:<\/b><\/p>\n<ul>\n<li style=\"font-weight: 400\"><span style=\"font-weight: 400\">Limita a queda de cabelo;<\/span><\/li>\n<li style=\"font-weight: 400\"><span style=\"font-weight: 400\">Cabelos mais fortes e espessos;<\/span><\/li>\n<li style=\"font-weight: 400\"><span style=\"font-weight: 400\">Efeito n\u00e3o gorduroso;\u00a0<\/span><\/li>\n<li style=\"font-weight: 400\"><span style=\"font-weight: 400\">Favorece a microcircula\u00e7\u00e3o e estimula o crescimento do couro cabeludo.\u00a0<\/span><\/li>\n<\/ul>\n<p>&nbsp;<\/p>\n<p><span style=\"font-weight: 400\"><b>Ren\u00e9 Furterer Triphasic Champ\u00f4 Estimulante Antiqueda:<\/b><\/span><\/p>\n<ul>\n<li>Cabelo mais forte;<\/li>\n<li>Fibra capilar refor\u00e7ada;<\/li>\n<li>Cabelos mais sedosos e brilhantes.<\/li>\n<\/ul>\n<h3><\/h3>\n<h3><b>\u00a0<\/b><\/h3>\n<h3><b>Como utilizar<\/b><\/h3>\n<p><b>Ren\u00e9 Furterer Triphasic Progressive Ampolas:<\/b><\/p>\n<ol>\n<li style=\"font-weight: 400\"><span style=\"font-weight: 400\">Frequ\u00eancia de utiliza\u00e7\u00e3o: duas vezes por semana durante 1 m\u00eas. Nos meses seguintes, basta aplicar uma vez por semana;<\/span><\/li>\n<li style=\"font-weight: 400\"><span style=\"font-weight: 400\">Lave o cabelo com o\u00a0<\/span><b>Ren\u00e9 Furterer Triphasic Champ\u00f4 Estimulante;<\/b><\/li>\n<li style=\"font-weight: 400\"><span style=\"font-weight: 400\">Ap\u00f3s a lavagem, aplique o Triphasic Progressive risca a risca no couro cabeludo limpo e h\u00famido;<\/span><\/li>\n<li style=\"font-weight: 400\"><span style=\"font-weight: 400\">Massaje em movimentos circulares usando a ponta do aplicador;<\/span><\/li>\n<li style=\"font-weight: 400\"><span style=\"font-weight: 400\">Enxague o aplicador ap\u00f3s a aplica\u00e7\u00e3o;<\/span><\/li>\n<li style=\"font-weight: 400\"><span style=\"font-weight: 400\">N\u00e3o necessita de enxaguamento.\u00a0<\/span><\/li>\n<\/ol>\n<p><b>Rotina com Ren\u00e9 Furterer Triphasic Progressive Ampolas:<\/b><\/p>\n<ol>\n<li style=\"font-weight: 400\"><span style=\"font-weight: 400\">Utilize o\u00a0<\/span><b>Ren\u00e9 Furterer Triphasic Champ\u00f4<\/b><span style=\"font-weight: 400\">\u00a0diariamente como cuidado antiqueda complementar;\u00a0<\/span><\/li>\n<li style=\"font-weight: 400\"><span style=\"font-weight: 400\">De acordo com o tipo de queda de cabelo \u2014 progressiva ou reacional \u2014 pode complementar o champ\u00f4 com as ampolas\u00a0<\/span><b>Ren\u00e9 Furterer Triphasic Progressive<\/b><span style=\"font-weight: 400\">\u00a0ou\u00a0<\/span><b>Ren\u00e9 Furterer Triphasic Reacional<\/b><span style=\"font-weight: 400\">;\u00a0<\/span><\/li>\n<li style=\"font-weight: 400\"><span style=\"font-weight: 400\">Para um tratamento global contra a queda de cabelo, pode optar pela toma de um suplemento alimentar como o\u00a0<\/span><b>Ren\u00e9 Furterer Vitalfan Antiqueda Progressivo<\/b><span style=\"font-weight: 400\">\u00a0ou o\u00a0<\/span><b>Ren\u00e9 Furterer Vitalfan Antiqueda Reacional\u00a0<\/b><span style=\"font-weight: 400\">(de acordo com o seu tipo de queda).\u00a0<\/span><\/li>\n<\/ol>\n<p><span style=\"font-weight: 400\"><b>Ren\u00e9 Furterer Triphasic Champ\u00f4 Estimulante Antiqueda:<\/b><\/span><\/p>\n<ol>\n<li>Cuidado de uso frequente;<\/li>\n<li>Aplique no couro cabeludo molhado;<\/li>\n<li>Emulsione e massaje com movimentos circulares;<\/li>\n<li>Aguarde entre 1 a 3 minutos;<\/li>\n<li>Enxague abundantemente com \u00e1gua.<\/li>\n<\/ol>\n<p><strong>Rotina com Ren\u00e9 Furterer Triphasic Champ\u00f4 Antiqueda:<\/strong><\/p>\n<ol>\n<li>Utilize o\u00a0<b>Ren\u00e9 Furterer Triphasic Champ\u00f4<\/b>\u00a0diariamente como cuidado antiqueda complementar;<\/li>\n<li>De acordo com o tipo de queda de cabelo \u2014 progressiva ou reacional \u2014 pode complementar o champ\u00f4 com as ampolas\u00a0<b>Ren\u00e9 Furterer Triphasic Progressive<\/b>\u00a0ou\u00a0<b>Ren\u00e9 Furterer Triphasic Reacional<\/b>;<\/li>\n<li>Para um tratamento global contra a queda de cabelo, pode optar pela toma de um suplemento alimentar como o\u00a0<b>Ren\u00e9 Furterer Vitalfan Antiqueda Progressivo<\/b>\u00a0ou o\u00a0<b>Ren\u00e9 Furterer Vitalfan Antiqueda Reacional\u00a0<\/b>(de acordo com o seu tipo de queda).<\/li>\n<\/ol>\n","protected":false},"excerpt":{"rendered":"<p>Ren\u00e9 Furterer Triphasic Progressive\u00a0Ampolas Antiqueda 8unid.\u00a0\u00e9 um cuidado especificamente indicado em situa\u00e7\u00f5es de queda de cabelo progressiva, hormonal ou heredit\u00e1ria. Pode ser utilizado em todos&hellip;<\/p>\n","protected":false},"featured_media":3429,"template":"","meta":{"_eb_attr":""},"product_cat":[15,33,24],"product_tag":[84,72],"class_list":{"0":"post-3428","1":"product","2":"type-product","3":"status-publish","4":"has-post-thumbnail","6":"product_cat-geral","7":"product_cat-campanhas","8":"product_cat-derma","9":"product_tag-antiqueda","10":"product_tag-cabelo","12":"first","13":"instock","14":"sale","15":"shipping-taxable","16":"purchasable","17":"product-type-simple","18":"customify-col"},"aioseo_notices":[],"_links":{"self":[{"href":"https:\/\/farmaciasavenidaderoma.com\/index.php?rest_route=\/wp\/v2\/product\/3428","targetHints":{"allow":["GET"]}}],"collection":[{"href":"https:\/\/farmaciasavenidaderoma.com\/index.php?rest_route=\/wp\/v2\/product"}],"about":[{"href":"https:\/\/farmaciasavenidaderoma.com\/index.php?rest_route=\/wp\/v2\/types\/product"}],"wp:featuredmedia":[{"embeddable":true,"href":"https:\/\/farmaciasavenidaderoma.com\/index.php?rest_route=\/wp\/v2\/media\/3429"}],"wp:attachment":[{"href":"https:\/\/farmaciasavenidaderoma.com\/index.php?rest_route=%2Fwp%2Fv2%2Fmedia&parent=3428"}],"wp:term":[{"taxonomy":"product_cat","embeddable":true,"href":"https:\/\/farmaciasavenidaderoma.com\/index.php?rest_route=%2Fwp%2Fv2%2Fproduct_cat&post=3428"},{"taxonomy":"product_tag","embeddable":true,"href":"https:\/\/farmaciasavenidaderoma.com\/index.php?rest_route=%2Fwp%2Fv2%2Fproduct_tag&post=3428"}],"curies":[{"name":"wp","href":"https:\/\/api.w.org\/{rel}","templated":true}]}}