{"id":3412,"date":"2024-04-23T16:58:28","date_gmt":"2024-04-23T15:58:28","guid":{"rendered":"https:\/\/farmaciasavenidaderoma.com\/?post_type=product&#038;p=3412"},"modified":"2024-04-23T17:50:50","modified_gmt":"2024-04-23T16:50:50","slug":"rene-furterer-style-spray-termoprotetor-150ml","status":"publish","type":"product","link":"https:\/\/farmaciasavenidaderoma.com\/?product=rene-furterer-style-spray-termoprotetor-150ml","title":{"rendered":"Rene Furterer Style Spray Termoprotetor 150ml"},"content":{"rendered":"<div class=\"py-4 border-bottom\" data-v-b10c057c=\"\">\n<div class=\"px-4\" data-v-b10c057c=\"\">\n<div id=\"collapse-0\" class=\"collapse show\" data-v-b10c057c=\"\">\n<div class=\"fs-14 text-gray-700 font-alt mt-4\" data-v-b10c057c=\"\">\n<p><strong>Ren\u00e9 Furterer Style Spray Termo Protetor<\/strong>\u00a0\u00e9 um spray termo protetor, que hidrata, repara e protege o cabelo contra as agress\u00f5es de calor causado pelo secador e as ferramentas de styling.<\/p>\n<p>Tem uma textura em spray leve e invis\u00edvel, com uma combina\u00e7\u00e3o de ingredientes ativos de origem vegetal: complexo Thermo-Activo, extrato de jojoba e vitamina B5, para uma a\u00e7\u00e3o protetora, hidratante, regeneradora, reparadora, nutritiva e suavizante.<\/p>\n<p>Proporciona prote\u00e7\u00e3o contra o calor das ferramentes de styling (at\u00e9 220\u00baC). Mant\u00e9m a fibra capilar e preserva a beleza do cabelo. Facilita o styling. Hidrata, nutre, suaviza e repara.<\/p>\n<p>Deixa o cabelo sedoso e leve, sem pesar. Proporciona prote\u00e7\u00e3o contra o frisado e a humidade.<\/p>\n<p>Ideal para todo o tipo de cabelos.<\/p>\n<\/div>\n<\/div>\n<\/div>\n<\/div>\n<div class=\"py-4 border-bottom\" data-v-b10c057c=\"\">\n<div class=\"px-4\" data-v-b10c057c=\"\">\n<div class=\"font-weight-bolder shadow-none text-gray-850 fs-18 text-capitalize d-flex justify-content-between align-items-center not-collapsed\" role=\"button\" data-v-b10c057c=\"\" aria-expanded=\"true\" aria-controls=\"collapse-1\"><span data-v-b10c057c=\"\"><i class=\"icon-ldf-success text-primary\" data-v-b10c057c=\"\"><\/i>\u00a0Como Utilizar:<\/span><i class=\"icon icon-arrow-right text-gray-400\" data-v-b10c057c=\"\"><\/i><\/div>\n<div id=\"collapse-1\" class=\"collapse show\" data-v-b10c057c=\"\">\n<div class=\"fs-14 text-gray-700 font-alt mt-4\" data-v-b10c057c=\"\">\n<p>Vaporizar\u00a0<strong>Ren\u00e9 Furterer Style Spray Termo Protetor<\/strong>\u00a0no cabelo seco ou h\u00famido.<\/p>\n<p>Proceder com o penteado.<\/p>\n<\/div>\n<\/div>\n<\/div>\n<\/div>\n","protected":false},"excerpt":{"rendered":"<p>Ren\u00e9 Furterer Style Spray Termo Protetor\u00a0\u00e9 um spray termo protetor, que hidrata, repara e protege o cabelo contra as agress\u00f5es de calor causado pelo secador&hellip;<\/p>\n","protected":false},"featured_media":3413,"template":"","meta":{"_eb_attr":""},"product_cat":[15,33,24],"product_tag":[72],"class_list":{"0":"post-3412","1":"product","2":"type-product","3":"status-publish","4":"has-post-thumbnail","6":"product_cat-geral","7":"product_cat-campanhas","8":"product_cat-derma","9":"product_tag-cabelo","11":"first","12":"instock","13":"sale","14":"shipping-taxable","15":"purchasable","16":"product-type-simple","17":"customify-col"},"aioseo_notices":[],"_links":{"self":[{"href":"https:\/\/farmaciasavenidaderoma.com\/index.php?rest_route=\/wp\/v2\/product\/3412","targetHints":{"allow":["GET"]}}],"collection":[{"href":"https:\/\/farmaciasavenidaderoma.com\/index.php?rest_route=\/wp\/v2\/product"}],"about":[{"href":"https:\/\/farmaciasavenidaderoma.com\/index.php?rest_route=\/wp\/v2\/types\/product"}],"wp:featuredmedia":[{"embeddable":true,"href":"https:\/\/farmaciasavenidaderoma.com\/index.php?rest_route=\/wp\/v2\/media\/3413"}],"wp:attachment":[{"href":"https:\/\/farmaciasavenidaderoma.com\/index.php?rest_route=%2Fwp%2Fv2%2Fmedia&parent=3412"}],"wp:term":[{"taxonomy":"product_cat","embeddable":true,"href":"https:\/\/farmaciasavenidaderoma.com\/index.php?rest_route=%2Fwp%2Fv2%2Fproduct_cat&post=3412"},{"taxonomy":"product_tag","embeddable":true,"href":"https:\/\/farmaciasavenidaderoma.com\/index.php?rest_route=%2Fwp%2Fv2%2Fproduct_tag&post=3412"}],"curies":[{"name":"wp","href":"https:\/\/api.w.org\/{rel}","templated":true}]}}