{"id":3408,"date":"2024-04-23T16:58:29","date_gmt":"2024-04-23T15:58:29","guid":{"rendered":"https:\/\/farmaciasavenidaderoma.com\/?post_type=product&#038;p=3408"},"modified":"2024-04-23T17:49:30","modified_gmt":"2024-04-23T16:49:30","slug":"rene-furterer-style-spray-fixante-150ml","status":"publish","type":"product","link":"https:\/\/farmaciasavenidaderoma.com\/?product=rene-furterer-style-spray-fixante-150ml","title":{"rendered":"Rene Furterer Style Spray Fixante 150ml"},"content":{"rendered":"<div class=\"py-4 border-bottom\" data-v-b10c057c=\"\">\n<div class=\"px-4\" data-v-b10c057c=\"\">\n<div id=\"collapse-0\" class=\"collapse show\" data-v-b10c057c=\"\">\n<div class=\"fs-14 text-gray-700 font-alt mt-4\" data-v-b10c057c=\"\">\n<p><strong>Ren\u00e9 Furterer Style Spray Fixante\u00a0<\/strong>\u00e9 um spray estruturante de fixa\u00e7\u00e3o elevada, que fixa, define e estrutura, para um penteado de longa dura\u00e7\u00e3o.<\/p>\n<p>Tem uma textura em spray leve, de difus\u00e3o de elevada precis\u00e3o, com uma combina\u00e7\u00e3o de ingredientes ativos de origem vegetal: extrato de jojoba, vitamina B5 e resinas fixantes, para uma a\u00e7\u00e3o regenerante, reparadora, nutritiva, modelante e flexibilizante.<\/p>\n<p>De fixa\u00e7\u00e3o forte e de longa dura\u00e7\u00e3o, define e fixa o penteado. Estrutura o penteado e deixa o cabelo sublime. Proporciona prote\u00e7\u00e3o contra\u00a0a humidade e o frisado. Deixa o penteado natural, sem efeito r\u00edgido.<\/p>\n<p>Ideal para todo o tipo de cabelo.<\/p>\n<p>O cabelo fica brilhante, protegido e com um penteado\u00a0estruturado e definido.<\/p>\n<\/div>\n<\/div>\n<\/div>\n<\/div>\n<div class=\"py-4 border-bottom\" data-v-b10c057c=\"\">\n<div class=\"px-4\" data-v-b10c057c=\"\">\n<div class=\"font-weight-bolder shadow-none text-gray-850 fs-18 text-capitalize d-flex justify-content-between align-items-center not-collapsed\" role=\"button\" data-v-b10c057c=\"\" aria-expanded=\"true\" aria-controls=\"collapse-1\"><span data-v-b10c057c=\"\"><i class=\"icon-ldf-success text-primary\" data-v-b10c057c=\"\"><\/i>\u00a0Como Utilizar:<\/span><i class=\"icon icon-arrow-right text-gray-400\" data-v-b10c057c=\"\"><\/i><\/div>\n<div id=\"collapse-1\" class=\"collapse show\" data-v-b10c057c=\"\">\n<div class=\"fs-14 text-gray-700 font-alt mt-4\" data-v-b10c057c=\"\">\n<p>Para obter um efeito natural, pulverize o produto mantendo o bra\u00e7o em movimento<\/p>\n<\/div>\n<\/div>\n<\/div>\n<\/div>\n","protected":false},"excerpt":{"rendered":"<p>Ren\u00e9 Furterer Style Spray Fixante\u00a0\u00e9 um spray estruturante de fixa\u00e7\u00e3o elevada, que fixa, define e estrutura, para um penteado de longa dura\u00e7\u00e3o. Tem uma textura&hellip;<\/p>\n","protected":false},"featured_media":3409,"template":"","meta":{"_eb_attr":""},"product_cat":[15,33,24],"product_tag":[72],"class_list":{"0":"post-3408","1":"product","2":"type-product","3":"status-publish","4":"has-post-thumbnail","6":"product_cat-geral","7":"product_cat-campanhas","8":"product_cat-derma","9":"product_tag-cabelo","11":"first","12":"instock","13":"sale","14":"shipping-taxable","15":"purchasable","16":"product-type-simple","17":"customify-col"},"aioseo_notices":[],"_links":{"self":[{"href":"https:\/\/farmaciasavenidaderoma.com\/index.php?rest_route=\/wp\/v2\/product\/3408","targetHints":{"allow":["GET"]}}],"collection":[{"href":"https:\/\/farmaciasavenidaderoma.com\/index.php?rest_route=\/wp\/v2\/product"}],"about":[{"href":"https:\/\/farmaciasavenidaderoma.com\/index.php?rest_route=\/wp\/v2\/types\/product"}],"wp:featuredmedia":[{"embeddable":true,"href":"https:\/\/farmaciasavenidaderoma.com\/index.php?rest_route=\/wp\/v2\/media\/3409"}],"wp:attachment":[{"href":"https:\/\/farmaciasavenidaderoma.com\/index.php?rest_route=%2Fwp%2Fv2%2Fmedia&parent=3408"}],"wp:term":[{"taxonomy":"product_cat","embeddable":true,"href":"https:\/\/farmaciasavenidaderoma.com\/index.php?rest_route=%2Fwp%2Fv2%2Fproduct_cat&post=3408"},{"taxonomy":"product_tag","embeddable":true,"href":"https:\/\/farmaciasavenidaderoma.com\/index.php?rest_route=%2Fwp%2Fv2%2Fproduct_tag&post=3408"}],"curies":[{"name":"wp","href":"https:\/\/api.w.org\/{rel}","templated":true}]}}