{"id":3400,"date":"2024-04-23T16:58:29","date_gmt":"2024-04-23T15:58:29","guid":{"rendered":"https:\/\/farmaciasavenidaderoma.com\/?post_type=product&#038;p=3400"},"modified":"2024-04-23T17:49:43","modified_gmt":"2024-04-23T16:49:43","slug":"rene-furterer-naturia-spray-desembaracador-200ml","status":"publish","type":"product","link":"https:\/\/farmaciasavenidaderoma.com\/?product=rene-furterer-naturia-spray-desembaracador-200ml","title":{"rendered":"Rene Furterer Naturia Spray Desembara\u00e7ador 200ml"},"content":{"rendered":"<div class=\"py-4 border-bottom\" data-v-b10c057c=\"\">\n<div class=\"px-4\" data-v-b10c057c=\"\">\n<div id=\"collapse-0\" class=\"collapse show\" data-v-b10c057c=\"\">\n<div class=\"fs-14 text-gray-700 font-alt mt-4\" data-v-b10c057c=\"\">\n<p>Desembara\u00e7a suavemente sem enxaguar.<\/p>\n<p>Para toda a fam\u00edlia. desembara\u00e7ador expresso sem enxaguar.Ingredientes ativos 100% de origem natural, sem silicone, 95% de ingredientes de origem natural.<\/p>\n<p>Este spray desembara\u00e7ador pode ser usado com a frequ\u00eancia desejada para desembara\u00e7ar instantaneamente at\u00e9 os cabelos mais fr\u00e1geis, gra\u00e7as \u00e0 sua f\u00f3rmula extremamente suave com \u00f3leos essenciais de hortel\u00e3, manjeric\u00e3o e cominho.<\/p>\n<p>Perfeitamente desembara\u00e7ado, protegido e hidratado, o cabelo fica suave, brilhante e f\u00e1cil de pentear.<\/p>\n<\/div>\n<\/div>\n<\/div>\n<\/div>\n<div class=\"py-4 border-bottom\" data-v-b10c057c=\"\">\n<div class=\"px-4\" data-v-b10c057c=\"\">\n<div class=\"font-weight-bolder shadow-none text-gray-850 fs-18 text-capitalize d-flex justify-content-between align-items-center not-collapsed\" role=\"button\" data-v-b10c057c=\"\" aria-expanded=\"true\" aria-controls=\"collapse-1\"><span data-v-b10c057c=\"\"><i class=\"icon-ldf-success text-primary\" data-v-b10c057c=\"\"><\/i>\u00a0Como Utilizar:<\/span><i class=\"icon icon-arrow-right text-gray-400\" data-v-b10c057c=\"\"><\/i><\/div>\n<div id=\"collapse-1\" class=\"collapse show\" data-v-b10c057c=\"\">\n<div class=\"fs-14 text-gray-700 font-alt mt-4\" data-v-b10c057c=\"\">\n<p>Pulverizar todo o cabelo seco ou seco com uma toalha. N\u00e3o enxaguar. Utilizar as vezes que forem necess\u00e1rias.<\/p>\n<\/div>\n<\/div>\n<\/div>\n<\/div>\n","protected":false},"excerpt":{"rendered":"<p>Desembara\u00e7a suavemente sem enxaguar. Para toda a fam\u00edlia. desembara\u00e7ador expresso sem enxaguar.Ingredientes ativos 100% de origem natural, sem silicone, 95% de ingredientes de origem natural.&hellip;<\/p>\n","protected":false},"featured_media":3401,"template":"","meta":{"_eb_attr":""},"product_cat":[15,33,24],"product_tag":[72],"class_list":{"0":"post-3400","1":"product","2":"type-product","3":"status-publish","4":"has-post-thumbnail","6":"product_cat-geral","7":"product_cat-campanhas","8":"product_cat-derma","9":"product_tag-cabelo","11":"first","12":"instock","13":"sale","14":"shipping-taxable","15":"purchasable","16":"product-type-simple","17":"customify-col"},"aioseo_notices":[],"_links":{"self":[{"href":"https:\/\/farmaciasavenidaderoma.com\/index.php?rest_route=\/wp\/v2\/product\/3400","targetHints":{"allow":["GET"]}}],"collection":[{"href":"https:\/\/farmaciasavenidaderoma.com\/index.php?rest_route=\/wp\/v2\/product"}],"about":[{"href":"https:\/\/farmaciasavenidaderoma.com\/index.php?rest_route=\/wp\/v2\/types\/product"}],"wp:featuredmedia":[{"embeddable":true,"href":"https:\/\/farmaciasavenidaderoma.com\/index.php?rest_route=\/wp\/v2\/media\/3401"}],"wp:attachment":[{"href":"https:\/\/farmaciasavenidaderoma.com\/index.php?rest_route=%2Fwp%2Fv2%2Fmedia&parent=3400"}],"wp:term":[{"taxonomy":"product_cat","embeddable":true,"href":"https:\/\/farmaciasavenidaderoma.com\/index.php?rest_route=%2Fwp%2Fv2%2Fproduct_cat&post=3400"},{"taxonomy":"product_tag","embeddable":true,"href":"https:\/\/farmaciasavenidaderoma.com\/index.php?rest_route=%2Fwp%2Fv2%2Fproduct_tag&post=3400"}],"curies":[{"name":"wp","href":"https:\/\/api.w.org\/{rel}","templated":true}]}}