{"id":3164,"date":"2024-03-27T18:14:27","date_gmt":"2024-03-27T18:14:27","guid":{"rendered":"https:\/\/farmaciasavenidaderoma.com\/?post_type=product&#038;p=3164"},"modified":"2024-04-26T12:32:42","modified_gmt":"2024-04-26T11:32:42","slug":"klorane-mascara-manteiga-manga-150ml","status":"publish","type":"product","link":"https:\/\/farmaciasavenidaderoma.com\/?product=klorane-mascara-manteiga-manga-150ml","title":{"rendered":"Klorane M\u00e1scara Manteiga Manga 150ml"},"content":{"rendered":"<p>Klorane M\u00e1scara Reparadora Nutri\u00e7\u00e3o Intensa com manteiga de manga foi formulada com o objetivo de nutrir e reparar em profundidade os cabelos mais desidratados e danificados.<\/p>\n<p>Reestrutura e hidrata de uma forma duradoura e profunda a haste capilar e fecha as escamas da cut\u00edcula tornando o cabelo mais resistente as agress\u00f5es externas.<\/p>\n<p>Hipoalerg\u00e9nico.<\/p>\n","protected":false},"excerpt":{"rendered":"<p>Klorane M\u00e1scara Reparadora Nutri\u00e7\u00e3o Intensa com manteiga de manga foi formulada com o objetivo de nutrir e reparar em profundidade os cabelos mais desidratados e&hellip;<\/p>\n","protected":false},"featured_media":3165,"template":"","meta":{"_eb_attr":""},"product_cat":[15,33,24],"product_tag":[72],"class_list":{"0":"post-3164","1":"product","2":"type-product","3":"status-publish","4":"has-post-thumbnail","6":"product_cat-geral","7":"product_cat-campanhas","8":"product_cat-derma","9":"product_tag-cabelo","11":"first","12":"instock","13":"sale","14":"shipping-taxable","15":"purchasable","16":"product-type-simple","17":"customify-col"},"aioseo_notices":[],"_links":{"self":[{"href":"https:\/\/farmaciasavenidaderoma.com\/index.php?rest_route=\/wp\/v2\/product\/3164","targetHints":{"allow":["GET"]}}],"collection":[{"href":"https:\/\/farmaciasavenidaderoma.com\/index.php?rest_route=\/wp\/v2\/product"}],"about":[{"href":"https:\/\/farmaciasavenidaderoma.com\/index.php?rest_route=\/wp\/v2\/types\/product"}],"wp:featuredmedia":[{"embeddable":true,"href":"https:\/\/farmaciasavenidaderoma.com\/index.php?rest_route=\/wp\/v2\/media\/3165"}],"wp:attachment":[{"href":"https:\/\/farmaciasavenidaderoma.com\/index.php?rest_route=%2Fwp%2Fv2%2Fmedia&parent=3164"}],"wp:term":[{"taxonomy":"product_cat","embeddable":true,"href":"https:\/\/farmaciasavenidaderoma.com\/index.php?rest_route=%2Fwp%2Fv2%2Fproduct_cat&post=3164"},{"taxonomy":"product_tag","embeddable":true,"href":"https:\/\/farmaciasavenidaderoma.com\/index.php?rest_route=%2Fwp%2Fv2%2Fproduct_tag&post=3164"}],"curies":[{"name":"wp","href":"https:\/\/api.w.org\/{rel}","templated":true}]}}