{"id":3144,"date":"2024-03-27T18:14:28","date_gmt":"2024-03-27T18:14:28","guid":{"rendered":"https:\/\/farmaciasavenidaderoma.com\/?post_type=product&#038;p=3144"},"modified":"2024-04-26T12:31:17","modified_gmt":"2024-04-26T11:31:17","slug":"klorane-balsamo-oliveira-200ml","status":"publish","type":"product","link":"https:\/\/farmaciasavenidaderoma.com\/?product=klorane-balsamo-oliveira-200ml","title":{"rendered":"Klorane B\u00e1lsamo Oliveira 200ml"},"content":{"rendered":"<p>Klorane Capilar B\u00e1lsamo Ess\u00eancia de Oliveira \u00e9 um condicionador antienvelhecimento, suavizante e protetor que restaura o equil\u00edbrio natural do cabelo e facilita o desembara\u00e7ar\u2026<\/p>\n","protected":false},"excerpt":{"rendered":"<p>Klorane Capilar B\u00e1lsamo Ess\u00eancia de Oliveira \u00e9 um condicionador antienvelhecimento, suavizante e protetor que restaura o equil\u00edbrio natural do cabelo e facilita o desembara\u00e7ar\u2026<\/p>\n","protected":false},"featured_media":3145,"template":"","meta":{"_eb_attr":""},"product_cat":[15,33,24],"product_tag":[72],"class_list":{"0":"post-3144","1":"product","2":"type-product","3":"status-publish","4":"has-post-thumbnail","6":"product_cat-geral","7":"product_cat-campanhas","8":"product_cat-derma","9":"product_tag-cabelo","11":"first","12":"instock","13":"sale","14":"shipping-taxable","15":"purchasable","16":"product-type-simple","17":"customify-col"},"aioseo_notices":[],"_links":{"self":[{"href":"https:\/\/farmaciasavenidaderoma.com\/index.php?rest_route=\/wp\/v2\/product\/3144","targetHints":{"allow":["GET"]}}],"collection":[{"href":"https:\/\/farmaciasavenidaderoma.com\/index.php?rest_route=\/wp\/v2\/product"}],"about":[{"href":"https:\/\/farmaciasavenidaderoma.com\/index.php?rest_route=\/wp\/v2\/types\/product"}],"wp:featuredmedia":[{"embeddable":true,"href":"https:\/\/farmaciasavenidaderoma.com\/index.php?rest_route=\/wp\/v2\/media\/3145"}],"wp:attachment":[{"href":"https:\/\/farmaciasavenidaderoma.com\/index.php?rest_route=%2Fwp%2Fv2%2Fmedia&parent=3144"}],"wp:term":[{"taxonomy":"product_cat","embeddable":true,"href":"https:\/\/farmaciasavenidaderoma.com\/index.php?rest_route=%2Fwp%2Fv2%2Fproduct_cat&post=3144"},{"taxonomy":"product_tag","embeddable":true,"href":"https:\/\/farmaciasavenidaderoma.com\/index.php?rest_route=%2Fwp%2Fv2%2Fproduct_tag&post=3144"}],"curies":[{"name":"wp","href":"https:\/\/api.w.org\/{rel}","templated":true}]}}