{"id":3140,"date":"2024-03-27T18:14:28","date_gmt":"2024-03-27T18:14:28","guid":{"rendered":"https:\/\/farmaciasavenidaderoma.com\/?post_type=product&#038;p=3140"},"modified":"2024-04-26T12:30:28","modified_gmt":"2024-04-26T11:30:28","slug":"klorane-capilar-peonia-serum-sos-calmante-100ml","status":"publish","type":"product","link":"https:\/\/farmaciasavenidaderoma.com\/?product=klorane-capilar-peonia-serum-sos-calmante-100ml","title":{"rendered":"Klorane Capilar Pe\u00f3nia S\u00e9rum SOS Calmante 100ml"},"content":{"rendered":"<p>Klorane Pe\u00f3nia Bio S\u00e9rum SOS\u00a0ajuda a hidratar, acalmar e refrescar a sensibilidade do couro cabeludo.<br \/>\nExtrato de flor de pe\u00f3nia da China bio, para uma a\u00e7\u00e3o apaziguante, anti-irritante, antioxidante e suavizante.<br \/>\nEquilibra o pH fisiol\u00f3gico natural.<br \/>\nProporciona uma sensa\u00e7\u00e3o de conforto imediato.<br \/>\nProtege contra as agress\u00f5es externas di\u00e1rias Hidrata o couro cabeludo.<br \/>\nDeixa o cabelo solto, suave e flex\u00edvel, com um brilho intenso.<br \/>\nN\u00e3o deixa o cabelo oleoso Ideal para couro cabeludo sens\u00edvel, irritado e com comich\u00e3o.<br \/>\nPerfume relaxante e delicado a flor de pe\u00f3nia.<br \/>\nF\u00f3rmula em s\u00e9rum aquoso concentrado, com 97% de ativos naturais.<br \/>\nCouro cabeludo fresco, confortado e relaxado.<\/p>\n","protected":false},"excerpt":{"rendered":"<p>Klorane Pe\u00f3nia Bio S\u00e9rum SOS\u00a0ajuda a hidratar, acalmar e refrescar a sensibilidade do couro cabeludo. Extrato de flor de pe\u00f3nia da China bio, para uma&hellip;<\/p>\n","protected":false},"featured_media":3141,"template":"","meta":{"_eb_attr":""},"product_cat":[15,33,24],"product_tag":[72],"class_list":{"0":"post-3140","1":"product","2":"type-product","3":"status-publish","4":"has-post-thumbnail","6":"product_cat-geral","7":"product_cat-campanhas","8":"product_cat-derma","9":"product_tag-cabelo","11":"first","12":"instock","13":"sale","14":"shipping-taxable","15":"purchasable","16":"product-type-simple","17":"customify-col"},"aioseo_notices":[],"_links":{"self":[{"href":"https:\/\/farmaciasavenidaderoma.com\/index.php?rest_route=\/wp\/v2\/product\/3140","targetHints":{"allow":["GET"]}}],"collection":[{"href":"https:\/\/farmaciasavenidaderoma.com\/index.php?rest_route=\/wp\/v2\/product"}],"about":[{"href":"https:\/\/farmaciasavenidaderoma.com\/index.php?rest_route=\/wp\/v2\/types\/product"}],"wp:featuredmedia":[{"embeddable":true,"href":"https:\/\/farmaciasavenidaderoma.com\/index.php?rest_route=\/wp\/v2\/media\/3141"}],"wp:attachment":[{"href":"https:\/\/farmaciasavenidaderoma.com\/index.php?rest_route=%2Fwp%2Fv2%2Fmedia&parent=3140"}],"wp:term":[{"taxonomy":"product_cat","embeddable":true,"href":"https:\/\/farmaciasavenidaderoma.com\/index.php?rest_route=%2Fwp%2Fv2%2Fproduct_cat&post=3140"},{"taxonomy":"product_tag","embeddable":true,"href":"https:\/\/farmaciasavenidaderoma.com\/index.php?rest_route=%2Fwp%2Fv2%2Fproduct_tag&post=3140"}],"curies":[{"name":"wp","href":"https:\/\/api.w.org\/{rel}","templated":true}]}}