{"id":3132,"date":"2024-03-27T18:14:29","date_gmt":"2024-03-27T18:14:29","guid":{"rendered":"https:\/\/farmaciasavenidaderoma.com\/?post_type=product&#038;p=3132"},"modified":"2024-04-26T12:29:34","modified_gmt":"2024-04-26T11:29:34","slug":"klorane-capilar-balsamo-menta-aquatica-150ml","status":"publish","type":"product","link":"https:\/\/farmaciasavenidaderoma.com\/?product=klorane-capilar-balsamo-menta-aquatica-150ml","title":{"rendered":"Klorane Capilar B\u00e1lsamo Menta Aqu\u00e1tica 150ml"},"content":{"rendered":"<p>O condicionador Klorane M\u00e1ta vodn\u00ed garante ao cabelo um pentear f\u00e1cil e a nutri\u00e7\u00e3o necess\u00e1ria para um cabelo saud\u00e1vel.<\/p>\n<p>Propriedades:<br \/>\n&#8211; Facilita o pentear e o tratamento seguinte<br \/>\n&#8211; Protege contra efeitos negativos do ambiente externo<br \/>\n&#8211; Fecha a superf\u00edcie do cabelo, tornando-o mais resistente<br \/>\n&#8211; Garante um brilho radiante ao cabelo<\/p>\n<p>Como utilizar:<br \/>\nAplique no cabelo lavado com champ\u00f4. Deixe atuar durante alguns instantes e, depois, lave com \u00e1gua em abund\u00e2ncia.<\/p>\n","protected":false},"excerpt":{"rendered":"<p>O condicionador Klorane M\u00e1ta vodn\u00ed garante ao cabelo um pentear f\u00e1cil e a nutri\u00e7\u00e3o necess\u00e1ria para um cabelo saud\u00e1vel. Propriedades: &#8211; Facilita o pentear e&hellip;<\/p>\n","protected":false},"featured_media":3133,"template":"","meta":{"_eb_attr":""},"product_cat":[15,33,24],"product_tag":[72],"class_list":{"0":"post-3132","1":"product","2":"type-product","3":"status-publish","4":"has-post-thumbnail","6":"product_cat-geral","7":"product_cat-campanhas","8":"product_cat-derma","9":"product_tag-cabelo","11":"first","12":"instock","13":"sale","14":"shipping-taxable","15":"purchasable","16":"product-type-simple","17":"customify-col"},"aioseo_notices":[],"_links":{"self":[{"href":"https:\/\/farmaciasavenidaderoma.com\/index.php?rest_route=\/wp\/v2\/product\/3132","targetHints":{"allow":["GET"]}}],"collection":[{"href":"https:\/\/farmaciasavenidaderoma.com\/index.php?rest_route=\/wp\/v2\/product"}],"about":[{"href":"https:\/\/farmaciasavenidaderoma.com\/index.php?rest_route=\/wp\/v2\/types\/product"}],"wp:featuredmedia":[{"embeddable":true,"href":"https:\/\/farmaciasavenidaderoma.com\/index.php?rest_route=\/wp\/v2\/media\/3133"}],"wp:attachment":[{"href":"https:\/\/farmaciasavenidaderoma.com\/index.php?rest_route=%2Fwp%2Fv2%2Fmedia&parent=3132"}],"wp:term":[{"taxonomy":"product_cat","embeddable":true,"href":"https:\/\/farmaciasavenidaderoma.com\/index.php?rest_route=%2Fwp%2Fv2%2Fproduct_cat&post=3132"},{"taxonomy":"product_tag","embeddable":true,"href":"https:\/\/farmaciasavenidaderoma.com\/index.php?rest_route=%2Fwp%2Fv2%2Fproduct_tag&post=3132"}],"curies":[{"name":"wp","href":"https:\/\/api.w.org\/{rel}","templated":true}]}}