{"id":3114,"date":"2024-03-27T18:14:53","date_gmt":"2024-03-27T18:14:53","guid":{"rendered":"https:\/\/farmaciasavenidaderoma.com\/?post_type=product&#038;p=3114"},"modified":"2024-04-26T12:27:50","modified_gmt":"2024-04-26T11:27:50","slug":"klorane-capilar-serum-quinina-e-edelvaisse-bio-100ml","status":"publish","type":"product","link":"https:\/\/farmaciasavenidaderoma.com\/?product=klorane-capilar-serum-quinina-e-edelvaisse-bio-100ml","title":{"rendered":"Klorane Capilar S\u00e9rum Quinina e Edelvaisse Bio 100ml"},"content":{"rendered":"<p>Um concentrado da natureza que fortifica o cabelo, trava a queda e favorece o crescimento. Indicado em situa\u00e7\u00f5es de stresse, p\u00f3s-parto, fadiga, queda sazonal e hereditariedade.<\/p>\n<p>Com cuidados adaptados e direccionados, a queda de cabelo est\u00e1 longe de ser uma fatalidade. A Klorane alia a bot\u00e2nica e a ci\u00eancia para dar for\u00e7a ao cabelo desvitalizado num cuidado sem enxaguar com um complexo \u00fanico com Quinina + Edelvaisse BIO. A Quinina trava a queda enquanto o Edelvaisse BIO favorece o crescimento e regula os ciclos do cabelo. Este spray n\u00e3o oleoso, para uma vaporiza\u00e7\u00e3o f\u00e1cil. A sua a\u00e7\u00e3o fortificante \u00e9 imediata com uma efic\u00e1cia antiqueda comprovada desde o primeiro m\u00eas.<\/p>\n<p>Cabelo imediatamente fortalecido<br \/>\n+3000 cabelos em apenas 12 utiliza\u00e7\u00f5es<br \/>\nEfic\u00e1cia antiqueda desde o 1\u00ba m\u00eas<br \/>\nResultados m\u00e9dios de fototricograma em 45 indiv\u00edduos com queda de cabelo reacional, 3 aplica\u00e7\u00f5es por semana durante um m\u00eas.<br \/>\nTeste de utiliza\u00e7\u00e3o do consumidor em 66 pessoas durante 3 meses.<\/p>\n<p>Modo de Utiliza\u00e7\u00e3o<br \/>\nSobre o cabelo seco ou h\u00famido, aplicar 10 pulveriza\u00e7\u00f5es distribuidas pelo couro cabeludo. Massajar. Sem enxaguar. Recomendado 3 vezes por semana, durante 3 meses.<br \/>\n1 frasco = 3 meses de utiliza\u00e7\u00e3o<\/p>\n","protected":false},"excerpt":{"rendered":"<p>Um concentrado da natureza que fortifica o cabelo, trava a queda e favorece o crescimento. Indicado em situa\u00e7\u00f5es de stresse, p\u00f3s-parto, fadiga, queda sazonal e&hellip;<\/p>\n","protected":false},"featured_media":3115,"template":"","meta":{"_eb_attr":""},"product_cat":[15,33,24],"product_tag":[72],"class_list":{"0":"post-3114","1":"product","2":"type-product","3":"status-publish","4":"has-post-thumbnail","6":"product_cat-geral","7":"product_cat-campanhas","8":"product_cat-derma","9":"product_tag-cabelo","11":"first","12":"instock","13":"sale","14":"shipping-taxable","15":"purchasable","16":"product-type-simple","17":"customify-col"},"aioseo_notices":[],"_links":{"self":[{"href":"https:\/\/farmaciasavenidaderoma.com\/index.php?rest_route=\/wp\/v2\/product\/3114","targetHints":{"allow":["GET"]}}],"collection":[{"href":"https:\/\/farmaciasavenidaderoma.com\/index.php?rest_route=\/wp\/v2\/product"}],"about":[{"href":"https:\/\/farmaciasavenidaderoma.com\/index.php?rest_route=\/wp\/v2\/types\/product"}],"wp:featuredmedia":[{"embeddable":true,"href":"https:\/\/farmaciasavenidaderoma.com\/index.php?rest_route=\/wp\/v2\/media\/3115"}],"wp:attachment":[{"href":"https:\/\/farmaciasavenidaderoma.com\/index.php?rest_route=%2Fwp%2Fv2%2Fmedia&parent=3114"}],"wp:term":[{"taxonomy":"product_cat","embeddable":true,"href":"https:\/\/farmaciasavenidaderoma.com\/index.php?rest_route=%2Fwp%2Fv2%2Fproduct_cat&post=3114"},{"taxonomy":"product_tag","embeddable":true,"href":"https:\/\/farmaciasavenidaderoma.com\/index.php?rest_route=%2Fwp%2Fv2%2Fproduct_tag&post=3114"}],"curies":[{"name":"wp","href":"https:\/\/api.w.org\/{rel}","templated":true}]}}