{"id":2908,"date":"2024-03-27T18:17:45","date_gmt":"2024-03-27T18:17:45","guid":{"rendered":"https:\/\/farmaciasavenidaderoma.com\/?post_type=product&#038;p=2908"},"modified":"2024-04-26T11:08:37","modified_gmt":"2024-04-26T10:08:37","slug":"martiderm-hair-system-ampolas-antiqueda-14-unidades","status":"publish","type":"product","link":"https:\/\/farmaciasavenidaderoma.com\/?product=martiderm-hair-system-ampolas-antiqueda-14-unidades","title":{"rendered":"Martiderm Hair System Ampolas Antiqueda &#8211; 14 unidades"},"content":{"rendered":"<p>Martiderm Hair System Ampolas Antiqueda \u00e9 um cuidado fortificante e estimulante, indicado para cabelo fr\u00e1gil, com tend\u00eancia \u00e0 queda.<\/p>\n<p>A f\u00f3rmula cont\u00e9m o complexo HGFx3, com fatores de crescimento capilar, que estimulam o crescimento do cabelo e favorecem a regenera\u00e7\u00e3o e repara\u00e7\u00e3o celular; e o complexo CLA-Glutationa com a\u00e7\u00e3o antioxidante, protetora e hidratante.<\/p>\n<p>Retarda o processo de queda de cabelo enquanto estimula o seu crescimento e fortalece a fixa\u00e7\u00e3o ao couro cabeludo.<\/p>\n<p>Textura n\u00e3o gordurosa de r\u00e1pida absor\u00e7\u00e3o.<\/p>\n<p>Testado dermatologicamente.<\/p>\n","protected":false},"excerpt":{"rendered":"<p>Martiderm Hair System Ampolas Antiqueda \u00e9 um cuidado fortificante e estimulante, indicado para cabelo fr\u00e1gil, com tend\u00eancia \u00e0 queda. A f\u00f3rmula cont\u00e9m o complexo HGFx3,&hellip;<\/p>\n","protected":false},"featured_media":2909,"template":"","meta":{"_eb_attr":""},"product_cat":[15,33,24],"product_tag":[72],"class_list":{"0":"post-2908","1":"product","2":"type-product","3":"status-publish","4":"has-post-thumbnail","6":"product_cat-geral","7":"product_cat-campanhas","8":"product_cat-derma","9":"product_tag-cabelo","11":"first","12":"instock","13":"sale","14":"shipping-taxable","15":"purchasable","16":"product-type-simple","17":"customify-col"},"aioseo_notices":[],"_links":{"self":[{"href":"https:\/\/farmaciasavenidaderoma.com\/index.php?rest_route=\/wp\/v2\/product\/2908","targetHints":{"allow":["GET"]}}],"collection":[{"href":"https:\/\/farmaciasavenidaderoma.com\/index.php?rest_route=\/wp\/v2\/product"}],"about":[{"href":"https:\/\/farmaciasavenidaderoma.com\/index.php?rest_route=\/wp\/v2\/types\/product"}],"wp:featuredmedia":[{"embeddable":true,"href":"https:\/\/farmaciasavenidaderoma.com\/index.php?rest_route=\/wp\/v2\/media\/2909"}],"wp:attachment":[{"href":"https:\/\/farmaciasavenidaderoma.com\/index.php?rest_route=%2Fwp%2Fv2%2Fmedia&parent=2908"}],"wp:term":[{"taxonomy":"product_cat","embeddable":true,"href":"https:\/\/farmaciasavenidaderoma.com\/index.php?rest_route=%2Fwp%2Fv2%2Fproduct_cat&post=2908"},{"taxonomy":"product_tag","embeddable":true,"href":"https:\/\/farmaciasavenidaderoma.com\/index.php?rest_route=%2Fwp%2Fv2%2Fproduct_tag&post=2908"}],"curies":[{"name":"wp","href":"https:\/\/api.w.org\/{rel}","templated":true}]}}