{"id":2315,"date":"2024-03-27T18:24:21","date_gmt":"2024-03-27T18:24:21","guid":{"rendered":"https:\/\/farmaciasavenidaderoma.com\/?post_type=product&#038;p=2315"},"modified":"2024-04-24T11:34:52","modified_gmt":"2024-04-24T10:34:52","slug":"frutosfibras-24-comp","status":"publish","type":"product","link":"https:\/\/farmaciasavenidaderoma.com\/?product=frutosfibras-24-comp","title":{"rendered":"Frutos&amp;Fibras 24 Comp"},"content":{"rendered":"<div class=\"page-title-wrapper product\">\n<h1 class=\"page-title\"><span style=\"color: #2d3033;font-size: 16px\">Suplemento alimentar<\/span><\/h1>\n<\/div>\n<div class=\"product-attr-atp_subtitle\"><span class=\"product subtitle product-item-subtitle\"><b>Tr\u00e2nsito intestinal<\/b><br \/>\nTr\u00e2nsito intestinal lento ocasional<br \/>\nA\u00e7\u00e3o r\u00e1pida<\/span><\/div>\n<div class=\"product attribute overview\">\n<div class=\"value\">\n<div class=\"magezon-builder\">\n<div class=\"mgz-element c5v272kn9u1b mgz-element-row full_width_row\">\n<div class=\"mgz-element-inner c5v272kn9u1b-s\">\n<div class=\"mgz-element-inner-content mgz-container\">\n<div class=\"mgz-element uj104gmmcjgv mgz-element-column\">\n<div class=\"mgz-element-inner uj104gmmcjgv-s\">\n<div class=\"mgz-element giejub3pekvv mgz-element-text\">\n<div class=\"mgz-element-inner giejub3pekvv-s\">\n<ul>\n<li>O ruibarbo ajuda a regularizar o tr\u00e2nsito intestinal<\/li>\n<li>A alcar\u00e1via ajuda em caso de incha\u00e7o abdominal<\/li>\n<li>+ Figo e tamarindo<\/li>\n<li>Rico em fibras<\/li>\n<li>Sem efeitos secund\u00e1rios.<\/li>\n<\/ul>\n<table id=\"product-attribute-specs-table\" class=\"data table additional-attributes\">\n<tbody>\n<tr>\n<th class=\"col label\" scope=\"row\">Modo de tomar<\/th>\n<td class=\"col data\" data-th=\"Modo  de tomar\">Tomar 1 comprimido \u00e0 noite com um copo de \u00e1gua grande. N\u00e3o exceder a dose di\u00e1ria recomendada.<\/td>\n<\/tr>\n<tr>\n<th class=\"col label\" scope=\"row\">Precau\u00e7\u00f5es de utiliza\u00e7\u00e3o<\/th>\n<td class=\"col data\" data-th=\"Precau\u00e7\u00f5es de utiliza\u00e7\u00e3o\">N\u00e3o recomendado em caso de hipersensibilidade ou alergia a qualquer um dos constituintes. N\u00e3o dar a crian\u00e7as com menos de 12 anos. N\u00e3o utilizar em caso de gravidez ou amamenta\u00e7\u00e3o, sem o conselho m\u00e9dico. N\u00e3o recomendada a toma por per\u00edodo prolongado. N\u00e3o recomendado em casos de obstru\u00e7\u00e3o intestinal, dor abdominal de origem desconhecida, ou qualquer doen\u00e7a inflamat\u00f3ria intestinal (apendicite, colite ulcerosa, doen\u00e7a de Crohn, s\u00edndrome do intestino irrit\u00e1vel&#8230;) e em caso de hemorr\u00f3idas. Pode ocorrer dor abdominal e c\u00f3licas. Pode originar obstru\u00e7\u00e3o esof\u00e1gica ou g\u00e1strica (principalmente em indiv\u00edduos com predisposi\u00e7\u00e3o anat\u00f3mica). Os suplementos alimentares n\u00e3o devem ser utilizados como substitutos de um regime alimentar variado, equilibrado e de um estilo de vida saud\u00e1vel. Manter fora do alcance das crian\u00e7as. A cor, cheiro e sabor podem variar, devido \u00e0s carater\u00edsticas naturais dos ingredientes, mas n\u00e3o afetam a qualidade ou a efic\u00e1cia do produto. Adequado para vegetarianos.<\/td>\n<\/tr>\n<tr>\n<th class=\"col label\" scope=\"row\">Condi\u00e7\u00f5es de armazenamento<\/th>\n<td class=\"col data\" data-th=\"Condi\u00e7\u00f5es de armazenamento\">Guardar de prefer\u00eancia em local seco, escuro e a uma temperatura entre 15 e 25\u00b0C.<\/td>\n<\/tr>\n<tr>\n<th class=\"col label\" scope=\"row\">Ingredientes<\/th>\n<td class=\"col data\" data-th=\"Ingredientes\">Extrato seco de ruibarbo estandardizado em re\u00edna (Rheum palmatum L.\/Rheum officinale Baillon; agente de volume: celulose microcristalina; fibras de ac\u00e1cia &#8211; 633 mg \/ comp.); agente de volume; celulose microcristalina; extrato seco de alcar\u00e1via (Carum carvi L. &#8211; 50 mg \/ comp.); guar em p\u00f3 (Cyamopsis tetragonoloba (L.) Taub. &#8211; 18,6 mg \/ comp.); agentes de revestimento: hidroxipropilcelulose, hidroxipropilmetilcelulose; agente antiaglomerante: sais de magn\u00e9sio de \u00e1cidos gordos; extrato seco de tamarindo (Tamarindus indica L. &#8211; 5 mg \/ comp.); figo em p\u00f3 (Ficus carica L. &#8211; 5 mg \/ comp.); corante: complexos c\u00fapricos da clorofilina.<\/td>\n<\/tr>\n<\/tbody>\n<\/table>\n<\/div>\n<\/div>\n<\/div>\n<\/div>\n<\/div>\n<\/div>\n<\/div>\n<\/div>\n<\/div>\n<\/div>\n","protected":false},"excerpt":{"rendered":"<p>Suplemento alimentar Tr\u00e2nsito intestinal Tr\u00e2nsito intestinal lento ocasional A\u00e7\u00e3o r\u00e1pida O ruibarbo ajuda a regularizar o tr\u00e2nsito intestinal A alcar\u00e1via ajuda em caso de incha\u00e7o&hellip;<\/p>\n","protected":false},"featured_media":2316,"template":"","meta":{"_eb_attr":""},"product_cat":[15,25],"product_tag":[86],"class_list":{"0":"post-2315","1":"product","2":"type-product","3":"status-publish","4":"has-post-thumbnail","6":"product_cat-geral","7":"product_cat-suplementos","8":"product_tag-sistema-digestivo","10":"first","11":"instock","12":"shipping-taxable","13":"purchasable","14":"product-type-simple","15":"customify-col"},"aioseo_notices":[],"_links":{"self":[{"href":"https:\/\/farmaciasavenidaderoma.com\/index.php?rest_route=\/wp\/v2\/product\/2315","targetHints":{"allow":["GET"]}}],"collection":[{"href":"https:\/\/farmaciasavenidaderoma.com\/index.php?rest_route=\/wp\/v2\/product"}],"about":[{"href":"https:\/\/farmaciasavenidaderoma.com\/index.php?rest_route=\/wp\/v2\/types\/product"}],"wp:featuredmedia":[{"embeddable":true,"href":"https:\/\/farmaciasavenidaderoma.com\/index.php?rest_route=\/wp\/v2\/media\/2316"}],"wp:attachment":[{"href":"https:\/\/farmaciasavenidaderoma.com\/index.php?rest_route=%2Fwp%2Fv2%2Fmedia&parent=2315"}],"wp:term":[{"taxonomy":"product_cat","embeddable":true,"href":"https:\/\/farmaciasavenidaderoma.com\/index.php?rest_route=%2Fwp%2Fv2%2Fproduct_cat&post=2315"},{"taxonomy":"product_tag","embeddable":true,"href":"https:\/\/farmaciasavenidaderoma.com\/index.php?rest_route=%2Fwp%2Fv2%2Fproduct_tag&post=2315"}],"curies":[{"name":"wp","href":"https:\/\/api.w.org\/{rel}","templated":true}]}}