{"id":2311,"date":"2024-03-27T18:24:21","date_gmt":"2024-03-27T18:24:21","guid":{"rendered":"https:\/\/farmaciasavenidaderoma.com\/?post_type=product&#038;p=2311"},"modified":"2024-04-24T11:34:10","modified_gmt":"2024-04-24T10:34:10","slug":"cistitone-ferro-60-caps","status":"publish","type":"product","link":"https:\/\/farmaciasavenidaderoma.com\/?product=cistitone-ferro-60-caps","title":{"rendered":"Cistitone Ferro 60 c\u00e1ps"},"content":{"rendered":"<p>Revitalizante do Cabelo e Unhas, A\u00e7\u00e3o Antioxidante refor\u00e7ada, Cuidado Intensivo.<br \/>\nQueda do Cabelo de diversas origens, no homem e na mulher, em particular na relacionada com defici\u00eancias em Ferro:<\/p>\n<p>Hist\u00f3ria de anemia<br \/>\nMenstrua\u00e7\u00f5es intensas<br \/>\nP\u00f3s-parto<br \/>\nMenopausa<br \/>\nDietas dr\u00e1sticas<br \/>\nAgress\u00f5es externas (stress oxidativo).<br \/>\nFragilidade capilar<br \/>\nFragilidade ungueal<\/p>\n<p>2 c\u00e1psulas por dia, imediatamente ap\u00f3s as principais refei\u00e7\u00f5es.<\/p>\n<p>Os suplementos alimentares n\u00e3o devem ser utilizados como substituto de um regime alimentar variado.<\/p>\n<p>N\u00e3o dever\u00e1 ser utilizado em caso de alergia a algum dos constituintes.<\/p>\n<p>Manter fora da vista e do alcance das crian\u00e7as.<\/p>\n<p>Conservar a menos de 30\u00ba e em local seco.<\/p>\n<p>Podem ocorrer efeitos gastrointestinais.<\/p>\n<p>Este suplemento alimentar cont\u00e9m Ferro. O Ferro em doses excessivas \u00e9 nocivo, particularmente em crian\u00e7as.<\/p>\n<p>A toma de antibioticos deve ser o mais possivel afastada da toma de suplementos de zinco e ferro.<\/p>\n","protected":false},"excerpt":{"rendered":"<p>Revitalizante do Cabelo e Unhas, A\u00e7\u00e3o Antioxidante refor\u00e7ada, Cuidado Intensivo. Queda do Cabelo de diversas origens, no homem e na mulher, em particular na relacionada&hellip;<\/p>\n","protected":false},"featured_media":2312,"template":"","meta":{"_eb_attr":""},"product_cat":[15,25],"product_tag":[72],"class_list":{"0":"post-2311","1":"product","2":"type-product","3":"status-publish","4":"has-post-thumbnail","6":"product_cat-geral","7":"product_cat-suplementos","8":"product_tag-cabelo","10":"first","11":"instock","12":"shipping-taxable","13":"purchasable","14":"product-type-simple","15":"customify-col"},"aioseo_notices":[],"_links":{"self":[{"href":"https:\/\/farmaciasavenidaderoma.com\/index.php?rest_route=\/wp\/v2\/product\/2311","targetHints":{"allow":["GET"]}}],"collection":[{"href":"https:\/\/farmaciasavenidaderoma.com\/index.php?rest_route=\/wp\/v2\/product"}],"about":[{"href":"https:\/\/farmaciasavenidaderoma.com\/index.php?rest_route=\/wp\/v2\/types\/product"}],"wp:featuredmedia":[{"embeddable":true,"href":"https:\/\/farmaciasavenidaderoma.com\/index.php?rest_route=\/wp\/v2\/media\/2312"}],"wp:attachment":[{"href":"https:\/\/farmaciasavenidaderoma.com\/index.php?rest_route=%2Fwp%2Fv2%2Fmedia&parent=2311"}],"wp:term":[{"taxonomy":"product_cat","embeddable":true,"href":"https:\/\/farmaciasavenidaderoma.com\/index.php?rest_route=%2Fwp%2Fv2%2Fproduct_cat&post=2311"},{"taxonomy":"product_tag","embeddable":true,"href":"https:\/\/farmaciasavenidaderoma.com\/index.php?rest_route=%2Fwp%2Fv2%2Fproduct_tag&post=2311"}],"curies":[{"name":"wp","href":"https:\/\/api.w.org\/{rel}","templated":true}]}}