{"id":2309,"date":"2024-03-27T18:24:21","date_gmt":"2024-03-27T18:24:21","guid":{"rendered":"https:\/\/farmaciasavenidaderoma.com\/?post_type=product&#038;p=2309"},"modified":"2024-04-24T11:33:45","modified_gmt":"2024-04-24T10:33:45","slug":"cistitone-forte-bd-60-caps","status":"publish","type":"product","link":"https:\/\/farmaciasavenidaderoma.com\/?product=cistitone-forte-bd-60-caps","title":{"rendered":"Cistitone Forte BD 60 c\u00e1ps"},"content":{"rendered":"<p>Suplemento alimentar formulado com vitaminas, minerais, amino\u00e1cidos e antioxidantes, para o cuidado intensivo da Queda do Cabelo de qualquer origem, incluindo na devida a agress\u00f5es do meio-ambiente, pela sua a\u00e7\u00e3o antioxidante refor\u00e7ada.<\/p>\n<p>F\u00f3rmula fortalecida com Vitamina D e Vitaminas do complexo B, para uma atua\u00e7\u00e3o mais completa e eficaz:<\/p>\n<p>Queda de cabelo sazonal<br \/>\nCabelo fraco, espigado e seborreico<br \/>\nUnhas fr\u00e1geis, quebradi\u00e7as e descamativas<br \/>\nComo complemento de tratamentos anti-queda<br \/>\nSem gl\u00faten \/ Sem lactose<\/p>\n<p>&nbsp;<\/p>\n<p>1 c\u00e1psula, 2 vezes por dia, imediatamente ap\u00f3s as principais refei\u00e7\u00f5es.<\/p>\n<p>Os suplementos alimentares n\u00e3o devem ser utilizados como subtitutos de um regime alimentar variado.<\/p>\n<p>N\u00e3o dever\u00e1 ser utilizado em caso de alergia a algum dos constituintes.<\/p>\n<p>Manter fora da vista e do alcance das crian\u00e7as.<\/p>\n<p>Conservar em local fresco e seco.<\/p>\n<p>N\u00e3o recomendado em crian\u00e7as com idade inferior a 12 anos.<\/p>\n<p>Podem ocorrer efeitos gastrointestinais.<\/p>\n<p>A toma de antibioticos deve ser o mais possivel afastada da toma de suplementos de zinco.<\/p>\n","protected":false},"excerpt":{"rendered":"<p>Suplemento alimentar formulado com vitaminas, minerais, amino\u00e1cidos e antioxidantes, para o cuidado intensivo da Queda do Cabelo de qualquer origem, incluindo na devida a agress\u00f5es&hellip;<\/p>\n","protected":false},"featured_media":2310,"template":"","meta":{"_eb_attr":""},"product_cat":[15,25],"product_tag":[72],"class_list":{"0":"post-2309","1":"product","2":"type-product","3":"status-publish","4":"has-post-thumbnail","6":"product_cat-geral","7":"product_cat-suplementos","8":"product_tag-cabelo","10":"first","11":"instock","12":"shipping-taxable","13":"purchasable","14":"product-type-simple","15":"customify-col"},"aioseo_notices":[],"_links":{"self":[{"href":"https:\/\/farmaciasavenidaderoma.com\/index.php?rest_route=\/wp\/v2\/product\/2309","targetHints":{"allow":["GET"]}}],"collection":[{"href":"https:\/\/farmaciasavenidaderoma.com\/index.php?rest_route=\/wp\/v2\/product"}],"about":[{"href":"https:\/\/farmaciasavenidaderoma.com\/index.php?rest_route=\/wp\/v2\/types\/product"}],"wp:featuredmedia":[{"embeddable":true,"href":"https:\/\/farmaciasavenidaderoma.com\/index.php?rest_route=\/wp\/v2\/media\/2310"}],"wp:attachment":[{"href":"https:\/\/farmaciasavenidaderoma.com\/index.php?rest_route=%2Fwp%2Fv2%2Fmedia&parent=2309"}],"wp:term":[{"taxonomy":"product_cat","embeddable":true,"href":"https:\/\/farmaciasavenidaderoma.com\/index.php?rest_route=%2Fwp%2Fv2%2Fproduct_cat&post=2309"},{"taxonomy":"product_tag","embeddable":true,"href":"https:\/\/farmaciasavenidaderoma.com\/index.php?rest_route=%2Fwp%2Fv2%2Fproduct_tag&post=2309"}],"curies":[{"name":"wp","href":"https:\/\/api.w.org\/{rel}","templated":true}]}}