{"id":2166,"date":"2024-03-18T18:07:54","date_gmt":"2024-03-18T18:07:54","guid":{"rendered":"https:\/\/farmaciasavenidaderoma.com\/?post_type=product&#038;p=2166"},"modified":"2024-04-26T15:53:46","modified_gmt":"2024-04-26T14:53:46","slug":"bioactivo-cardio-60-caps","status":"publish","type":"product","link":"https:\/\/farmaciasavenidaderoma.com\/?product=bioactivo-cardio-60-caps","title":{"rendered":"Bioactivo Cardio 60 c\u00e1ps"},"content":{"rendered":"<ul id=\"contentlist_ul\" class=\"contentlist\">\n<li>Cont\u00e9m \u00f3leo de peixe com \u00e1cidos gordos \u00f3mega-3 na forma livre, que proporcionam uma absor\u00e7\u00e3o 50% superior<\/li>\n<li>Elevada concentra\u00e7\u00e3o de \u00f3mega-3 (70%)<\/li>\n<li>Enriquecido com \u00e1cido f\u00f3lico e vitamina B<sub>12<\/sub>, que contribuem para o metabolismo normal da homociste\u00edna<\/li>\n<li>\u00d3leo de peixe em conformidade com requisitos de pureza rigorosos<\/li>\n<li>As c\u00e1psulas de gelatina mole s\u00e3o f\u00e1ceis de engolir<\/li>\n<li>Fabricado sob controlo farmac\u00eautico<\/li>\n<li>Cientificamente testado<\/li>\n<\/ul>\n<div class=\"col-1 clearfix\">\n<div class=\"contentelement clearfix \">\n<p><strong>Recomenda\u00e7\u00f5es de utiliza\u00e7\u00e3o<\/strong><br \/>\nTomar 2 c\u00e1psulas por dia, \u00e0 refei\u00e7\u00e3o, ou segundo indica\u00e7\u00e3o do m\u00e9dico. As c\u00e1psulas devem ser engolidas inteiras, com um copo de \u00e1gua.<br \/>\nN\u00e3o exceder as doses recomendadas.<\/p>\n<p>Os suplementos alimentares n\u00e3o devem ser usados como substitutos de um regime alimentar variado e equilibrado e de um estilo de vida saud\u00e1vel.<\/p>\n<p>Bom para o cora\u00e7\u00e3o e vasos sangu\u00edneos.<\/p>\n<\/div>\n<\/div>\n<div class=\"col-2 clearfix\">\n<div class=\"contentelement clearfix \">\n<p>60 C\u00e1psulas = 43 g<\/p>\n<p><strong>Ingredientes<\/strong><br \/>\n<em><strong>\u00d3leo de peixe<\/strong><\/em>\u00a0(80% na forma de \u00e1cidos gordos livres); c\u00e1psula: gelatina; humidificante: glicerol, \u00e1gua purificada; espessante: di\u00f3xido de sil\u00edcio; cacau em p\u00f3; \u00e1cido pteroilmonoglut\u00e2mico (\u00e1cido f\u00f3lico); cianocobalamina (vitamina B12)<\/p>\n<p><strong>Conserva\u00e7\u00e3o<\/strong><br \/>\nConservar \u00e0 temperatura ambiente (&lt;25\u00baC), ao abrigo da luz, do calor e da humidade.<br \/>\nManter fora do alcance e da vista das crian\u00e7as.<\/p>\n<\/div>\n<\/div>\n","protected":false},"excerpt":{"rendered":"<p>Cont\u00e9m \u00f3leo de peixe com \u00e1cidos gordos \u00f3mega-3 na forma livre, que proporcionam uma absor\u00e7\u00e3o 50% superior Elevada concentra\u00e7\u00e3o de \u00f3mega-3 (70%) Enriquecido com \u00e1cido&hellip;<\/p>\n","protected":false},"featured_media":2167,"template":"","meta":{"_eb_attr":""},"product_cat":[15,25],"product_tag":[94],"class_list":{"0":"post-2166","1":"product","2":"type-product","3":"status-publish","4":"has-post-thumbnail","6":"product_cat-geral","7":"product_cat-suplementos","8":"product_tag-vitaminas-e-minerais","10":"first","11":"instock","12":"shipping-taxable","13":"purchasable","14":"product-type-simple","15":"customify-col"},"aioseo_notices":[],"_links":{"self":[{"href":"https:\/\/farmaciasavenidaderoma.com\/index.php?rest_route=\/wp\/v2\/product\/2166","targetHints":{"allow":["GET"]}}],"collection":[{"href":"https:\/\/farmaciasavenidaderoma.com\/index.php?rest_route=\/wp\/v2\/product"}],"about":[{"href":"https:\/\/farmaciasavenidaderoma.com\/index.php?rest_route=\/wp\/v2\/types\/product"}],"wp:featuredmedia":[{"embeddable":true,"href":"https:\/\/farmaciasavenidaderoma.com\/index.php?rest_route=\/wp\/v2\/media\/2167"}],"wp:attachment":[{"href":"https:\/\/farmaciasavenidaderoma.com\/index.php?rest_route=%2Fwp%2Fv2%2Fmedia&parent=2166"}],"wp:term":[{"taxonomy":"product_cat","embeddable":true,"href":"https:\/\/farmaciasavenidaderoma.com\/index.php?rest_route=%2Fwp%2Fv2%2Fproduct_cat&post=2166"},{"taxonomy":"product_tag","embeddable":true,"href":"https:\/\/farmaciasavenidaderoma.com\/index.php?rest_route=%2Fwp%2Fv2%2Fproduct_tag&post=2166"}],"curies":[{"name":"wp","href":"https:\/\/api.w.org\/{rel}","templated":true}]}}