{"id":1870,"date":"2024-03-18T10:10:47","date_gmt":"2024-03-18T10:10:47","guid":{"rendered":"https:\/\/farmaciasavenidaderoma.com\/?post_type=product&#038;p=1870"},"modified":"2024-04-26T16:40:06","modified_gmt":"2024-04-26T15:40:06","slug":"phytocolor","status":"publish","type":"product","link":"https:\/\/farmaciasavenidaderoma.com\/?product=phytocolor","title":{"rendered":"PhytoColor"},"content":{"rendered":"<p>A primeira &#8220;colora\u00e7\u00e3o permanente com pigmentos vegetais&#8221; e sem amoniaco que associa 3 ac\u00e7\u00f5es :<\/p>\n<ul>\n<li>desempenho da cor<\/li>\n<li>respeito pelo couro cabeludo<\/li>\n<li>cuidado do cabelo<\/li>\n<\/ul>\n<p>Uma cor intensa com reflexos naturais e luminosos.<\/p>\n","protected":false},"excerpt":{"rendered":"<p>A primeira &#8220;colora\u00e7\u00e3o permanente com pigmentos vegetais&#8221; e sem amoniaco que associa 3 ac\u00e7\u00f5es : desempenho da cor respeito pelo couro cabeludo cuidado do cabelo&hellip;<\/p>\n","protected":false},"featured_media":1871,"template":"","meta":{"_eb_attr":""},"product_cat":[15,33,24],"product_tag":[72],"class_list":{"0":"post-1870","1":"product","2":"type-product","3":"status-publish","4":"has-post-thumbnail","6":"product_cat-geral","7":"product_cat-campanhas","8":"product_cat-derma","9":"product_tag-cabelo","11":"first","12":"instock","13":"sale","14":"shipping-taxable","15":"purchasable","16":"product-type-simple","17":"customify-col"},"aioseo_notices":[],"_links":{"self":[{"href":"https:\/\/farmaciasavenidaderoma.com\/index.php?rest_route=\/wp\/v2\/product\/1870","targetHints":{"allow":["GET"]}}],"collection":[{"href":"https:\/\/farmaciasavenidaderoma.com\/index.php?rest_route=\/wp\/v2\/product"}],"about":[{"href":"https:\/\/farmaciasavenidaderoma.com\/index.php?rest_route=\/wp\/v2\/types\/product"}],"wp:featuredmedia":[{"embeddable":true,"href":"https:\/\/farmaciasavenidaderoma.com\/index.php?rest_route=\/wp\/v2\/media\/1871"}],"wp:attachment":[{"href":"https:\/\/farmaciasavenidaderoma.com\/index.php?rest_route=%2Fwp%2Fv2%2Fmedia&parent=1870"}],"wp:term":[{"taxonomy":"product_cat","embeddable":true,"href":"https:\/\/farmaciasavenidaderoma.com\/index.php?rest_route=%2Fwp%2Fv2%2Fproduct_cat&post=1870"},{"taxonomy":"product_tag","embeddable":true,"href":"https:\/\/farmaciasavenidaderoma.com\/index.php?rest_route=%2Fwp%2Fv2%2Fproduct_tag&post=1870"}],"curies":[{"name":"wp","href":"https:\/\/api.w.org\/{rel}","templated":true}]}}