{"id":1841,"date":"2024-03-18T10:11:17","date_gmt":"2024-03-18T10:11:17","guid":{"rendered":"https:\/\/farmaciasavenidaderoma.com\/?post_type=product&#038;p=1841"},"modified":"2024-04-26T16:37:07","modified_gmt":"2024-04-26T15:37:07","slug":"phytophanere-duo-120-caps","status":"publish","type":"product","link":"https:\/\/farmaciasavenidaderoma.com\/?product=phytophanere-duo-120-caps","title":{"rendered":"Phytophanere Duo 120 c\u00e1ps"},"content":{"rendered":"<p>Suplemento alimentar, for\u00e7a, crescimento e volume.<\/p>\n<p>Cabelo e unhas.<\/p>\n<p>A vitamina B6\u00a0 que contibui para a s\u00edntese normal da ciste\u00edna. A biotina contribui para a manuten\u00e7\u00e3o de um cabelo normal.<\/p>\n<p>Modo de utiliza\u00e7\u00e3o: 2 c\u00e1ps por dia com um copo\u00a0 de \u00e1gua, preferencialmente de manh\u00e2.<\/p>\n<p>Advert\u00eancias: n\u00e3o exceder a toma d\u00edaria indicada.<\/p>\n<p>Os suplementos alimentares n\u00e3o s\u00e3o substitutos de um regime alimentar variado, que dever\u00e1 ser mantido.<\/p>\n<p>Manter fora do alcan\u00e7e das crian\u00e7as. N\u00e3o recomendado em caso de hipersensibilidade ou alergia a qualquer constituinte da formula\u00e7\u00e3o. N\u00e3o recomendado na gravidez e amamenta\u00e7\u00e3o.<\/p>\n<p>Precau\u00e7\u00e3o para os constituintes activos : borragem e levedura.<\/p>\n<p>Conservar em local fresco e seco, e ao abrigo da luminosidade.<\/p>\n","protected":false},"excerpt":{"rendered":"<p><br data-mce-bogus=\"1\"><\/p>\n","protected":false},"featured_media":1842,"template":"","meta":{"_eb_attr":""},"product_cat":[15,33,25],"product_tag":[72,104],"class_list":{"0":"post-1841","1":"product","2":"type-product","3":"status-publish","4":"has-post-thumbnail","6":"product_cat-geral","7":"product_cat-campanhas","8":"product_cat-suplementos","9":"product_tag-cabelo","10":"product_tag-vitaminas","12":"first","13":"instock","14":"sale","15":"shipping-taxable","16":"purchasable","17":"product-type-simple","18":"customify-col"},"aioseo_notices":[],"_links":{"self":[{"href":"https:\/\/farmaciasavenidaderoma.com\/index.php?rest_route=\/wp\/v2\/product\/1841","targetHints":{"allow":["GET"]}}],"collection":[{"href":"https:\/\/farmaciasavenidaderoma.com\/index.php?rest_route=\/wp\/v2\/product"}],"about":[{"href":"https:\/\/farmaciasavenidaderoma.com\/index.php?rest_route=\/wp\/v2\/types\/product"}],"wp:featuredmedia":[{"embeddable":true,"href":"https:\/\/farmaciasavenidaderoma.com\/index.php?rest_route=\/wp\/v2\/media\/1842"}],"wp:attachment":[{"href":"https:\/\/farmaciasavenidaderoma.com\/index.php?rest_route=%2Fwp%2Fv2%2Fmedia&parent=1841"}],"wp:term":[{"taxonomy":"product_cat","embeddable":true,"href":"https:\/\/farmaciasavenidaderoma.com\/index.php?rest_route=%2Fwp%2Fv2%2Fproduct_cat&post=1841"},{"taxonomy":"product_tag","embeddable":true,"href":"https:\/\/farmaciasavenidaderoma.com\/index.php?rest_route=%2Fwp%2Fv2%2Fproduct_tag&post=1841"}],"curies":[{"name":"wp","href":"https:\/\/api.w.org\/{rel}","templated":true}]}}