{"id":1675,"date":"2024-03-18T10:12:48","date_gmt":"2024-03-18T10:12:48","guid":{"rendered":"https:\/\/farmaciasavenidaderoma.com\/?post_type=product&#038;p=1675"},"modified":"2024-04-26T16:19:13","modified_gmt":"2024-04-26T15:19:13","slug":"la-roche-posay-effaclar-gel-limpeza-400ml","status":"publish","type":"product","link":"https:\/\/farmaciasavenidaderoma.com\/?product=la-roche-posay-effaclar-gel-limpeza-400ml","title":{"rendered":"La Roche Posay Effaclar Gel Limpeza 400ml"},"content":{"rendered":"<p>Gel de limpeza para peles oleosas com tend\u00eancia acne\u00edca.<\/p>\n<p>Purifica e equilibra o PH da pele.<\/p>\n<p>Sem \u00e1lcool.<\/p>\n","protected":false},"excerpt":{"rendered":"<p>Gel de limpeza para peles oleosas com tend\u00eancia acne\u00edca. Purifica e equilibra o PH da pele. Sem \u00e1lcool.<\/p>\n","protected":false},"featured_media":1676,"template":"","meta":{"_eb_attr":""},"product_cat":[15,33],"product_tag":[77],"class_list":{"0":"post-1675","1":"product","2":"type-product","3":"status-publish","4":"has-post-thumbnail","6":"product_cat-geral","7":"product_cat-campanhas","8":"product_tag-rosto","10":"first","11":"instock","12":"sale","13":"featured","14":"shipping-taxable","15":"purchasable","16":"product-type-simple","17":"customify-col"},"aioseo_notices":[],"_links":{"self":[{"href":"https:\/\/farmaciasavenidaderoma.com\/index.php?rest_route=\/wp\/v2\/product\/1675","targetHints":{"allow":["GET"]}}],"collection":[{"href":"https:\/\/farmaciasavenidaderoma.com\/index.php?rest_route=\/wp\/v2\/product"}],"about":[{"href":"https:\/\/farmaciasavenidaderoma.com\/index.php?rest_route=\/wp\/v2\/types\/product"}],"wp:featuredmedia":[{"embeddable":true,"href":"https:\/\/farmaciasavenidaderoma.com\/index.php?rest_route=\/wp\/v2\/media\/1676"}],"wp:attachment":[{"href":"https:\/\/farmaciasavenidaderoma.com\/index.php?rest_route=%2Fwp%2Fv2%2Fmedia&parent=1675"}],"wp:term":[{"taxonomy":"product_cat","embeddable":true,"href":"https:\/\/farmaciasavenidaderoma.com\/index.php?rest_route=%2Fwp%2Fv2%2Fproduct_cat&post=1675"},{"taxonomy":"product_tag","embeddable":true,"href":"https:\/\/farmaciasavenidaderoma.com\/index.php?rest_route=%2Fwp%2Fv2%2Fproduct_tag&post=1675"}],"curies":[{"name":"wp","href":"https:\/\/api.w.org\/{rel}","templated":true}]}}